{"id":3360,"date":"2025-10-12T17:05:39","date_gmt":"2025-10-12T10:05:39","guid":{"rendered":"https:\/\/hcbiopharm.net\/?post_type=product&#038;p=3360"},"modified":"2025-12-21T12:29:49","modified_gmt":"2025-12-21T05:29:49","slug":"breazen","status":"publish","type":"product","link":"https:\/\/hcbiopharm.net\/vi\/san-pham\/breazen\/","title":{"rendered":"H\u1ed7 tr\u1ee3 h\u00f4 h\u1ea5p"},"content":{"rendered":"<div class=\"product-container\">\n<h3>\ud83e\udde0 H\u00d2A NH\u1eb8<\/h3>\n<ul>\n<li><span class=\"highlight-underline\">Ch\u0103m s\u00f3c \u0111\u1eb7c bi\u1ec7t ph\u00f2ng ng\u1eeba \u0111\u1ed9t qu\u1ef5 v\u00e0 s\u1ee9c kh\u1ecfe n\u00e3o b\u1ed9 cao c\u1ea5p<\/span><\/li>\n<li>M\u1ed9t ch\u1ea5t c\u1ea3i thi\u1ec7n s\u1ee9c kh\u1ecfe gi\u00fap b\u1ea3o v\u1ec7 t\u1ebf b\u00e0o n\u00e3o v\u00e0 c\u1ea3i thi\u1ec7n l\u01b0u l\u01b0\u1ee3ng m\u00e1u n\u00e3o b\u1eb1ng th\u1ea3o d\u01b0\u1ee3c t\u1ef1 nhi\u00ean.<\/li>\n<\/ul>\n<h3>\u2705 \u0110\u01b0\u1ee3c khuy\u1ebfn ngh\u1ecb cho nh\u1eefng ng\u01b0\u1eddi n\u00e0y<\/h3>\n<ul>\n<li>Cha m\u1eb9&#039; <strong>S\u1ee9c kh\u1ecfe m\u1ea1ch m\u00e1u n\u00e3o<\/strong>B\u1ea5t c\u1ee9 ai lo l\u1eafng v\u1ec1 \u0111i\u1ec1u n\u00e0y<\/li>\n<li><span class=\"highlight-underline\">Nh\u1eefng ng\u01b0\u1eddi lo ng\u1ea1i v\u1ec1 \u0111\u1ed9t qu\u1ef5 (\u0111\u1ed9t qu\u1ef5 do thi\u1ebfu m\u00e1u c\u1ee5c b\u1ed9) do ti\u1ec1n s\u1eed gia \u0111\u00ecnh<\/span><\/li>\n<li>Ng\u01b0\u1eddi trung ni\u00ean v\u00e0 ng\u01b0\u1eddi l\u1edbn tu\u1ed5i b\u1ecb m\u1ea5t tr\u00ed nh\u1edb \u0111\u00e1ng k\u1ec3 v\u00e0 gi\u1ea3m kh\u1ea3 n\u0103ng t\u1eadp trung<\/li>\n<li>C\u01a1 s\u1edf t\u1ef1 nhi\u00ean an to\u00e0n <strong>S\u1ea3n ph\u1ea9m c\u00f3 th\u1ec3 s\u1eed d\u1ee5ng l\u00e2u d\u00e0i<\/strong>Nh\u1eefng ng\u01b0\u1eddi \u0111ang t\u00ecm ki\u1ebfm<\/li>\n<\/ul>\n<h3>\ud83c\udf3f Gi\u1edbi thi\u1ec7u s\u1ea3n ph\u1ea9m<\/h3>\n<ul>\n<li><strong>BREAZEN<\/strong>:<\/li>\n<li>R\u1ec5 c\u00e2y Angelica v\u00e0 <strong>Ph\u1ee9c h\u1ee3p axit chlorogenic<\/strong>B\u1ea3o v\u1ec7 t\u1ebf b\u00e0o n\u00e3o.<\/li>\n<li><span class=\"highlight-underline\">C\u00f4ng th\u1ee9c th\u1ea3o d\u01b0\u1ee3c t\u1ef1 nhi\u00ean gi\u00fap ng\u0103n ng\u1eeba \u0111\u1ed9t qu\u1ef5 do thi\u1ebfu m\u00e1u c\u1ee5c b\u1ed9<\/span> \u0110\u00e2y l\u00e0 th\u1ef1c ph\u1ea9m ch\u1ee9c n\u0103ng t\u1ed1t cho s\u1ee9c kh\u1ecfe.<\/li>\n<li><strong>Quy tr\u00ecnh s\u1ea3n xu\u1ea5t \u0111\u1ea1t ch\u1ee9ng nh\u1eadn cGMP c\u1ee7a Hoa K\u1ef3<\/strong>Ch\u00fang t\u00f4i \u0111\u00e3 \u0111\u1ea3m b\u1ea3o an to\u00e0n v\u00e0 ch\u1ea5t l\u01b0\u1ee3ng.<\/li>\n<\/ul>\n<h3>\ud83d\udc8a C\u00e1ch d\u00f9ng v\u00e0 li\u1ec1u d\u00f9ng<\/h3>\n<ul>\n<li><strong>Li\u1ec1u d\u00f9ng c\u01a1 b\u1ea3n:<\/strong> 3 vi\u00ean nang m\u1ed9t ng\u00e0y, <span class=\"highlight-underline\">U\u1ed1ng khi b\u1ee5ng \u0111\u00f3i tr\u01b0\u1edbc b\u1eefa s\u00e1ng<\/span><\/li>\n<li><strong>L\u01b0\u1ee3ng ti\u00eau th\u1ee5 thay th\u1ebf:<\/strong> M\u1edf n\u1eafp v\u00e0 cho v\u00e0o n\u01b0\u1edbc \u1ea5m v\u00e0 d\u00f9ng.<\/li>\n<li><strong>H\u01b0\u1edbng d\u1eabn v\u1ec1 s\u1ee9c ch\u1ee9a:<\/strong> 60 vi\u00ean nang m\u1ed7i l\u1ecd<\/li>\n<li><strong>th\u1eadn tr\u1ecdng:<\/strong> Kh\u00f4ng bao gi\u1edd d\u00f9ng \u0111\u1ed3ng th\u1eddi v\u1edbi cardiosol (u\u1ed1ng v\u00e0o c\u00e1c th\u1eddi \u0111i\u1ec3m kh\u00e1c nhau)<\/li>\n<li><strong>Th\u1eddi gian khuy\u1ebfn ngh\u1ecb:<\/strong> <strong>8~12 th\u00e1ng ho\u1eb7c h\u01a1n<\/strong> N\u00ean s\u1eed d\u1ee5ng th\u01b0\u1eddng xuy\u00ean<\/li>\n<\/ul>\n<h3>\ud83d\udcaa T\u00e1c d\u1ee5ng ch\u00ednh<\/h3>\n<ul>\n<li><strong>C\u1ea3i thi\u1ec7n ch\u1ee9c n\u0103ng n\u00e3o:<\/strong> <span class=\"highlight-underline\">B\u1ea3o v\u1ec7 t\u1ebf b\u00e0o n\u00e3o v\u00e0 t\u0103ng c\u01b0\u1eddng cung c\u1ea5p oxy v\u00e0 ch\u1ea5t dinh d\u01b0\u1ee1ng<\/span><\/li>\n<li><strong>Ph\u00f2ng ng\u1eeba \u0111\u1ed9t qu\u1ef5:<\/strong> Gi\u1ea3m nguy c\u01a1 \u0111\u1ed9t qu\u1ef5 do thi\u1ebfu m\u00e1u c\u1ee5c b\u1ed9 b\u1eb1ng c\u00e1ch c\u1ea3i thi\u1ec7n l\u01b0u l\u01b0\u1ee3ng m\u00e1u<\/li>\n<li><strong>T\u00e1c d\u1ee5ng ch\u1ed1ng oxy h\u00f3a v\u00e0 ch\u1ed1ng vi\u00eam:<\/strong> Lo\u1ea1i b\u1ecf oxy ho\u1ea1t \u0111\u1ed9ng, \u1ee9c ch\u1ebf vi\u00eam (ch\u1eb7n NF-\u03baB, COX-2)<\/li>\n<li><strong>Th\u00fac \u0111\u1ea9y t\u00e1i t\u1ea1o th\u1ea7n kinh:<\/strong> Th\u00fac \u0111\u1ea9y ph\u1ee5c h\u1ed3i t\u1ebf b\u00e0o th\u1ea7n kinh b\u1eb1ng c\u00e1ch k\u00edch ho\u1ea1t con \u0111\u01b0\u1eddng PI3K\/AKT\/mTOR<\/li>\n<\/ul>\n<h3>\ud83d\udd2c Th\u00e0nh ph\u1ea7n ch\u00ednh &amp; C\u01a1 ch\u1ebf ho\u1ea1t \u0111\u1ed9ng<\/h3>\n<ul>\n<li><strong>8 th\u00e0nh ph\u1ea7n th\u1ea3o d\u01b0\u1ee3c:<\/strong> B\u1ea1ch ch\u1ec9, cam th\u1ea3o, cnidium, r\u1ec5 hoa m\u1eabu \u0111\u01a1n, nh\u00e2n s\u00e2m, gastrodia elata, algyeong, rehmannia glutinosa<\/li>\n<li><span class=\"highlight-underline\">K\u00edch ho\u1ea1t c\u00e1c con \u0111\u01b0\u1eddng s\u1ed1ng c\u00f2n c\u1ee7a t\u1ebf b\u00e0o n\u00e3o v\u00e0 ng\u0103n ch\u1eb7n t\u00ecnh tr\u1ea1ng vi\u00eam<\/span>, gi\u1ea3m nh\u1ed3i m\u00e1u c\u01a1 tim<\/li>\n<li>B\u1eb1ng ch\u1ee9ng khoa h\u1ecdc: gi\u1ea3m th\u1ec3 t\u00edch nh\u1ed3i m\u00e1u n\u00e3o, ph\u1ee5c h\u1ed3i ch\u1ee9c n\u0103ng th\u1ea7n kinh, v.v. <strong>B\u1ea3o v\u1ec7 th\u1ea7n kinh<\/strong><\/li>\n<\/ul>\n<h3>\ud83c\udfc6 \u0110i\u1ec3m kh\u00e1c bi\u1ec7t c\u1ee7a Breagen<\/h3>\n<ul>\n<li><span class=\"highlight-underline\">B\u01b0\u1edbc 3: B\u1ea3o v\u1ec7 d\u00e2y th\u1ea7n kinh s\u1ecd n\u00e3o:<\/span> Ch\u1ed1ng vi\u00eam \u2192 t\u00e1i t\u1ea1o \u2192 k\u00edch ho\u1ea1t s\u1ef1 s\u1ed1ng c\u00f2n<\/li>\n<li><strong>C\u01a1 s\u1edf thu\u1ed1c th\u1ea3o d\u01b0\u1ee3c t\u1ef1 nhi\u00ean:<\/strong> Kh\u00f4ng \u0111\u01b0\u1eddng, kh\u00f4ng ch\u1ea5t ph\u1ee5 gia, th\u00edch h\u1ee3p s\u1eed d\u1ee5ng l\u00e2u d\u00e0i<\/li>\n<li><strong>S\u1ea3n xu\u1ea5t \u0111\u01b0\u1ee3c ch\u1ee9ng nh\u1eadn cGMP:<\/strong> Ti\u00eau chu\u1ea9n FDA \u0111\u1ea3m b\u1ea3o ch\u1ea5t l\u01b0\u1ee3ng cao<\/li>\n<li>Khi s\u1eed d\u1ee5ng k\u1ebft h\u1ee3p v\u1edbi cardiosol <span class=\"highlight-underline\">Qu\u1ea3n l\u00fd k\u00e9p c\u00e1c b\u1ec7nh tim m\u1ea1ch v\u00e0 m\u1ea1ch m\u00e1u n\u00e3o<\/span> kh\u1ea3 thi<\/li>\n<\/ul>\n<h3>\u26a0\ufe0f Vui l\u00f2ng ki\u1ec3m tra tr\u01b0\u1edbc khi s\u1eed d\u1ee5ng<\/h3>\n<ul>\n<li><strong>C\u1ea7n ph\u1ea3i tham kh\u1ea3o \u00fd ki\u1ebfn chuy\u00ean gia:<\/strong> B\u1ec7nh th\u1eadn, b\u1ec7nh m\u00e3n t\u00ednh, d\u1ecb \u1ee9ng<\/li>\n<li><span class=\"highlight-underline\">Khi d\u00f9ng chung cardiosol, c\u1ea7n ph\u1ea3i d\u00f9ng v\u00e0o nh\u1eefng th\u1eddi \u0111i\u1ec3m kh\u00e1c nhau.<\/span> (Bu\u1ed5i s\u00e1ng tho\u00e1ng m\u00e1t \/ Bu\u1ed5i t\u1ed1i Cardiosol)<\/li>\n<\/ul>\n<\/div>","protected":false},"excerpt":{"rendered":"<div class=\"product-container\">\n<h3>\ud83d\udccc T\u00f3m t\u1eaft s\u1ea3n ph\u1ea9m<\/h3>\n<ul>\n<li><span class=\"highlight-underline\">B\u1ea3o v\u1ec7 t\u1ebf b\u00e0o n\u00e3o v\u00e0 k\u00edch ho\u1ea1t t\u00e1i t\u1ea1o th\u1ea7n kinh<\/span><br \/>\n\u2013 C\u1ea3i thi\u1ec7n tr\u00ed nh\u1edb v\u00e0 ch\u1ee9c n\u0103ng n\u00e3o, th\u00fac \u0111\u1ea9y s\u1ee9c kh\u1ecfe n\u00e3o b\u1ed9 t\u1ed5ng th\u1ec3<\/li>\n<li><span class=\"highlight-underline\">H\u1ed7 tr\u1ee3 ph\u00f2ng ng\u1eeba \u0111\u1ed9t qu\u1ef5 thi\u1ebfu m\u00e1u c\u1ee5c b\u1ed9<\/span><br \/>\n\u2013 Gi\u1ea3m nguy c\u01a1 \u0111\u1ed9t qu\u1ef5 b\u1eb1ng c\u00e1ch c\u1ea3i thi\u1ec7n l\u01b0u l\u01b0\u1ee3ng m\u00e1u<\/li>\n<li><span class=\"highlight-underline\">T\u00e1c d\u1ee5ng hi\u1ec7p \u0111\u1ed3ng c\u1ee7a c\u00e2y \u0111\u01b0\u01a1ng quy v\u00e0 axit chlorogenic<\/span><br \/>\n\u2013 T\u00e1c \u0111\u1ed9ng ba chi\u1ec1u b\u1ea3o v\u1ec7 t\u1ebf b\u00e0o n\u00e3o, t\u00e1i t\u1ea1o th\u1ea7n kinh v\u00e0 c\u1ea3i thi\u1ec7n l\u01b0u l\u01b0\u1ee3ng m\u00e1u<\/li>\n<li><span class=\"highlight-underline\">\u0110\u01b0\u1ee3c ch\u1ee9ng nh\u1eadn cGMP + d\u1ef1a tr\u00ean thu\u1ed1c th\u1ea3o d\u01b0\u1ee3c t\u1ef1 nhi\u00ean<\/span><br \/>\n\u2013 \u0110\u1ea3m b\u1ea3o an to\u00e0n v\u00e0 hi\u1ec7u qu\u1ea3, ph\u00f9 h\u1ee3p s\u1eed d\u1ee5ng l\u00e2u d\u00e0i.<\/li>\n<\/ul>\n<\/div>","protected":false},"featured_media":3362,"template":"","format":"standard","meta":{"_acf_changed":false},"product_brand":[],"product_cat":[105,106,108],"product_tag":[],"class_list":{"0":"post-3360","1":"product","2":"type-product","3":"status-publish","4":"format-standard","5":"has-post-thumbnail","7":"product_cat-105","8":"product_cat-106","9":"product_cat-108","11":"first","12":"instock","13":"featured","14":"shipping-taxable","15":"purchasable","16":"product-type-simple"},"acf":[],"_links":{"self":[{"href":"https:\/\/hcbiopharm.net\/vi\/wp-json\/wp\/v2\/product\/3360","targetHints":{"allow":["GET"]}}],"collection":[{"href":"https:\/\/hcbiopharm.net\/vi\/wp-json\/wp\/v2\/product"}],"about":[{"href":"https:\/\/hcbiopharm.net\/vi\/wp-json\/wp\/v2\/types\/product"}],"wp:featuredmedia":[{"embeddable":true,"href":"https:\/\/hcbiopharm.net\/vi\/wp-json\/wp\/v2\/media\/3362"}],"wp:attachment":[{"href":"https:\/\/hcbiopharm.net\/vi\/wp-json\/wp\/v2\/media?parent=3360"}],"wp:term":[{"taxonomy":"product_brand","embeddable":true,"href":"https:\/\/hcbiopharm.net\/vi\/wp-json\/wp\/v2\/product_brand?post=3360"},{"taxonomy":"product_cat","embeddable":true,"href":"https:\/\/hcbiopharm.net\/vi\/wp-json\/wp\/v2\/product_cat?post=3360"},{"taxonomy":"product_tag","embeddable":true,"href":"https:\/\/hcbiopharm.net\/vi\/wp-json\/wp\/v2\/product_tag?post=3360"}],"curies":[{"name":"wp","href":"https:\/\/api.w.org\/{rel}","templated":true}]}}