{"id":2423,"date":"2025-10-02T02:40:43","date_gmt":"2025-10-02T02:40:43","guid":{"rendered":"https:\/\/hcbiopharm.net\/?post_type=product&#038;p=2423"},"modified":"2025-10-12T17:35:28","modified_gmt":"2025-10-12T10:35:28","slug":"bone","status":"publish","type":"product","link":"https:\/\/hcbiopharm.net\/vi\/san-pham\/bone\/","title":{"rendered":"B\u1ed5 tr\u1ee3 x\u01b0\u01a1ng kh\u1edbp"},"content":{"rendered":"<div class=\"product-container\">\n<h3>Thu\u1ed1c c\u1ea3i thi\u1ec7n s\u1ee9c kh\u1ecfe s\u1ee5n v\u00e0 kh\u1edbp cao c\u1ea5p ARCHIBONE<\/h3>\n<ul>\n<li><span class=\"highlight-underline\">\u0110\u00e2y kh\u00f4ng ph\u1ea3i l\u00e0 ph\u01b0\u01a1ng ph\u00e1p t\u1ea1m th\u1eddi ch\u1ec9 c\u00f3 t\u00e1c d\u1ee5ng d\u1ee9t c\u01a1n \u0111au nh\u01b0 thu\u1ed1c gi\u1ea3m \u0111au.<\/span>,<\/li>\n<li><span class=\"highlight-underline\">T\u00e1i t\u1ea1o s\u1ee5n<\/span>, <span class=\"highlight-underline\">Ch\u1ed1ng vi\u00eam<\/span>, <span class=\"highlight-underline\">T\u0103ng c\u01b0\u1eddng m\u1eadt \u0111\u1ed9 x\u01b0\u01a1ng<\/span>.<\/li>\n<li>\u0110\u00e2y l\u00e0 th\u1ef1c ph\u1ea9m ch\u1ee9c n\u0103ng cao c\u1ea5p cho s\u1ee9c kh\u1ecfe kh\u1edbp nh\u1eb1m m\u1ee5c \u0111\u00edch c\u1ea3i thi\u1ec7n c\u01a1 b\u1ea3n.<\/li>\n<\/ul>\n<h3>\ud83c\udf1f Gi\u1edbi thi\u1ec7u s\u1ea3n ph\u1ea9m<\/h3>\n<ul>\n<li><span class=\"highlight-underline\">Ba c\u00f4ng d\u1ee5ng n\u1ed5i b\u1eadt<\/span>: Qu\u1ea3n l\u00fd s\u1ee5n, t\u00ecnh tr\u1ea1ng vi\u00eam v\u00e0 m\u1eadt \u0111\u1ed9 x\u01b0\u01a1ng<\/li>\n<li><span class=\"highlight-underline\">D\u1ef1a tr\u00ean c\u00e1c th\u00e0nh ph\u1ea7n th\u1ea3o d\u01b0\u1ee3c t\u1ef1 nhi\u00ean<\/span> An to\u00e0n khi s\u1eed d\u1ee5ng l\u00e2u d\u00e0i<\/li>\n<li><span class=\"highlight-underline\">\u2022 S\u1ea3n ph\u1ea9m \u0111\u00e3 \u0111\u0103ng k\u00fd OTC c\u1ee7a FDA Hoa K\u1ef3 (80353-196-01)<\/span><\/li>\n<\/ul>\n<h3>\ud83d\udcd6 T\u00f4i c\u00f3 c\u1ea7n n\u00f3 kh\u00f4ng? <\/h3>\n<ul>\n<li><strong>C\u1ea7n ch\u1ee9! -<\/strong> B\u1ea1n c\u00f3 c\u1ea3m th\u1ea5y \u0111au khi leo c\u1ea7u thang ho\u1eb7c qu\u1ef3 g\u1ed1i kh\u00f4ng?<\/li>\n<li>Gi\u1edd \u0111\u00e2y s\u1ea3n ph\u1ea9m kh\u00f4ng ch\u1ec9 l\u00e0 m\u1ed9t lo\u1ea1i thu\u1ed1c gi\u1ea3m \u0111au \u0111\u01a1n gi\u1ea3n, <span class=\"highlight-underline\">\u0110\u00e2y l\u00e0 m\u1ed9t gi\u1ea3i ph\u00e1p ph\u1ee5c h\u1ed3i c\u00e1c ch\u1ee9c n\u0103ng c\u01a1 b\u1ea3n c\u1ee7a c\u01a1 th\u1ec3<\/span>.Gi\u1edd ch\u00ednh l\u00e0 l\u00fac c\u1ea7n \u0111\u1ebfn s\u1ea3n ph\u1ea9m.<\/li>\n<li><strong>T\u1ea1i sao s\u1ea3n ph\u1ea9m \u0111\u1eb7c bi\u1ec7t? \u2013<\/strong> Archibone l\u00e0 gi\u00fap <span class=\"highlight-underline\">T\u00e1i t\u1ea1o s\u1ee5n, gi\u1ea3m vi\u00eam v\u00e0 c\u1ea3i thi\u1ec7n m\u1eadt \u0111\u1ed9 x\u01b0\u01a1ng<\/span>.\n<li>Thu\u1ed1c th\u1ea3o d\u01b0\u1ee3c t\u1ef1 nhi\u00ean d\u1ef1a tr\u00ean <strong>Gi\u1ea3i ph\u00e1p cao c\u1ea5p cho kh\u1edbp<\/strong>cho th\u1ea5y \u0111\u01b0\u1ee3c hi\u1ec7u qu\u1ea3 r\u00f5 r\u1ec7t.<\/li>\n<li><strong>B\u1ea1n c\u0169ng c\u1ea3m th\u1ea5y?. \u2013<\/strong> \u0110\u1ea7u g\u1ed1i c\u1ee7a t\u00f4i kh\u00f4ng b\u1ecb c\u1ee9ng v\u00e0o bu\u1ed5i s\u00e1ng, <span class=\"highlight-underline\">C\u01a1 th\u1ec3 t\u00f4i chuy\u1ec3n \u0111\u1ed9ng t\u1ef1 nhi\u00ean<\/span>\u0111\u01b0\u1ee3c tr\u1edf l\u1ea1i.<\/li>\n<li><strong>T\u00e1c d\u1ee5ng! -<\/strong> Ngay l\u1eadp t\u1ee9c, <span class=\"highlight-underline\">U\u1ed1ng 3 vi\u00ean v\u00e0o bu\u1ed5i s\u00e1ng v\u00e0 bu\u1ed5i t\u1ed1i.<\/span><\/li>\n<\/ul>\n<h3>\ud83d\udc8a C\u00e1ch d\u00f9ng v\u00e0 li\u1ec1u d\u00f9ng<\/h3>\n<ul>\n<li>C\u00e1ch d\u00f9ng: U\u1ed1ng 3 vi\u00ean nang v\u00e0o m\u1ed7i bu\u1ed5i s\u00e1ng v\u00e0 bu\u1ed5i t\u1ed1i khi b\u1ee5ng \u0111\u00f3i. <span class=\"highlight-underline\">T\u1ed5ng c\u1ed9ng 6 vi\u00ean nang m\u1ed7i ng\u00e0y<\/span> (3 chai\/30 ng\u00e0y)<\/li>\n<li>\u0110\u1ed1i v\u1edbi tr\u01b0\u1eddng h\u1ee3p n\u1eb7ng: 9 vi\u00ean nang m\u1ed7i ng\u00e0y (4 l\u1ecd\/30 ng\u00e0y)<\/li>\n<li>60 vi\u00ean nang m\u1ed7i l\u1ecd<\/li>\n<li><span class=\"highlight-underline\">Khuy\u1ebfn ngh\u1ecb s\u1eed d\u1ee5ng li\u00ean t\u1ee5c trong h\u01a1n 3 th\u00e1ng<\/span><\/li>\n<\/ul>\n<h3>\ud83d\udcaa T\u1ed5ng quan v\u1ec1 nh\u1eefng l\u1ee3i \u00edch ch\u00ednh<\/h3>\n<table class=\"custom-table\">\n<thead>\n<tr>\n<th>Khu v\u1ef1c t\u00e1c d\u1ee5ng tr\u00ean<\/th>\n<th>Hi\u1ec7u qu\u1ea3<\/th>\n<\/tr>\n<\/thead>\n<tbody>\n<tr>\n<td><span class=\"highlight-underline\">T\u00e1i t\u1ea1o s\u1ee5n<\/span><\/td>\n<td>S\u1eeda ch\u1eefa s\u1ee5n b\u1ecb h\u01b0 h\u1ecfng v\u00e0 t\u0103ng c\u01b0\u1eddng s\u1ef1 linh ho\u1ea1t c\u1ee7a kh\u1edbp<\/td>\n<\/tr>\n<tr>\n<td><span class=\"highlight-underline\">Ch\u1ed1ng vi\u00eam<\/span><\/td>\n<td>Gi\u1ea3m vi\u00eam v\u00e0 \u0111au, c\u1ea3i thi\u1ec7n t\u00ecnh tr\u1ea1ng s\u01b0ng t\u1ea5y<\/td>\n<\/tr>\n<tr>\n<td><span class=\"highlight-underline\">T\u0103ng c\u01b0\u1eddng m\u1eadt \u0111\u1ed9 x\u01b0\u01a1ng<\/span><\/td>\n<td>\u0110i\u1ec1u h\u00f2a s\u1ef1 h\u1ea5p th\u1ee5 canxi, duy tr\u00ec s\u1ee9c kh\u1ecfe x\u01b0\u01a1ng v\u00e0 ng\u0103n ng\u1eeba lo\u00e3ng x\u01b0\u01a1ng<\/td>\n<\/tr>\n<tr>\n<td><span class=\"highlight-underline\">C\u1ea3i thi\u1ec7n ch\u1ee9c n\u0103ng kh\u1edbp<\/span><\/td>\n<td>C\u1ea3i thi\u1ec7n chuy\u1ec3n \u0111\u1ed9ng kh\u1edbp v\u00e0 t\u0103ng kh\u1ea3 n\u0103ng v\u1eadn \u0111\u1ed9ng<\/td>\n<\/tr>\n<\/tbody>\n<\/table>\n<h3>\ud83d\udd04 Ch\u00ednh s\u00e1ch \u0111\u1ed5i tr\u1ea3, ho\u00e0n ti\u1ec1n v\u00e0 v\u1eadn chuy\u1ec3n<\/h3>\n<p>  <strong>Ch\u00ednh s\u00e1ch trao \u0111\u1ed5i<\/strong><\/p>\n<ul>\n<li>N\u1ebfu s\u1ea3n ph\u1ea9m b\u1ecb h\u01b0 h\u1ecfng trong qu\u00e1 tr\u00ecnh v\u1eadn chuy\u1ec3n ho\u1eb7c c\u00f3 l\u1ed7i s\u1ea3n xu\u1ea5t.<\/li>\n<li>Y\u00eau c\u1ea7u trong v\u00f2ng 7 ng\u00e0y k\u1ec3 t\u1eeb ng\u00e0y nh\u1eadn<\/li>\n<li>S\u1ea3n ph\u1ea9m ph\u1ea3i ch\u01b0a \u0111\u01b0\u1ee3c m\u1edf.<\/li>\n<\/ul>\n<p>  <strong>Ch\u00ednh s\u00e1ch ho\u00e0n ti\u1ec1n<\/strong><\/p>\n<ul>\n<li>N\u1ebfu giao h\u00e0ng sai ho\u1eb7c s\u1ea3n ph\u1ea9m b\u1ecb l\u1ed7i nghi\u00eam tr\u1ecdng<\/li>\n<li>Y\u00eau c\u1ea7u ho\u00e0n ti\u1ec1n s\u1ebd \u0111\u01b0\u1ee3c x\u1eed l\u00fd trong v\u00f2ng 7 ng\u00e0y k\u1ec3 t\u1eeb ng\u00e0y giao h\u00e0ng.<\/li>\n<\/ul>\n<p>  <strong>Ch\u00ednh s\u00e1ch v\u1eadn chuy\u1ec3n<\/strong><\/p>\n<ul>\n<li>V\u1eadn chuy\u1ec3n trong n\u01b0\u1edbc: 2-5 ng\u00e0y l\u00e0m vi\u1ec7c sau khi \u0111\u1eb7t h\u00e0ng<\/li>\n<li>V\u1eadn chuy\u1ec3n qu\u1ed1c t\u1ebf: 7-14 ng\u00e0y l\u00e0m vi\u1ec7c t\u00f9y theo khu v\u1ef1c<\/li>\n<li>Mi\u1ec5n ph\u00ed v\u1eadn chuy\u1ec3n khi mua h\u00e0ng s\u1ed1 l\u01b0\u1ee3ng nh\u1ea5t \u0111\u1ecbnh<\/li>\n<\/ul>\n<\/div>","protected":false},"excerpt":{"rendered":"<div class=\"product-container\">\n<h3>\ud83d\udccc T\u00f3m t\u1eaft s\u1ea3n ph\u1ea9m<\/h3>\n<ul>\n<li>\n      <span class=\"highlight-underline\">Gi\u1ea3i ph\u00e1p ch\u0103m s\u00f3c s\u1ee9c kh\u1ecfe kh\u1edbp cao c\u1ea5p<\/span><br \/>\n      \u2013 Ch\u0103m s\u00f3c t\u1ed5ng h\u1ee3p t\u00e1i t\u1ea1o s\u1ee5n, gi\u1ea3m vi\u00eam v\u00e0 t\u0103ng c\u01b0\u1eddng m\u1eadt \u0111\u1ed9 x\u01b0\u01a1ng\n    <\/li>\n<li>\n      <span class=\"highlight-underline\">S\u1ea3n ph\u1ea9m \u0111\u00e3 \u0111\u0103ng k\u00fd OTC c\u1ee7a FDA Hoa K\u1ef3 (80353-196-01)<\/span><br \/>\n      \u2013 \u0110\u1ea3m b\u1ea3o an to\u00e0n v\u00e0 \u0111\u1ed9 tin c\u1eady d\u1ef1a tr\u00ean c\u00f4ng ngh\u1ec7 sinh h\u1ecdc c\u1ee7a Hoa K\u1ef3\n    <\/li>\n<li>\n      <span class=\"highlight-underline\">M\u1ed9t ph\u1ee9c h\u1ee3p c\u00e1c th\u00e0nh ph\u1ea7n c\u00f3 ngu\u1ed3n g\u1ed1c t\u1eeb th\u1ea3o d\u01b0\u1ee3c t\u1ef1 nhi\u00ean<\/span><br \/>\n      - Th\u00edch h\u1ee3p s\u1eed d\u1ee5ng l\u00e2u d\u00e0i v\u00e0 c\u00f3 th\u1ec3 qu\u1ea3n l\u00fd li\u00ean t\u1ee5c m\u00e0 kh\u00f4ng c\u00f3 t\u00e1c d\u1ee5ng ph\u1ee5\n    <\/li>\n<li>\n      <span class=\"highlight-underline\">D\u1ea1ng vi\u00ean nang d\u1ec5 u\u1ed1ng<\/span><br \/>\n      - Ch\u1ec9 c\u1ea7n u\u1ed1ng 2 l\u1ea7n m\u1ed9t ng\u00e0y khi b\u1ee5ng \u0111\u00f3i \u0111\u1ec3 t\u1ea1o th\u00e0nh th\u00f3i quen \u0111\u01a1n gi\u1ea3n.\n    <\/li>\n<li>\n      <span class=\"highlight-underline\">HCBIOPHARM v\u1edbi 25 n\u0103m c\u00f4ng ngh\u1ec7<\/span><br \/>\n      M\u1ed9t c\u00f4ng ty sinh h\u1ecdc to\u00e0n c\u1ea7u \u00e1p d\u1ee5ng c\u00e1c nguy\u00ean t\u1eafc y h\u1ecdc ph\u01b0\u01a1ng \u0110\u00f4ng b\u1eb1ng c\u00f4ng ngh\u1ec7 hi\u1ec7n \u0111\u1ea1i.\n    <\/li>\n<\/ul>\n<\/div>","protected":false},"featured_media":2491,"template":"","format":"standard","meta":{"_acf_changed":false},"product_brand":[],"product_cat":[105,106],"product_tag":[],"class_list":{"0":"post-2423","1":"product","2":"type-product","3":"status-publish","4":"format-standard","5":"has-post-thumbnail","7":"product_cat-105","8":"product_cat-106","10":"first","11":"instock","12":"featured","13":"shipping-taxable","14":"purchasable","15":"product-type-simple"},"acf":[],"_links":{"self":[{"href":"https:\/\/hcbiopharm.net\/vi\/wp-json\/wp\/v2\/product\/2423","targetHints":{"allow":["GET"]}}],"collection":[{"href":"https:\/\/hcbiopharm.net\/vi\/wp-json\/wp\/v2\/product"}],"about":[{"href":"https:\/\/hcbiopharm.net\/vi\/wp-json\/wp\/v2\/types\/product"}],"wp:featuredmedia":[{"embeddable":true,"href":"https:\/\/hcbiopharm.net\/vi\/wp-json\/wp\/v2\/media\/2491"}],"wp:attachment":[{"href":"https:\/\/hcbiopharm.net\/vi\/wp-json\/wp\/v2\/media?parent=2423"}],"wp:term":[{"taxonomy":"product_brand","embeddable":true,"href":"https:\/\/hcbiopharm.net\/vi\/wp-json\/wp\/v2\/product_brand?post=2423"},{"taxonomy":"product_cat","embeddable":true,"href":"https:\/\/hcbiopharm.net\/vi\/wp-json\/wp\/v2\/product_cat?post=2423"},{"taxonomy":"product_tag","embeddable":true,"href":"https:\/\/hcbiopharm.net\/vi\/wp-json\/wp\/v2\/product_tag?post=2423"}],"curies":[{"name":"wp","href":"https:\/\/api.w.org\/{rel}","templated":true}]}}