{"id":2422,"date":"2025-10-02T02:40:43","date_gmt":"2025-10-02T02:40:43","guid":{"rendered":"https:\/\/hcbiopharm.net\/?post_type=product&#038;p=2422"},"modified":"2025-10-02T02:43:25","modified_gmt":"2025-10-02T02:43:25","slug":"armide-cream-5oz","status":"publish","type":"product","link":"https:\/\/hcbiopharm.net\/vi\/san-pham\/armide-cream-5oz\/","title":{"rendered":"Kem ARMIDE 5oz"},"content":{"rendered":"<p>[ux_text line_height__sm=\u201d0.75\u2033 text_align__sm=\u201dtr\u00e1i\u201d]<\/p>\n<div class=\"product-box\">\n<p><!-- 1. \ud68c\uc0ac \uc18c\uac1c --><\/p>\n<section id=\"company\" class=\"product-section\">\n<h2>Gi\u1edbi thi\u1ec7u v\u1ec1 c\u00f4ng ty<\/h2>\n<p><span class=\"highlight\"><strong>HCBIOPHARM c\u00f3 tr\u1ee5 s\u1edf t\u1ea1i Thung l\u0169ng Silicon, Hoa K\u1ef3<\/strong><\/span>D\u1ef1a tr\u00ean tr\u1ee5 s\u1edf ch\u00ednh v\u00e0 c\u01a1 s\u1edf s\u1ea3n xu\u1ea5t t\u1ea1i<br \/>\nD\u1ef1a tr\u00ean c\u00f4ng ngh\u1ec7 sinh h\u1ecdc \u0111\u1ed9c quy\u1ec1n c\u1ee7a ch\u00fang t\u00f4i \u0111\u01b0\u1ee3c t\u00edch l\u0169y trong h\u01a1n 25 n\u0103m,<br \/>\n<span class=\"highlight\">Thu\u1ed1c OTC c\u00f3 th\u00e0nh ph\u1ea7n t\u1ef1 nhi\u00ean<\/span>Ch\u00fang t\u00f4i \u0111\u00e3 ph\u00e1t tri\u1ec3n th\u1ef1c ph\u1ea9m ch\u1ee9c n\u0103ng t\u1ed1t cho s\u1ee9c kh\u1ecfe.<br \/>\nH\u00f4m nay <span class=\"highlight\">Ch\u00fang t\u00f4i c\u00f3 nhi\u1ec1u s\u1ea3n ph\u1ea9m \u0111\u00e3 \u0111\u01b0\u1ee3c \u0111\u0103ng k\u00fd v\u1edbi FDA Hoa K\u1ef3.<\/span>V\u00e0,<br \/>\nCh\u00fang t\u00f4i cung c\u1ea5p c\u00e1c gi\u1ea3i ph\u00e1p s\u1ee9c kh\u1ecfe khoa h\u1ecdc v\u00e0 an to\u00e0n cho ng\u01b0\u1eddi ti\u00eau d\u00f9ng tr\u00ean to\u00e0n th\u1ebf gi\u1edbi.<br \/>\n<\/section>\n<p><!-- 2. \uc131\uc7a5\ud638\ub974\ubaac \ud06c\ub9bc \uc18c\uac1c --><\/p>\n<section id=\"introduction\" class=\"product-section\">\n<h2>Gi\u1edbi thi\u1ec7u kem t\u0103ng tr\u01b0\u1edfng hormone<\/h2>\n<p><strong><span class=\"highlight\">kem hormone t\u0103ng tr\u01b0\u1edfng<\/span><\/strong>\u0111\u01b0\u1ee3c ti\u1ebft ra t\u1eeb tuy\u1ebfn y\u00ean<br \/>\n<span class=\"highlight\">Hormone t\u0103ng tr\u01b0\u1edfng (GH)<\/span>B\u1eb1ng c\u00e1ch b\u1ed5 sung d\u01b0\u1edbi h\u00ecnh th\u1ee9c \u00e1p d\u1ee5ng,<br \/>\n<span class=\"highlight\">Da, n\u0103ng l\u01b0\u1ee3ng, kh\u1ea3 n\u0103ng mi\u1ec5n d\u1ecbch, x\u01b0\u01a1ng v\u00e0 kh\u1edbp<\/span> \u0110\u00e2y l\u00e0 s\u1ea3n ph\u1ea9m c\u1ea3i ti\u1ebfn gi\u00fap c\u1ea3i thi\u1ec7n s\u1ee9c kh\u1ecfe t\u1ed5ng th\u1ec3.<br \/>\nGH gi\u1ea3m nhanh ch\u00f3ng theo tu\u1ed5i t\u00e1c <strong>D\u1ea1ng kem<\/strong>B\u1eb1ng c\u00e1ch cung c\u1ea5p,<br \/>\n<span class=\"highlight\">N\u1ebfp nh\u0103n, \u0111\u1ed9 \u0111\u00e0n h\u1ed3i, s\u1ee9c m\u1ea1nh c\u01a1 b\u1eafp, m\u1ee1 c\u01a1 th\u1ec3<\/span> B\u1ea1n c\u00f3 th\u1ec3 mong \u0111\u1ee3i nh\u1eefng thay \u0111\u1ed5i \u0111\u00e1ng ch\u00fa \u00fd \u1edf nhi\u1ec1u l\u0129nh v\u1ef1c kh\u00e1c nhau.<br \/>\n<\/section>\n<p><!-- 3. \uc8fc\uc694 \ud6a8\uacfc --><\/p>\n<section id=\"functions\" class=\"product-section\">\n<h2>T\u00e1c d\u1ee5ng ch\u00ednh<\/h2>\n<p><strong>C\u1ea3i thi\u1ec7n v\u00e0 l\u00e0m tr\u1eafng da:<\/strong> <span class=\"highlight\">T\u00e1c d\u1ee5ng ch\u1ed1ng l\u00e3o h\u00f3a nh\u01b0 gi\u1ea3m n\u1ebfp nh\u0103n, t\u0103ng \u0111\u1ed9 \u0111\u00e0n h\u1ed3i v\u00e0 c\u1ea3i thi\u1ec7n t\u00f4ng m\u00e0u da<\/span> t\u00e1c d\u1ee5ng<br \/>\n<strong>T\u0103ng c\u01b0\u1eddng n\u0103ng l\u01b0\u1ee3ng:<\/strong> Gi\u00fap ph\u1ee5c h\u1ed3i sau m\u1ec7t m\u1ecfi v\u00e0 t\u0103ng c\u01b0\u1eddng s\u1ee9c b\u1ec1n, h\u1ed7 tr\u1ee3 cu\u1ed9c s\u1ed1ng n\u0103ng \u0111\u1ed9ng h\u00e0ng ng\u00e0y.<br \/>\n<strong>Gi\u1ea3m m\u1ee1 c\u01a1 th\u1ec3 v\u00e0 t\u0103ng kh\u1ed1i l\u01b0\u1ee3ng c\u01a1:<\/strong> <span class=\"highlight\">Th\u00fac \u0111\u1ea9y qu\u00e1 tr\u00ecnh ph\u00e2n h\u1ee7y ch\u1ea5t b\u00e9o v\u00e0 t\u1ed5ng h\u1ee3p c\u01a1 b\u1eafp<\/span>C\u1ea3i thi\u1ec7n \u0111\u01b0\u1eddng n\u00e9t c\u01a1 th\u1ec3 c\u1ee7a b\u1ea1n<br \/>\n<strong>T\u0103ng c\u01b0\u1eddng kh\u1ea3 n\u0103ng mi\u1ec5n d\u1ecbch c\u1ee7a b\u1ea1n:<\/strong> T\u0103ng c\u01b0\u1eddng s\u1ee9c \u0111\u1ec1 kh\u00e1ng ch\u1ed1ng l\u1ea1i nhi\u1ec5m tr\u00f9ng v\u00e0 b\u1ec7nh t\u1eadt b\u1eb1ng c\u00e1ch k\u00edch ho\u1ea1t c\u00e1c t\u1ebf b\u00e0o mi\u1ec5n d\u1ecbch<br \/>\n<strong>T\u0103ng c\u01b0\u1eddng x\u01b0\u01a1ng v\u00e0 kh\u1edbp:<\/strong> <span class=\"highlight\">Duy tr\u00ec m\u1eadt \u0111\u1ed9 x\u01b0\u01a1ng, th\u00fac \u0111\u1ea9y h\u00ecnh th\u00e0nh s\u1ee5n v\u00e0 gi\u1ea3m \u0111au kh\u1edbp<\/span><br \/>\n<strong>C\u1ea3i thi\u1ec7n gi\u1ea5c ng\u1ee7 v\u00e0 ch\u1ee9c n\u0103ng th\u1eadn:<\/strong> Gi\u00fap b\u1ea1n ng\u1ee7 ngon v\u00e0 gi\u00fap \u0111\u00e0o th\u1ea3i ch\u1ea5t th\u1ea3i ra kh\u1ecfi c\u01a1 th\u1ec3.<br \/>\n<strong>C\u1ea3i thi\u1ec7n t\u00ecnh tr\u1ea1ng r\u1ee5ng t\u00f3c v\u00e0 t\u0103ng \u0111\u1ed9 d\u00e0y c\u1ee7a t\u00f3c:<\/strong> <span class=\"highlight\">C\u1ea3i thi\u1ec7n t\u00ecnh tr\u1ea1ng r\u1ee5ng t\u00f3c m\u1ed9t ph\u1ea7n b\u1eb1ng c\u00e1ch cung c\u1ea5p d\u01b0\u1ee1ng ch\u1ea5t cho da \u0111\u1ea7u v\u00e0 t\u00f3c.<\/span> v\u00e0 t\u0103ng m\u1eadt \u0111\u1ed9 t\u00f3c<br \/>\n<strong>C\u1ea3i thi\u1ec7n ham mu\u1ed1n t\u00ecnh d\u1ee5c v\u00e0 c\u00e2n b\u1eb1ng n\u1ed9i ti\u1ebft t\u1ed1:<\/strong> Duy tr\u00ec s\u1ef1 c\u00e2n b\u1eb1ng n\u1ed9i ti\u1ebft t\u1ed1 nam v\u00e0 n\u1eef v\u00e0 l\u00e0m gi\u1ea3m c\u00e1c tri\u1ec7u ch\u1ee9ng m\u00e3n kinh<br \/>\n<strong>Gi\u1ea3m Cholesterol v\u00e0 T\u00e1i t\u1ea1o T\u1ebf b\u00e0o:<\/strong> <span class=\"highlight\">Gi\u1ea3m m\u1ee9c LDL v\u00e0 l\u00e0m ch\u1eadm qu\u00e1 tr\u00ecnh l\u00e3o h\u00f3a t\u1ebf b\u00e0o<\/span><br \/>\n<\/section>\n<p><!-- 4. \uc791\uc6a9 \uc6d0\ub9ac --><\/p>\n<section id=\"mechanism\" class=\"product-section\">\n<h2>N\u00f3 ho\u1ea1t \u0111\u1ed9ng nh\u01b0 th\u1ebf n\u00e0o<\/h2>\n<p><strong>\u0110\u01b0\u1eddng h\u1ea5p th\u1ee5 qua da:<\/strong> \u0110\u01b0\u1ee3c l\u01b0u tr\u1eef trong c\u00e1c l\u1edbp m\u1ee1 <span class=\"highlight\">GH \u0111\u01b0\u1ee3c ph\u00e2n ph\u1ed1i \u0111\u1ebfn l\u1edbp bi\u1ec3u b\u00ec v\u00e0 m\u1ea1ch m\u00e1u, do \u0111\u00f3 n\u00f3 \u0111\u01b0\u1ee3c \u0111\u01b0a nhanh \u0111\u1ebfn n\u01a1i c\u1ea7n thi\u1ebft.<\/span><br \/>\n<strong>B\u1ed5 sung thi\u1ebfu h\u1ee5t GH tuy\u1ebfn y\u00ean:<\/strong> Kh\u00f4ng \u0111\u1ee7 \u1edf d\u1ea1ng kem <span class=\"highlight\">B\u1ed5 sung GH gi\u00fap t\u0103ng c\u01b0\u1eddng n\u0103ng l\u01b0\u1ee3ng, kh\u1ea3 n\u0103ng mi\u1ec5n d\u1ecbch v\u00e0 l\u00e0m ch\u1eadm qu\u00e1 tr\u00ecnh l\u00e3o h\u00f3a.<\/span><br \/>\n<strong>T\u00ednh ch\u1ea5t ch\u1ed1ng vi\u00eam v\u00e0 ch\u1ed1ng oxy h\u00f3a:<\/strong> \u1ee8c ch\u1ebf c\u00e1c cytokine g\u00e2y vi\u00eam <span class=\"highlight\">Ng\u0103n ng\u1eeba t\u1ed5n th\u01b0\u01a1ng t\u1ebf b\u00e0o b\u1eb1ng c\u00e1ch lo\u1ea1i b\u1ecf c\u00e1c g\u1ed1c t\u1ef1 do<\/span><br \/>\n<strong>Th\u00fac \u0111\u1ea9y qu\u00e1 tr\u00ecnh t\u00e1i t\u1ea1o t\u1ebf b\u00e0o v\u00e0 trao \u0111\u1ed5i ch\u1ea5t:<\/strong> <span class=\"highlight\">T\u00e1i t\u1ea1o t\u1ebf b\u00e0o c\u01a1, x\u01b0\u01a1ng, da v\u00e0 t\u00f3c<\/span>V\u00e0 duy tr\u00ec b\u00e0i ti\u1ebft ch\u1ea5t th\u1ea3i v\u00e0 c\u00e2n b\u1eb1ng trao \u0111\u1ed5i ch\u1ea5t<br \/>\n<\/section>\n<p><!-- 5. \uc804\ud6c4 \ube44\uad50 (Before & After) --><\/p>\n<section id=\"before-after\" class=\"product-section\">\n<h2>So s\u00e1nh tr\u01b0\u1edbc v\u00e0 sau<\/h2>\n<p><strong>Ch\u1ed1ng l\u00e3o h\u00f3a da:<\/strong> <span class=\"highlight\">Gi\u1ea3m n\u1ebfp nh\u0103n, c\u1ea3i thi\u1ec7n k\u1ebft c\u1ea5u da v\u00e0 gi\u1ea3m v\u1ebft th\u00e2m b\u1eb1ng c\u00e1ch k\u00e9o d\u00e0i telomere c\u1ee7a t\u1ebf b\u00e0o.,<\/span> Ch\u1ec9nh s\u1eeda t\u00f4ng m\u00e0u da t\u1ed5ng th\u1ec3, v.v.<br \/>\n<span class=\"highlight\">t\u00e1c d\u1ee5ng ch\u1ed1ng l\u00e3o h\u00f3a<\/span> ki\u1ec3m tra<br \/>\n<strong>C\u1ea3i thi\u1ec7n x\u01b0\u01a1ng v\u00e0 s\u1ee5n:<\/strong> N\u1ed3ng \u0111\u1ed9 hormone t\u0103ng tr\u01b0\u1edfng t\u0103ng cao gi\u00fap t\u0103ng m\u1eadt \u0111\u1ed9 x\u01b0\u01a1ng, gi\u1ea3m vi\u00eam v\u00e0 th\u00fac \u0111\u1ea9y h\u00ecnh th\u00e0nh s\u1ee5n.<br \/>\n<strong>Gi\u1ea3m m\u1ee1 c\u01a1 th\u1ec3 v\u00e0 t\u0103ng c\u01a1:<\/strong> T\u00e1c d\u1ee5ng c\u1ee7a hormone t\u0103ng tr\u01b0\u1edfng gi\u00fap ph\u00e2n h\u1ee7y m\u1ee1 trong c\u01a1 th\u1ec3 v\u00e0 gi\u00fap c\u01a1 b\u1eafp ph\u00e1t tri\u1ec3n.<br \/>\n<strong>C\u1ea3i thi\u1ec7n t\u00ecnh tr\u1ea1ng r\u1ee5ng t\u00f3c v\u00e0 t\u0103ng \u0111\u1ed9 ph\u1ed3ng c\u1ee7a t\u00f3c:<\/strong> Do s\u1ef1 gia t\u0103ng hormone t\u0103ng tr\u01b0\u1edfng <span class=\"highlight\">C\u1ea3i thi\u1ec7n t\u00ecnh tr\u1ea1ng r\u1ee5ng t\u00f3c t\u1eebng ph\u1ea7n v\u00e0 bi\u1ebfn t\u00f3c b\u1ea1c, t\u00f3c tr\u1eafng th\u00e0nh t\u00f3c \u0111en.<\/span>Hi\u1ec7u \u1ee9ng c\u1ee7a vi\u1ec7c cho<br \/>\n<\/section>\n<p><!-- 6. \uc0ac\uc6a9 \ubc29\ubc95 --><\/p>\n<section id=\"usage\" class=\"product-section\">\n<h2>C\u00e1ch s\u1eed d\u1ee5ng<\/h2>\n<p><strong>C\u00e1ch s\u1eed d\u1ee5ng c\u01a1 b\u1ea3n:<\/strong> Thoa m\u1ed9t l\u01b0\u1ee3ng kem v\u1eeba \u0111\u1ee7 v\u00e0 massage nh\u1eb9 nh\u00e0ng l\u00ean da m\u1ed9t ho\u1eb7c hai l\u1ea7n m\u1ed9t ng\u00e0y.<br \/>\n<strong>Ch\u0103m s\u00f3c \u0111\u1eb7c bi\u1ec7t:<\/strong> <span class=\"highlight\">Thoa k\u1ef9 h\u01a1n v\u00e0o c\u00e1c v\u00f9ng c\u1ee5 th\u1ec3 nh\u01b0 n\u1ebfp nh\u0103n, \u0111\u1ed9 \u0111\u00e0n h\u1ed3i v\u00e0 r\u1ee5ng t\u00f3c, r\u1ed3i \u0111\u1ec3 s\u1ea3n ph\u1ea9m th\u1ea9m th\u1ea5u.<\/span>T\u1ed1i \u0111a h\u00f3a hi\u1ec7u qu\u1ea3.<br \/>\n<strong>th\u1eadn tr\u1ecdng:<\/strong> \u0110\u1ed1i v\u1edbi v\u00f9ng da b\u1ecb th\u01b0\u01a1ng ho\u1eb7c c\u00f3 v\u1ea5n \u0111\u1ec1, vui l\u00f2ng tham kh\u1ea3o \u00fd ki\u1ebfn chuy\u00ean gia tr\u01b0\u1edbc khi s\u1eed d\u1ee5ng.<br \/>\n<\/section>\n<p><!-- 7. \ucc28\ubcc4\uc810 --><\/p>\n<section id=\"highlights\" class=\"product-section\">\n<h2>C\u00e1c y\u1ebfu t\u1ed1 kh\u00e1c bi\u1ec7t<\/h2>\n<p><strong>Vai tr\u00f2 c\u1ee7a hormone t\u0103ng tr\u01b0\u1edfng \u0111\u01b0\u1ee3c ch\u1ee9ng minh qua nghi\u00ean c\u1ee9u s\u00e2u r\u1ed9ng:<\/strong> C\u00e1c nghi\u00ean c\u1ee9u l\u00e2m s\u00e0ng \u0111\u00e3 x\u00e1c nh\u1eadn nhi\u1ec1u hi\u1ec7u qu\u1ea3 c\u1ea3i thi\u1ec7n kh\u00e1c nhau.<br \/>\n<strong>M\u1eabu \u0111\u01a1n d\u1ec5 n\u1ed9p:<\/strong> \u00cdt g\u00e2y g\u00e1nh n\u1eb7ng h\u01a1n so v\u1edbi ti\u00eam ho\u1eb7c u\u1ed1ng, v\u00e0 t\u00e1c d\u1ee5ng nhanh h\u01a1n th\u00f4ng qua h\u1ea5p thu t\u1ea1i ch\u1ed7<br \/>\n<strong>L\u1ee3i \u00edch \u0111a d\u1ea1ng:<\/strong> <span class=\"highlight\">C\u1ea3i thi\u1ec7n s\u1ee9c kh\u1ecfe t\u1ed5ng th\u1ec3, bao g\u1ed3m da, n\u0103ng l\u01b0\u1ee3ng, kh\u1ea3 n\u0103ng mi\u1ec5n d\u1ecbch, x\u01b0\u01a1ng, kh\u1edbp v\u00e0 t\u00f3c.<\/span><br \/>\n<strong>S\u1ef1 an to\u00e0n:<\/strong> D\u1ef1a tr\u00ean c\u00e1c th\u00e0nh ph\u1ea7n t\u1ef1 nhi\u00ean, t\u01b0\u01a1ng \u0111\u1ed1i d\u1ec5 s\u1eed d\u1ee5ng ngay c\u1ea3 khi s\u1eed d\u1ee5ng l\u00e2u d\u00e0i<br \/>\n<\/section>\n<p><!-- 8. \uc548\uc804\uc131 \ubc0f \uc8fc\uc758\uc0ac\ud56d --><\/p>\n<section id=\"disclaimer\" class=\"product-section\">\n<h2>An to\u00e0n v\u00e0 Ph\u00f2ng ng\u1eeba<\/h2>\n<p><strong>N\u00ean tham kh\u1ea3o \u00fd ki\u1ebfn chuy\u00ean gia:<\/strong> N\u1ebfu b\u1ea1n \u0111ang mang thai, m\u1eafc b\u1ec7nh m\u00e3n t\u00ednh ho\u1eb7c r\u1ed1i lo\u1ea1n n\u1ed9i ti\u1ebft t\u1ed1, h\u00e3y tham kh\u1ea3o \u00fd ki\u1ebfn chuy\u00ean gia tr\u01b0\u1edbc khi s\u1eed d\u1ee5ng.<br \/>\n<strong>Th\u1eadn tr\u1ecdng khi s\u1eed d\u1ee5ng qu\u00e1 m\u1ee9c:<\/strong> S\u1eed d\u1ee5ng qu\u00e1 li\u1ec1u l\u01b0\u1ee3ng khuy\u1ebfn c\u00e1o c\u00f3 th\u1ec3 g\u00e2y k\u00edch \u1ee9ng da ho\u1eb7c m\u1ea5t c\u00e2n b\u1eb1ng n\u1ed9i ti\u1ebft t\u1ed1.<br \/>\n<strong>Th\u00f3i quen s\u1ed1ng song song:<\/strong> T\u1ed1i \u0111a h\u00f3a hi\u1ec7u qu\u1ea3 c\u1ee7a kem hormone t\u0103ng tr\u01b0\u1edfng th\u00f4ng qua vi\u1ec7c t\u1eadp th\u1ec3 d\u1ee5c th\u01b0\u1eddng xuy\u00ean, ch\u1ebf \u0111\u1ed9 \u0103n u\u1ed1ng c\u00e2n b\u1eb1ng v\u00e0 ng\u1ee7 \u0111\u1ee7 gi\u1ea5c.<br \/>\n<strong>Ki\u1ec3m tra ph\u00e2n lo\u1ea1i ph\u00e1p l\u00fd:<\/strong> Quy \u0111\u1ecbnh v\u1ec1 d\u00e1n nh\u00e3n v\u00e0 qu\u1ea3ng c\u00e1o c\u00f3 th\u1ec3 kh\u00e1c nhau t\u00f9y thu\u1ed9c v\u00e0o ph\u00e2n lo\u1ea1i s\u1ea3n ph\u1ea9m trong n\u01b0\u1edbc v\u00e0 qu\u1ed1c t\u1ebf (thu\u1ed1c kh\u00f4ng k\u00ea \u0111\u01a1n, m\u1ef9 ph\u1ea9m, th\u1ef1c ph\u1ea9m b\u1ed5 sung, v.v.), v\u00ec v\u1eady h\u00e3y ki\u1ec3m tra h\u01b0\u1edbng d\u1eabn c\u1ee7a B\u1ed9 An to\u00e0n Th\u1ef1c ph\u1ea9m v\u00e0 D\u01b0\u1ee3c ph\u1ea9m ho\u1eb7c FDA.<br \/>\n<\/section>\n<\/div>\n<p>[\/ux_text]<\/p>","protected":false},"excerpt":{"rendered":"<p>[ux_text line_height__sm=\u201d0.75\u2033 text_align__sm=\u201dtr\u00e1i\u201d]<\/p>\n<div class=\"product-box\">\n<p>  <!-- \ud0ed \uba54\ub274 --><\/p>\n<div class=\"tabs\">\n<div class=\"tab active\" data-tab=\"summary\">\n      <span class=\"highlight\"><strong>T\u00f3m t\u1eaft s\u1ea3n ph\u1ea9m<\/strong><\/span>\n    <\/div>\n<div class=\"tab\" data-tab=\"features\">\n      <span class=\"highlight\"><strong>C\u00e1c t\u00ednh n\u0103ng c\u1ed1t l\u00f5i<\/strong><\/span>\n    <\/div>\n<\/p><\/div>\n<p>  <!-- \uc81c\ud488\uc694\uc57d --><\/p>\n<div class=\"tab-content active\" id=\"summary\">\n<section class=\"product-section\">\n<h2>T\u00f3m t\u1eaft s\u1ea3n ph\u1ea9m<\/h2>\n<p>\n        <strong>kem hormone t\u0103ng tr\u01b0\u1edfng<\/strong>: <span class=\"highlight\">Hormone t\u0103ng tr\u01b0\u1edfng (GH) \u0111\u01b0\u1ee3c ti\u1ebft ra t\u1eeb tuy\u1ebfn y\u00ean<\/span>B\u1eb1ng c\u00e1ch b\u1ed5 sung d\u01b0\u1edbi h\u00ecnh th\u1ee9c \u00e1p d\u1ee5ng, <span class=\"highlight\">Da, n\u0103ng l\u01b0\u1ee3ng, kh\u1ea3 n\u0103ng mi\u1ec5n d\u1ecbch, x\u01b0\u01a1ng v\u00e0 kh\u1edbp<\/span> \u0110\u00e2y l\u00e0 s\u1ea3n ph\u1ea9m c\u1ea3i ti\u1ebfn gi\u00fap c\u1ea3i thi\u1ec7n s\u1ee9c kh\u1ecfe t\u1ed5ng th\u1ec3.<br \/>\n        N\u00f3 gi\u1ea3m nhanh ch\u00f3ng theo tu\u1ed5i t\u00e1c <span class=\"highlight\">hocmon t\u0103ng tr\u01b0\u1edfng<\/span>s\u1eed d\u1ee5ng <span class=\"highlight\">D\u1ea1ng kem<\/span>B\u1eb1ng c\u00e1ch cung c\u1ea5p n\u00f3, b\u1ea1n c\u00f3 th\u1ec3 th\u1ea5y nh\u1eefng thay \u0111\u1ed5i \u0111\u00e1ng ch\u00fa \u00fd v\u1ec1 n\u1ebfp nh\u0103n, \u0111\u1ed9 \u0111\u00e0n h\u1ed3i, s\u1ee9c m\u1ea1nh c\u01a1 b\u1eafp, m\u1ee1 c\u01a1 th\u1ec3, t\u00f3c, v.v.<\/p>\n<p>        V\u00ec \u0111\u01b0\u1ee3c d\u00f9ng t\u1ea1i ch\u1ed7 n\u00ean \u00edt g\u00e2y kh\u00f3 ch\u1ecbu h\u01a1n so v\u1edbi ti\u00eam ho\u1eb7c u\u1ed1ng, v\u00e0 \u0111\u01b0\u1ee3c h\u1ea5p th\u1ee5 t\u1ea1i ch\u1ed7. <span class=\"highlight\">T\u00e1c d\u1ee5ng nhanh<\/span>C\u00f3 nhi\u1ec1u l\u1ee3i th\u1ebf khi l\u00e0m nh\u01b0 v\u1eady.<br \/>\n        Th\u00f4ng tin so s\u00e1nh tr\u01b0\u1edbc v\u00e0 sau c\u0169ng nh\u01b0 hi\u1ec7u qu\u1ea3 chi ti\u1ebft h\u01a1n \u0111\u01b0\u1ee3c n\u00eau b\u00ean d\u01b0\u1edbi. <strong>C\u00e1c t\u00ednh n\u0103ng c\u1ed1t l\u00f5i<\/strong> Vui l\u00f2ng tham kh\u1ea3o tab!\n      <\/p>\n<\/section><\/div>\n<p>  <!-- \ud575\uc2ec\uae30\ub2a5 --><\/p>\n<div class=\"tab-content\" id=\"features\">\n<section class=\"product-section\">\n<h2>C\u00e1c t\u00ednh n\u0103ng c\u1ed1t l\u00f5i<\/h2>\n<p>\n        <strong><span class=\"highlight\">Ch\u1ed1ng l\u00e3o h\u00f3a da<\/span><\/strong>: Hi\u1ec7u qu\u1ea3 ch\u1ed1ng l\u00e3o h\u00f3a to\u00e0n di\u1ec7n, bao g\u1ed3m gi\u1ea3m n\u1ebfp nh\u0103n, c\u1ea3i thi\u1ec7n k\u1ebft c\u1ea5u da v\u00e0 gi\u1ea3m khuy\u1ebft \u0111i\u1ec3m.<br \/>\n        (S\u1ef1 c\u1ea3i thi\u1ec7n r\u00f5 r\u1ec7t v\u1ec1 n\u1ebfp nh\u0103n v\u00e0 t\u00f4ng m\u00e0u da \u0111\u01b0\u1ee3c x\u00e1c nh\u1eadn khi so s\u00e1nh tr\u01b0\u1edbc v\u00e0 sau)\n      <\/p>\n<p>\n        <strong><span class=\"highlight\">C\u1ea3i thi\u1ec7n x\u01b0\u01a1ng v\u00e0 s\u1ee5n<\/span><\/strong>: Gi\u1ea3m \u0111au kh\u1edbp b\u1eb1ng c\u00e1ch t\u0103ng m\u1eadt \u0111\u1ed9 x\u01b0\u01a1ng, gi\u1ea3m vi\u00eam v\u00e0 th\u00fac \u0111\u1ea9y h\u00ecnh th\u00e0nh s\u1ee5n.<br \/>\n        (T\u0103ng c\u01b0\u1eddng ho\u1ea1t \u0111\u1ed9ng v\u00e0 gi\u1ea3m c\u0103ng th\u1eb3ng cho kh\u1edbp trong \u1ea3nh so s\u00e1nh tr\u01b0\u1edbc v\u00e0 sau)\n      <\/p>\n<p>\n        <strong><span class=\"highlight\">Gi\u1ea3m m\u1ee1 c\u01a1 th\u1ec3 v\u00e0 t\u0103ng c\u01a1<\/span><\/strong>:GH gi\u00fap ph\u00e2n h\u1ee7y ch\u1ea5t b\u00e9o trong c\u01a1 th\u1ec3 v\u00e0 th\u00fac \u0111\u1ea9y qu\u00e1 tr\u00ecnh t\u1ed5ng h\u1ee3p c\u01a1.<br \/>\n        (Nh\u1eefng b\u1ee9c \u1ea3nh so s\u00e1nh tr\u01b0\u1edbc v\u00e0 sau cho th\u1ea5y s\u1ef1 thay \u0111\u1ed5i \u0111\u00e1ng ch\u00fa \u00fd v\u1ec1 h\u00ecnh d\u00e1ng c\u01a1 th\u1ec3 v\u00e0 kh\u1ed1i l\u01b0\u1ee3ng c\u01a1 t\u0103ng l\u00ean)\n      <\/p>\n<p>\n        <strong><span class=\"highlight\">C\u1ea3i thi\u1ec7n t\u00ecnh tr\u1ea1ng r\u1ee5ng t\u00f3c v\u00e0 t\u0103ng \u0111\u1ed9 d\u00e0y c\u1ee7a t\u00f3c<\/span><\/strong>: C\u1ea3i thi\u1ec7n t\u00ecnh tr\u1ea1ng r\u1ee5ng t\u00f3c m\u1ed9t ph\u1ea7n, gi\u1ea3m t\u00f3c b\u1ea1c v\u00e0 t\u00f3c kh\u1ecfe m\u1ea1nh<br \/>\n        (Ki\u1ec3m tra m\u1eadt \u0111\u1ed9 t\u00f3c v\u00e0 s\u1ef1 thay \u0111\u1ed5i m\u00e0u s\u1eafc b\u1eb1ng c\u00e1ch so s\u00e1nh tr\u01b0\u1edbc v\u00e0 sau)\n      <\/p>\n<p>\n        <strong><span class=\"highlight\">T\u0103ng c\u01b0\u1eddng n\u0103ng l\u01b0\u1ee3ng v\u00e0 kh\u1ea3 n\u0103ng mi\u1ec5n d\u1ecbch<\/span><\/strong>: Gi\u1ea3m m\u1ec7t m\u1ecfi v\u00e0 t\u0103ng c\u01b0\u1eddng s\u1ee9c \u0111\u1ec1 kh\u00e1ng v\u1edbi b\u1ec7nh t\u1eadt v\u00e0 nhi\u1ec5m tr\u00f9ng b\u1eb1ng c\u00e1ch k\u00edch ho\u1ea1t c\u00e1c t\u1ebf b\u00e0o mi\u1ec5n d\u1ecbch.\n      <\/p>\n<p>\n        <strong><span class=\"highlight\">C\u1ea3i thi\u1ec7n x\u01b0\u01a1ng, kh\u1edbp v\u00e0 tr\u00ed nh\u1edb<\/span><\/strong>: C\u1ea3i thi\u1ec7n ch\u1ea5t l\u01b0\u1ee3ng cu\u1ed9c s\u1ed1ng cho ng\u01b0\u1eddi cao tu\u1ed5i, bao g\u1ed3m gi\u1ea3m \u0111au x\u01b0\u01a1ng kh\u1edbp v\u00e0 c\u1ea3i thi\u1ec7n kh\u1ea3 n\u0103ng nh\u1eadn th\u1ee9c.\n      <\/p>\n<p>\n        <strong><span class=\"highlight\">C\u1ea3i thi\u1ec7n ham mu\u1ed1n t\u00ecnh d\u1ee5c v\u00e0 c\u00e2n b\u1eb1ng n\u1ed9i ti\u1ebft t\u1ed1<\/span><\/strong>: Duy tr\u00ec s\u1ef1 c\u00e2n b\u1eb1ng n\u1ed9i ti\u1ebft t\u1ed1 nam v\u00e0 n\u1eef, l\u00e0m gi\u1ea3m c\u00e1c tri\u1ec7u ch\u1ee9ng m\u00e3n kinh\n      <\/p>\n<\/section><\/div>\n<p>  <script>\n    document.addEventListener('DOMContentLoaded', () => {\n      const tabs = document.querySelectorAll('.product-box .tabs .tab');\n      const contents = document.querySelectorAll('.product-box .tab-content');<\/p>\n<p>      tabs.forEach((tab) => {\n        tab.addEventListener('click', () => {\n          tabs.forEach(t => t.classList.remove('active'));\n          contents.forEach(c => c.classList.remove('active'));<\/p>\n<p>          tab.classList.add('active');\n          const tabId = tab.getAttribute('data-tab');\n          document.getElementById(tabId).classList.add('active');\n        });\n      });\n    });\n  <\/script><\/p>\n<\/div>\n<p>[\/ux_text]<\/p>","protected":false},"featured_media":2478,"template":"","format":"standard","meta":{"_acf_changed":false},"product_brand":[],"product_cat":[15],"product_tag":[],"class_list":{"0":"post-2422","1":"product","2":"type-product","3":"status-publish","4":"format-standard","5":"has-post-thumbnail","7":"product_cat-15","9":"first","10":"outofstock","11":"purchasable","12":"product-type-simple"},"acf":[],"_links":{"self":[{"href":"https:\/\/hcbiopharm.net\/vi\/wp-json\/wp\/v2\/product\/2422","targetHints":{"allow":["GET"]}}],"collection":[{"href":"https:\/\/hcbiopharm.net\/vi\/wp-json\/wp\/v2\/product"}],"about":[{"href":"https:\/\/hcbiopharm.net\/vi\/wp-json\/wp\/v2\/types\/product"}],"wp:featuredmedia":[{"embeddable":true,"href":"https:\/\/hcbiopharm.net\/vi\/wp-json\/wp\/v2\/media\/2478"}],"wp:attachment":[{"href":"https:\/\/hcbiopharm.net\/vi\/wp-json\/wp\/v2\/media?parent=2422"}],"wp:term":[{"taxonomy":"product_brand","embeddable":true,"href":"https:\/\/hcbiopharm.net\/vi\/wp-json\/wp\/v2\/product_brand?post=2422"},{"taxonomy":"product_cat","embeddable":true,"href":"https:\/\/hcbiopharm.net\/vi\/wp-json\/wp\/v2\/product_cat?post=2422"},{"taxonomy":"product_tag","embeddable":true,"href":"https:\/\/hcbiopharm.net\/vi\/wp-json\/wp\/v2\/product_tag?post=2422"}],"curies":[{"name":"wp","href":"https:\/\/api.w.org\/{rel}","templated":true}]}}