{"id":2421,"date":"2025-10-02T02:40:43","date_gmt":"2025-10-02T02:40:43","guid":{"rendered":"https:\/\/hcbiopharm.net\/?post_type=product&#038;p=2421"},"modified":"2025-10-02T02:43:15","modified_gmt":"2025-10-02T02:43:15","slug":"%ec%85%80%ec%97%90%eb%84%88%ec%a7%80%eb%b6%80%ec%8a%a4%ed%84%b0-s","status":"publish","type":"product","link":"https:\/\/hcbiopharm.net\/vi\/san-pham\/%ec%85%80%ec%97%90%eb%84%88%ec%a7%80%eb%b6%80%ec%8a%a4%ed%84%b0-s\/","title":{"rendered":"T\u0103ng c\u01b0\u1eddng n\u0103ng l\u01b0\u1ee3ng t\u1ebf b\u00e0o &#039;S&#039;\u2018"},"content":{"rendered":"<p>[ux_text line_height__sm=\u201d0.75\u2033 text_align__sm=\u201dtr\u00e1i\u201d]<\/p>\n<div class=\"product-box\">\n    <!-- 1. \ud68c\uc0ac \uc18c\uac1c --><\/p>\n<section id=\"company\" class=\"product-section\">\n<h2>Gi\u1edbi thi\u1ec7u v\u1ec1 c\u00f4ng ty<\/h2>\n<p>\n            <span class=\"highlight\"><strong>HCBIOPHARM c\u00f3 tr\u1ee5 s\u1edf t\u1ea1i Thung l\u0169ng Silicon, Hoa K\u1ef3<\/strong><\/span>D\u1ef1a tr\u00ean tr\u1ee5 s\u1edf ch\u00ednh v\u00e0 c\u01a1 s\u1edf s\u1ea3n xu\u1ea5t t\u1ea1i<br \/>\n            D\u1ef1a tr\u00ean c\u00f4ng ngh\u1ec7 sinh h\u1ecdc \u0111\u1ed9c quy\u1ec1n c\u1ee7a ch\u00fang t\u00f4i \u0111\u01b0\u1ee3c t\u00edch l\u0169y trong h\u01a1n 25 n\u0103m,<br \/>\n            <span class=\"highlight\">Thu\u1ed1c OTC c\u00f3 th\u00e0nh ph\u1ea7n t\u1ef1 nhi\u00ean<\/span>Ch\u00fang t\u00f4i \u0111\u00e3 ph\u00e1t tri\u1ec3n th\u1ef1c ph\u1ea9m ch\u1ee9c n\u0103ng t\u1ed1t cho s\u1ee9c kh\u1ecfe.<br \/>\n            H\u00f4m nay <span class=\"highlight\">Ch\u00fang t\u00f4i c\u00f3 nhi\u1ec1u s\u1ea3n ph\u1ea9m \u0111\u00e3 \u0111\u01b0\u1ee3c \u0111\u0103ng k\u00fd v\u1edbi FDA Hoa K\u1ef3.<\/span>V\u00e0,<br \/>\n            Ch\u00fang t\u00f4i cung c\u1ea5p c\u00e1c gi\u1ea3i ph\u00e1p s\u1ee9c kh\u1ecfe khoa h\u1ecdc v\u00e0 an to\u00e0n cho ng\u01b0\u1eddi ti\u00eau d\u00f9ng tr\u00ean to\u00e0n th\u1ebf gi\u1edbi.\n        <\/p>\n<\/section>\n<p>    <!-- 2. \uc81c\ud488 \uc18c\uac1c --><\/p>\n<section id=\"introduction\" class=\"product-section\">\n<h2>Gi\u1edbi thi\u1ec7u s\u1ea3n ph\u1ea9m<\/h2>\n<p>\n            <strong><span class=\"highlight\">Cell Energy Booster S<\/span><\/strong>:<br \/>\n            <span class=\"highlight\">C\u1ea3i thi\u1ec7n t\u00ecnh tr\u1ea1ng vi\u00eam c\u01a1 th\u1ec3<\/span>\u0110\u00e2y l\u00e0 th\u1ef1c ph\u1ea9m b\u1ed5 sung dinh d\u01b0\u1ee1ng to\u00e0n di\u1ec7n chuy\u00ean c\u1ea3i thi\u1ec7n t\u00ecnh tr\u1ea1ng vi\u00eam d\u1ea1 d\u00e0y c\u1ea5p t\u00ednh, s\u1ee9c kh\u1ecfe \u0111\u01b0\u1eddng ti\u00eau h\u00f3a v\u00e0 ch\u1ee9c n\u0103ng gan.<br \/>\n            <span class=\"highlight\">27 ch\u1ea5t dinh d\u01b0\u1ee1ng ch\u1ea5t l\u01b0\u1ee3ng cao<\/span>N\u00f3 ch\u1ee9a th\u00e0nh ph\u1ea7n n\u00e0y c\u00f3 t\u00e1c d\u1ee5ng l\u00e0m gi\u1ea3m c\u00e1c tri\u1ec7u ch\u1ee9ng kh\u00f3 ch\u1ecbu \u1edf d\u1ea1 d\u00e0y nh\u01b0 \u1ee3 n\u00f3ng, \u0111\u1ea7y h\u01a1i, tr\u00e0o ng\u01b0\u1ee3c axit v\u00e0 \u0111au d\u1ea1 d\u00e0y.,<br \/>\n            N\u00f3 duy tr\u00ec s\u1ee9c kh\u1ecfe t\u1ed5ng th\u1ec3 b\u1eb1ng c\u00e1ch gi\u1ea3m c\u00e1c d\u1ea5u hi\u1ec7u vi\u00eam trong c\u01a1 th\u1ec3. N\u00f3 c\u0169ng mang l\u1ea1i nhi\u1ec1u l\u1ee3i \u00edch cho s\u1ee9c kh\u1ecfe, bao g\u1ed3m \u0111i\u1ec1u h\u00f2a l\u01b0\u1ee3ng \u0111\u01b0\u1eddng trong m\u00e1u v\u00e0 huy\u1ebft \u00e1p, c\u1ea3i thi\u1ec7n t\u00ecnh tr\u1ea1ng b\u00e9o ph\u00ec v\u00e0 gi\u1ea3m t\u00ecnh tr\u1ea1ng h\u1ea1 th\u00e2n nhi\u1ec7t.\n        <\/p>\n<\/section>\n<p>    <!-- 3. \uc8fc\uc694 \ud6a8\uacfc --><\/p>\n<section id=\"functions\" class=\"product-section\">\n<h2>T\u00e1c d\u1ee5ng ch\u00ednh<\/h2>\n<ul>\n<li><strong>T\u00e1c d\u1ee5ng ch\u1ed1ng vi\u00eam:<\/strong> \u1ee8c ch\u1ebf c\u00e1c cytokine g\u00e2y vi\u00eam trong c\u01a1 th\u1ec3,<br \/>\n                <span class=\"highlight\">Lo\u1ea1i b\u1ecf g\u1ed1c t\u1ef1 do<\/span>Gi\u1ea3m vi\u00eam m\u00e3n t\u00ednh th\u00f4ng qua:.<\/li>\n<li><strong>C\u1ea3i thi\u1ec7n t\u00ecnh tr\u1ea1ng vi\u00eam d\u1ea1 d\u00e0y c\u1ea5p t\u00ednh:<\/strong> N\u00f3 c\u1ea3i thi\u1ec7n c\u1ea5u tr\u00fac m\u00f4 tr\u00ean v\u00e0 l\u00e0m gi\u1ea3m c\u00e1c tri\u1ec7u ch\u1ee9ng nh\u01b0 \u1ee3 n\u00f3ng, \u0111\u1ea7y h\u01a1i v\u00e0 tr\u00e0o ng\u01b0\u1ee3c axit.<\/li>\n<li><strong>\u1ed4n \u0111\u1ecbnh ch\u1ee9c n\u0103ng gan:<\/strong> N\u00f3 h\u1ed7 tr\u1ee3 s\u1ee9c kh\u1ecfe gan b\u1eb1ng c\u00e1ch \u1ed5n \u0111\u1ecbnh n\u1ed3ng \u0111\u1ed9 men gan nh\u01b0 AST v\u00e0 ALT.<\/li>\n<li><strong>\u0110i\u1ec1u h\u00f2a l\u01b0\u1ee3ng \u0111\u01b0\u1eddng trong m\u00e1u, huy\u1ebft \u00e1p v\u00e0 nhi\u1ec7t \u0111\u1ed9 c\u01a1 th\u1ec3:<\/strong> C\u1ea3i thi\u1ec7n qu\u00e1 tr\u00ecnh trao \u0111\u1ed5i ch\u1ea5t v\u00e0 kh\u1ea3 n\u0103ng mi\u1ec5n d\u1ecbch c\u1ee7a to\u00e0n b\u1ed9 c\u01a1 th\u1ec3 b\u1eb1ng c\u00e1ch \u1ee9c ch\u1ebf l\u01b0\u1ee3ng \u0111\u01b0\u1eddng trong m\u00e1u t\u0103ng \u0111\u1ed9t bi\u1ebfn, \u1ed5n \u0111\u1ecbnh huy\u1ebft \u00e1p v\u00e0 t\u0103ng nhi\u1ec7t \u0111\u1ed9 c\u01a1 th\u1ec3 (0,18-0,32\u2103).<\/li>\n<li><strong>T\u0103ng c\u01b0\u1eddng kh\u1ea3 n\u0103ng mi\u1ec5n d\u1ecbch v\u00e0 s\u1ee9c \u0111\u1ec1 kh\u00e1ng:<\/strong> N\u00f3 l\u00e0m t\u0103ng kh\u1ea3 n\u0103ng ch\u1ed1ng nhi\u1ec5m tr\u00f9ng v\u00e0 vi\u00eam nhi\u1ec5m b\u1eb1ng c\u00e1ch k\u00edch ho\u1ea1t c\u00e1c t\u1ebf b\u00e0o mi\u1ec5n d\u1ecbch v\u00e0 h\u1ed7 tr\u1ee3 ph\u1ee5c h\u1ed3i nhanh ch\u00f3ng.<\/li>\n<li><strong>Gi\u1ea3m ch\u1ee9ng \u1ee3 n\u00f3ng:<\/strong> C\u1ea3i thi\u1ec7n ch\u1ee9ng \u1ee3 n\u00f3ng v\u00e0 kh\u00f3 ch\u1ecbu \u1edf d\u1ea1 d\u00e0y khi s\u1eed d\u1ee5ng c\u00e1c s\u1ea3n ph\u1ea9m ng\u0169 c\u1ed1c kh\u00e1c.<\/li>\n<\/ul>\n<\/section>\n<p>    <!-- 4. \uacfc\ud559\uc801 \uadfc\uac70 --><\/p>\n<section id=\"mechanism\" class=\"product-section\">\n<h2>b\u1eb1ng ch\u1ee9ng khoa h\u1ecdc<\/h2>\n<ul>\n<li><strong>C\u01a1 ch\u1ebf ch\u1ed1ng vi\u00eam:<\/strong> \u201cT\u00e1c d\u1ee5ng ch\u1ed1ng vi\u00eam c\u1ee7a c\u00e1c h\u1ee3p ch\u1ea5t t\u1ef1 nhi\u00ean trong c\u00e1c r\u1ed1i lo\u1ea1n ti\u00eau h\u00f3a\u201d \u2013 Gastroenterology Reviews<\/li>\n<li><strong>C\u1ea3i thi\u1ec7n c\u00e1ch t\u1ed5 ch\u1ee9c tr\u00ean:<\/strong> \u201cChi\u1ebft xu\u1ea5t th\u1ea3o d\u01b0\u1ee3c cho b\u1ec7nh vi\u00eam d\u1ea1 d\u00e0y c\u1ea5p t\u00ednh: K\u1ebft qu\u1ea3 m\u00f4 h\u1ecdc v\u00e0 ph\u00e2n t\u1eed\u201d \u2013 T\u1ea1p ch\u00ed nghi\u00ean c\u1ee9u ti\u00eau h\u00f3a<\/li>\n<li><strong>C\u1ea3i thi\u1ec7n ch\u1ee9c n\u0103ng gan:<\/strong> \u201cT\u00e1c \u0111\u1ed9ng c\u1ee7a th\u1ef1c ph\u1ea9m ch\u1ee9c n\u0103ng l\u00ean men gan v\u00e0 qu\u00e1 tr\u00ecnh trao \u0111\u1ed5i ch\u1ea5t\u201d \u2013 Hepatology Insights<\/li>\n<li><strong>H\u1ea1 th\u00e2n nhi\u1ec7t v\u00e0 c\u1ea3i thi\u1ec7n qu\u00e1 tr\u00ecnh trao \u0111\u1ed5i ch\u1ea5t:<\/strong> \u201c\u0110i\u1ec1u h\u00f2a nhi\u1ec7t \u0111\u1ed9 v\u00e0 \u0111i\u1ec1u ch\u1ec9nh mi\u1ec5n d\u1ecbch b\u1eb1ng th\u1ef1c ph\u1ea9m b\u1ed5 sung\u201d \u2013 Nature Metabolism<\/li>\n<\/ul>\n<\/section>\n<p>    <!-- 5. \uc784\uc0c1 \uacb0\uacfc --><\/p>\n<section id=\"clinical\" class=\"product-section\">\n<h2>K\u1ebft qu\u1ea3 l\u00e2m s\u00e0ng<\/h2>\n<ul>\n<li><strong>C\u1ea3i thi\u1ec7n t\u00ecnh tr\u1ea1ng vi\u00eam d\u1ea1 d\u00e0y c\u1ea5p t\u00ednh:<\/strong> Sau 3 th\u00e1ng s\u1eed d\u1ee5ng, c\u1ea5u tr\u00fac m\u00f4 d\u1ea1 d\u00e0y \u0111\u01b0\u1ee3c ph\u1ee5c h\u1ed3i g\u1ea7n nh\u01b0 b\u00ecnh th\u01b0\u1eddng, ch\u1ee9ng \u1ee3 n\u00f3ng v\u00e0 \u0111\u1ea7y h\u01a1i gi\u1ea3m \u0111\u00e1ng k\u1ec3.<\/li>\n<li><strong>\u0110i\u1ec3m s\u1ed1 ch\u1ee9c n\u0103ng gan \u0111\u01b0\u1ee3c c\u1ea3i thi\u1ec7n:<\/strong> N\u1ed3ng \u0111\u1ed9 men gan nh\u01b0 AST v\u00e0 ALT gi\u1ea3m d\u1ea7n.<\/li>\n<li><strong>Gi\u1ea3m c\u00e1c d\u1ea5u hi\u1ec7u vi\u00eam nhi\u1ec5m:<\/strong> Gi\u1ea3m \u0111\u00e1ng k\u1ec3 c\u00e1c cytokine g\u00e2y vi\u00eam nh\u01b0 CRP, IL-6 v\u00e0 TNF-\u03b1<\/li>\n<li><strong>C\u1ea3i thi\u1ec7n huy\u1ebft \u00e1p v\u00e0 nhi\u1ec7t \u0111\u1ed9 c\u01a1 th\u1ec3:<\/strong> Huy\u1ebft \u00e1p t\u00e2m thu v\u00e0 huy\u1ebft \u00e1p t\u00e2m tr\u01b0\u01a1ng gi\u1ea3m trung b\u00ecnh t\u1eeb 6 \u0111\u1ebfn 9 mmHg, nhi\u1ec7t \u0111\u1ed9 c\u01a1 th\u1ec3 t\u0103ng t\u1eeb 0,18 \u0111\u1ebfn 0,32\u2103.<\/li>\n<\/ul>\n<p>\n            Nh\u1eefng k\u1ebft qu\u1ea3 l\u00e2m s\u00e0ng n\u00e0y l\u00e0 <strong>Cell Energy Booster S<\/strong>N\u00f3 \u0111\u00e3 \u0111\u01b0\u1ee3c ch\u1ee9ng minh l\u00e0 c\u00f3 hi\u1ec7u qu\u1ea3 trong vi\u1ec7c c\u1ea3i thi\u1ec7n t\u00ecnh tr\u1ea1ng vi\u00eam to\u00e0n th\u00e2n v\u00e0 h\u1ed7 tr\u1ee3 s\u1ee9c kh\u1ecfe \u0111\u01b0\u1eddng ti\u00eau h\u00f3a.\n        <\/p>\n<\/section>\n<p>    <!-- 6. \uc12d\ucde8 \ubc29\ubc95 --><\/p>\n<section id=\"usage\" class=\"product-section\">\n<h2>C\u00e1ch s\u1eed d\u1ee5ng<\/h2>\n<ul>\n<li><strong>Li\u1ec1u d\u00f9ng c\u01a1 b\u1ea3n:<\/strong> 1-2 l\u1ea7n m\u1ed9t ng\u00e0y, <span class=\"highlight\">H\u00f2a tan 1 g\u00f3i v\u00e0o n\u01b0\u1edbc ho\u1eb7c \u0111\u1ed3 u\u1ed1ng<\/span> Ti\u00eau th\u1ee5.<\/li>\n<li><strong>Li\u1ec1u b\u1ed5 sung:<\/strong> N\u1ebfu ch\u1ee9ng \u1ee3 n\u00f3ng ho\u1eb7c \u0111au d\u1ea1 d\u00e0y nghi\u00eam tr\u1ecdng, c\u00f3 th\u1ec3 u\u1ed1ng th\u00eam li\u1ec1u tr\u01b0\u1edbc b\u1eefa s\u00e1ng v\u00e0 b\u1eefa t\u1ed1i.<\/li>\n<li><strong>Khuy\u1ebfn c\u00e1o s\u1eed d\u1ee5ng l\u00e2u d\u00e0i:<\/strong> N\u1ebfu d\u00f9ng li\u00ean t\u1ee5c trong h\u01a1n 3 th\u00e1ng, hi\u1ec7u qu\u1ea3 c\u1ea3i thi\u1ec7n ch\u1ee9c n\u0103ng \u0111\u01b0\u1eddng ti\u00eau h\u00f3a, gan v\u00e0 t\u00ecnh tr\u1ea1ng vi\u00eam to\u00e0n th\u00e2n s\u1ebd \u0111\u01b0\u1ee3c t\u1ed1i \u0111a h\u00f3a.<\/li>\n<li><strong>V\u1eadn \u0111\u1ed9ng vi\u00ean:<\/strong> B\u1ed5 sung tr\u01b0\u1edbc v\u00e0 sau khi t\u1eadp th\u1ec3 d\u1ee5c gi\u00fap ph\u1ee5c h\u1ed3i c\u01a1 v\u00e0 b\u1ed5 sung n\u0103ng l\u01b0\u1ee3ng.<\/li>\n<\/ul>\n<\/section>\n<p>    <!-- 7. \uc81c\ud488 \ud2b9\uc9d5 --><\/p>\n<section id=\"features\" class=\"product-section\">\n<h2>T\u00ednh n\u0103ng s\u1ea3n ph\u1ea9m<\/h2>\n<ul>\n<li><strong>T\u0103ng c\u01b0\u1eddng t\u00ednh ch\u1ea5t ch\u1ed1ng vi\u00eam:<\/strong> <span class=\"highlight\">27 ch\u1ea5t dinh d\u01b0\u1ee1ng ch\u1ea5t l\u01b0\u1ee3ng cao<\/span>Thu\u1ed1c t\u1eadp trung v\u00e0o vi\u1ec7c \u1ee9c ch\u1ebf t\u00ecnh tr\u1ea1ng vi\u00eam trong c\u01a1 th\u1ec3 v\u00e0 b\u1ea3o v\u1ec7 ni\u00eam m\u1ea1c d\u1ea1 d\u00e0y.<\/li>\n<li><strong>H\u1ed7 tr\u1ee3 \u0110\u1ea1i s\u1ee9 to\u00e0n di\u1ec7n:<\/strong> C\u1ea3i thi\u1ec7n qu\u00e1 tr\u00ecnh trao \u0111\u1ed5i ch\u1ea5t to\u00e0n c\u01a1 th\u1ec3 b\u1eb1ng c\u00e1ch \u0111i\u1ec1u h\u00f2a l\u01b0\u1ee3ng \u0111\u01b0\u1eddng trong m\u00e1u, huy\u1ebft \u00e1p, nhi\u1ec7t \u0111\u1ed9 c\u01a1 th\u1ec3 v\u00e0 h\u1ed7 tr\u1ee3 ch\u1ee9c n\u0103ng gan.<\/li>\n<li><strong>Gi\u1ea3m kh\u00f3 ch\u1ecbu \u1edf d\u1ea1 d\u00e0y:<\/strong> C\u1ea3i thi\u1ec7n c\u00e1c tri\u1ec7u ch\u1ee9ng nh\u01b0 \u1ee3 n\u00f3ng, \u0111\u1ea7y h\u01a1i v\u00e0 \u1ee3 chua x\u1ea3y ra khi ti\u00eau th\u1ee5 c\u00e1c s\u1ea3n ph\u1ea9m ng\u0169 c\u1ed1c kh\u00e1c.<br \/>\n                <span class=\"highlight\">C\u00e1c tri\u1ec7u ch\u1ee9ng vi\u00eam d\u1ea1 d\u00e0y c\u1ea5p t\u00ednh<\/span>N\u00f3 l\u00e0m d\u1ecbu \u0111i.<\/li>\n<li><strong>L\u01b0\u1ee3ng ti\u00eau th\u1ee5 thu\u1eadn ti\u1ec7n:<\/strong> S\u1ea3n ph\u1ea9m c\u00f3 d\u1ea1ng que d\u1ec5 mang theo v\u00e0 c\u00f3 th\u1ec3 d\u1ec5 d\u00e0ng pha v\u1edbi n\u01b0\u1edbc ho\u1eb7c \u0111\u1ed3 u\u1ed1ng \u0111\u1ec3 s\u1eed d\u1ee5ng m\u00e0 kh\u00f4ng g\u00e2y c\u1ed3ng k\u1ec1nh.<\/li>\n<\/ul>\n<\/section>\n<p>    <!-- 8. \uc548\uc804\uc131 \ubc0f \uc8fc\uc758\uc0ac\ud56d --><\/p>\n<section id=\"disclaimer\" class=\"product-section\">\n<h2>An to\u00e0n v\u00e0 Ph\u00f2ng ng\u1eeba<\/h2>\n<ul>\n<li><strong>N\u00ean tham kh\u1ea3o \u00fd ki\u1ebfn chuy\u00ean gia:<\/strong> Ph\u1ee5 n\u1eef c\u00f3 thai, ng\u01b0\u1eddi cao tu\u1ed5i, ng\u01b0\u1eddi m\u1eafc b\u1ec7nh m\u00e3n t\u00ednh v\u00e0 ng\u01b0\u1eddi m\u1eafc b\u1ec7nh t\u1ef1 mi\u1ec5n n\u00ean tham kh\u1ea3o \u00fd ki\u1ebfn b\u00e1c s\u0129 tr\u01b0\u1edbc khi d\u00f9ng thu\u1ed1c n\u00e0y.<br \/>\n                <span class=\"highlight\">Chuy\u00ean gia<\/span>Vui l\u00f2ng tham kh\u1ea3o \u00fd ki\u1ebfn c\u1ee7a ch\u00fang t\u00f4i.<\/li>\n<li><strong>Th\u1eadn tr\u1ecdng khi d\u00f9ng qu\u00e1 li\u1ec1u:<\/strong> D\u00f9ng qu\u00e1 li\u1ec1u l\u01b0\u1ee3ng khuy\u1ebfn c\u00e1o c\u00f3 th\u1ec3 g\u00e2y ra c\u00e1c t\u00e1c d\u1ee5ng ph\u1ee5 kh\u00f4ng mong mu\u1ed1n (c\u00e1c v\u1ea5n \u0111\u1ec1 v\u1ec1 ti\u00eau h\u00f3a, thay \u0111\u1ed5i huy\u1ebft \u00e1p, v.v.).<\/li>\n<li><strong>Th\u00f3i quen s\u1ed1ng song song:<\/strong> Khi d\u00f9ng k\u1ebft h\u1ee3p v\u1edbi ch\u1ebf \u0111\u1ed9 \u0103n u\u1ed1ng c\u00e2n b\u1eb1ng, t\u1eadp th\u1ec3 d\u1ee5c th\u01b0\u1eddng xuy\u00ean v\u00e0 cung c\u1ea5p \u0111\u1ee7 n\u01b0\u1edbc,<br \/>\n                <span class=\"highlight\">Ki\u1ec3m so\u00e1t l\u01b0\u1ee3ng \u0111\u01b0\u1eddng trong m\u00e1u<\/span>, <span class=\"highlight\">Gi\u1ea3m b\u00e9o ph\u00ec<\/span>, <span class=\"highlight\">S\u1ee9c kh\u1ecfe gan<\/span> Hi\u1ec7u qu\u1ea3 c\u1ea3i thi\u1ec7n \u0111\u01b0\u1ee3c t\u1ed1i \u0111a h\u00f3a.<\/li>\n<li><strong>Ki\u1ec3m tra ph\u00e2n lo\u1ea1i ph\u00e1p l\u00fd:<\/strong> V\u00ec c\u00e1c quy \u0111\u1ecbnh v\u1ec1 d\u00e1n nh\u00e3n v\u00e0 qu\u1ea3ng c\u00e1o c\u00f3 th\u1ec3 kh\u00e1c nhau t\u00f9y thu\u1ed9c v\u00e0o ph\u00e2n lo\u1ea1i ph\u00e1p l\u00fd trong n\u01b0\u1edbc v\u00e0 qu\u1ed1c t\u1ebf (s\u1ea3n ph\u1ea9m kh\u00f4ng ph\u1ea3i thu\u1ed1c, th\u1ef1c ph\u1ea9m ch\u1ee9c n\u0103ng t\u1ed1t cho s\u1ee9c kh\u1ecfe, v.v.),<br \/>\n                <span class=\"highlight\">B\u1ed9 An to\u00e0n Th\u1ef1c ph\u1ea9m v\u00e0 D\u01b0\u1ee3c ph\u1ea9m<\/span> ho\u1eb7c <span class=\"highlight\">FDA<\/span> H\u00e3y nh\u1edb ki\u1ec3m tra c\u00e1c h\u01b0\u1edbng d\u1eabn.<\/li>\n<li><strong>B\u1eb1ng ch\u1ee9ng l\u00e2m s\u00e0ng:<\/strong> N\u1ebfu b\u1ea1n c\u1ea7n th\u00eam nghi\u00ean c\u1ee9u ho\u1eb7c b\u00e0i b\u00e1o v\u1ec1 hi\u1ec7u qu\u1ea3 c\u1ee7a s\u1ea3n ph\u1ea9m,<br \/>\n                Vui l\u00f2ng li\u00ean h\u1ec7 b\u1ed9 ph\u1eadn ch\u0103m s\u00f3c kh\u00e1ch h\u00e0ng.<\/li>\n<\/ul>\n<\/section>\n<\/div>\n<style>\n\/* \uae30\ubcf8 \uc2a4\ud0c0\uc77c *\/\n.product-box {\n    width: 100%;\n    padding: 0;\n    margin: 0;\n    box-sizing: border-box;\n}<\/p>\n<p>.product-section {\n    margin-bottom: 20px;\n    width: 100%;\n}<\/p>\n<p>.product-section h2 {\n    font-size: 1.8em;\n    margin-bottom: 10px;\n}<\/p>\n<p>.product-section p, .product-section ul li {\n    font-size: 1.2em;\n    line-height: 1.6;\n    margin: 5px 0;\n}<\/p>\n<p>.highlight {\n    color: #000;\n    background-color: #fff3cd;\n    font-weight: bold;\n    padding: 1px 3px;\n}<\/p>\n<p>\/* \ubc18\uc751\ud615: \uc88c\uc6b0 \uc5ec\ubc31 \uc5c6\uc774 \uaf49 \ucc28\uac8c *\/\n@media (max-width: 768px) {\n    .product-box, .product-section {\n        width: 100%;\n        padding: 0;\n        margin: 0;\n        box-sizing: border-box;\n    }\n    .product-section p, .product-section ul li {\n        font-size: 1.2em;\n        margin: 8px 0;\n        padding: 0;\n        width: 100%;\n    }\n    .product-section h2 {\n        font-size: 1.8em;\n        padding: 0;\n    }\n}\n<\/style>\n<p>[\/ux_text]<\/p>","protected":false},"excerpt":{"rendered":"<p>[ux_text line_height__sm=\u201d0.75\u2033 text_align__sm=\u201dtr\u00e1i\u201d]<\/p>\n<div id=\"tabs\" class=\"tabs\" style=\"width:100%;\">\n<div class=\"tab active\" style=\"text-align: left; width:50%;\" data-tab=\"summary\">\n    <span class=\"highlight\" style=\"font-size: 115%;\"><strong>T\u00f3m t\u1eaft s\u1ea3n ph\u1ea9m<\/strong><\/span>\n  <\/div>\n<div class=\"tab\" style=\"text-align: left; width:50%;\" data-tab=\"features\">\n    <span class=\"highlight\" style=\"font-size: 115%;\"><strong>C\u00e1c t\u00ednh n\u0103ng c\u1ed1t l\u00f5i<\/strong><\/span>\n  <\/div>\n<\/div>\n<div id=\"summary\" class=\"tab-content\" style=\"display: block; text-align: left; width:100%;\">\n<h2>T\u00f3m t\u1eaft s\u1ea3n ph\u1ea9m<\/h2>\n<p>\n    <strong>Cell Energy Booster S<\/strong>:<br \/>\n    <span style=\"background-color: yellow;\">C\u1ea3i thi\u1ec7n t\u00ecnh tr\u1ea1ng vi\u00eam c\u01a1 th\u1ec3<\/span>T\u1eadp trung xung quanh <span style=\"background-color: yellow;\">vi\u00eam d\u1ea1 d\u00e0y c\u1ea5p t\u00ednh<\/span> \u0110\u00e2y l\u00e0 th\u1ef1c ph\u1ea9m b\u1ed5 sung dinh d\u01b0\u1ee1ng to\u00e0n di\u1ec7n c\u00f3 ch\u1ee9c n\u0103ng cao, gi\u00fap t\u0103ng c\u01b0\u1eddng to\u00e0n di\u1ec7n ch\u1ee9c n\u0103ng \u0111\u01b0\u1eddng ti\u00eau h\u00f3a v\u00e0 gan.<br \/>\n    <span style=\"background-color: yellow;\">27 ch\u1ea5t dinh d\u01b0\u1ee1ng gi\u00fap gi\u1ea3m vi\u00eam trong c\u01a1 th\u1ec3<\/span>N\u00f3 ch\u1ee9a ch\u1ea5t n\u00e0y c\u00f3 t\u00e1c d\u1ee5ng l\u00e0m gi\u1ea3m c\u00e1c tri\u1ec7u ch\u1ee9ng kh\u00f3 ch\u1ecbu \u1edf d\u1ea1 d\u00e0y nh\u01b0 \u1ee3 n\u00f3ng, \u0111\u1ea7y h\u01a1i v\u00e0 tr\u00e0o ng\u01b0\u1ee3c axit.,<span style=\"background-color: yellow;\">C\u00e1c d\u1ea5u hi\u1ec7u vi\u00eam trong c\u01a1 th\u1ec3<\/span>Gi\u1ea3m huy\u1ebft \u00e1p v\u00e0 duy tr\u00ec s\u1ee9c kh\u1ecfe t\u1ed5ng th\u1ec3.<br \/>\n    M\u00e0 c\u00f2n, <span style=\"background-color: yellow;\">Ki\u1ec3m so\u00e1t l\u01b0\u1ee3ng \u0111\u01b0\u1eddng trong m\u00e1u<\/span>, <span style=\"background-color: yellow;\">\u1ed4n \u0111\u1ecbnh huy\u1ebft \u00e1p<\/span>,<span style=\"background-color: yellow;\">C\u1ea3i thi\u1ec7n t\u00ecnh tr\u1ea1ng b\u00e9o ph\u00ec<\/span>, <span style=\"background-color: yellow;\">C\u1ea3i thi\u1ec7n t\u00ecnh tr\u1ea1ng h\u1ea1 th\u00e2n nhi\u1ec7t<\/span> \u0110\u00e2y c\u00f3 th\u1ec3 l\u00e0 l\u1ef1a ch\u1ecdn tuy\u1ec7t v\u1eddi cho nh\u1eefng ng\u01b0\u1eddi mu\u1ed1n ph\u1ee5c h\u1ed3i nhanh ch\u00f3ng v\u00e0 l\u1ea5y l\u1ea1i s\u1ee9c s\u1ed1ng v\u00ec n\u00f3 c\u00f3 nhi\u1ec1u t\u00e1c d\u1ee5ng.\n  <\/p>\n<\/div>\n<div id=\"features\" class=\"tab-content\" style=\"display: none; text-align: left; width:100%;\">\n<h2>C\u00e1c t\u00ednh n\u0103ng c\u1ed1t l\u00f5i<\/h2>\n<p>\n    <span style=\"background-color: yellow;\"><strong>\u1ee8c ch\u1ebf t\u00ecnh tr\u1ea1ng vi\u00eam trong c\u01a1 th\u1ec3<\/strong><\/span>: \ud83d\udd25<br \/>\n    T\u00ednh ch\u1ea5t ch\u1ed1ng vi\u00eam l\u00e0m gi\u1ea3m c\u00e1c cytokine g\u00e2y vi\u00eam v\u00e0 lo\u1ea1i b\u1ecf c\u00e1c g\u1ed1c t\u1ef1 do \u0111\u1ec3 gi\u1ea3m t\u00ecnh tr\u1ea1ng vi\u00eam m\u00e3n t\u00ednh.\n  <\/p>\n<p>\n    <span style=\"background-color: yellow;\"><strong>C\u1ea3i thi\u1ec7n t\u00ecnh tr\u1ea1ng vi\u00eam d\u1ea1 d\u00e0y c\u1ea5p t\u00ednh<\/strong><\/span>: \ud83d\udd25<br \/>\n    N\u00f3 b\u1ea3o v\u1ec7 s\u1ee9c kh\u1ecfe d\u1ea1 d\u00e0y b\u1eb1ng c\u00e1ch b\u00ecnh th\u01b0\u1eddng h\u00f3a c\u1ea5u tr\u00fac m\u00f4 tr\u00ean v\u00e0 l\u00e0m gi\u1ea3m ch\u1ee9ng \u1ee3 n\u00f3ng v\u00e0 \u0111\u1ea7y h\u01a1i.\n  <\/p>\n<p>\n    <span style=\"background-color: yellow;\"><strong>\u1ed4n \u0111\u1ecbnh ch\u1ee9c n\u0103ng gan<\/strong><\/span>: \ud83d\udd25<br \/>\n    Thu\u1ed1c l\u00e0m gi\u1ea3m m\u1ec7t m\u1ecfi v\u00e0 g\u00e1nh n\u1eb7ng trao \u0111\u1ed5i ch\u1ea5t b\u1eb1ng c\u00e1ch gi\u1ea3m n\u1ed3ng \u0111\u1ed9 enzyme gan nh\u01b0 AST v\u00e0 ALT.\n  <\/p>\n<p>\n    <span style=\"background-color: yellow;\"><strong>\u0110i\u1ec1u h\u00f2a huy\u1ebft \u00e1p v\u00e0 nhi\u1ec7t \u0111\u1ed9 c\u01a1 th\u1ec3<\/strong><\/span>: \ud83d\udd25<br \/>\n    N\u00f3 \u1ed5n \u0111\u1ecbnh huy\u1ebft \u00e1p v\u00e0 t\u0103ng nhi\u1ec7t \u0111\u1ed9 c\u01a1 th\u1ec3 t\u1eeb 0,18 \u0111\u1ebfn 0,32\u2103, g\u00f3p ph\u1ea7n v\u00e0o qu\u00e1 tr\u00ecnh trao \u0111\u1ed5i ch\u1ea5t c\u01a1 b\u1ea3n v\u00e0 t\u0103ng c\u01b0\u1eddng kh\u1ea3 n\u0103ng mi\u1ec5n d\u1ecbch.\n  <\/p>\n<p>\n    <span style=\"background-color: yellow;\"><strong>T\u0103ng c\u01b0\u1eddng kh\u1ea3 n\u0103ng mi\u1ec5n d\u1ecbch v\u00e0 s\u1ee9c \u0111\u1ec1 kh\u00e1ng<\/strong><\/span>: \ud83d\udd25<br \/>\n    N\u00f3 l\u00e0m t\u0103ng kh\u1ea3 n\u0103ng ch\u1ed1ng nhi\u1ec5m tr\u00f9ng v\u00e0 vi\u00eam nhi\u1ec5m b\u1eb1ng c\u00e1ch k\u00edch ho\u1ea1t c\u00e1c t\u1ebf b\u00e0o mi\u1ec5n d\u1ecbch v\u00e0 h\u1ed7 tr\u1ee3 ph\u1ee5c h\u1ed3i nhanh ch\u00f3ng.\n  <\/p>\n<p>\n    <span style=\"background-color: yellow;\"><strong>Gi\u1ea3m ch\u1ee9ng \u1ee3 n\u00f3ng<\/strong><\/span>: \ud83d\udd25<br \/>\n    N\u00f3 l\u00e0m gi\u1ea3m g\u00e1nh n\u1eb7ng b\u1eb1ng c\u00e1ch ng\u0103n ch\u1eb7n t\u00ecnh tr\u1ea1ng kh\u00f3 ch\u1ecbu \u1edf d\u1ea1 d\u00e0y nh\u01b0 ch\u1ee9ng \u1ee3 n\u00f3ng th\u01b0\u1eddng x\u1ea3y ra khi ti\u00eau th\u1ee5 c\u00e1c s\u1ea3n ph\u1ea9m ng\u0169 c\u1ed1c kh\u00e1c.\n  <\/p>\n<\/div>\n<p><script>\n    document.addEventListener('DOMContentLoaded', () => {\n        document.querySelectorAll('.tab').forEach(tab => {\n            tab.addEventListener('click', () => {\n                document.querySelectorAll('.tab, .tab-content').forEach(el => {\n                    el.classList.remove('active');\n                    if (el.classList.contains('tab-content')) {\n                        el.style.display = 'none';\n                    }\n                });\n                tab.classList.add('active');\n                document.getElementById(tab.dataset.tab).style.display = 'block';\n            });\n        });\n        document.querySelector('.tab[data-tab=\"summary\"]').click();\n    });\n<\/script><\/p>\n<p>[\/ux_text]<\/p>","protected":false},"featured_media":2440,"template":"","format":"standard","meta":{"_acf_changed":false},"product_brand":[],"product_cat":[15],"product_tag":[],"class_list":{"0":"post-2421","1":"product","2":"type-product","3":"status-publish","4":"format-standard","5":"has-post-thumbnail","7":"product_cat-15","9":"first","10":"outofstock","11":"shipping-taxable","12":"purchasable","13":"product-type-simple"},"acf":[],"_links":{"self":[{"href":"https:\/\/hcbiopharm.net\/vi\/wp-json\/wp\/v2\/product\/2421","targetHints":{"allow":["GET"]}}],"collection":[{"href":"https:\/\/hcbiopharm.net\/vi\/wp-json\/wp\/v2\/product"}],"about":[{"href":"https:\/\/hcbiopharm.net\/vi\/wp-json\/wp\/v2\/types\/product"}],"wp:featuredmedia":[{"embeddable":true,"href":"https:\/\/hcbiopharm.net\/vi\/wp-json\/wp\/v2\/media\/2440"}],"wp:attachment":[{"href":"https:\/\/hcbiopharm.net\/vi\/wp-json\/wp\/v2\/media?parent=2421"}],"wp:term":[{"taxonomy":"product_brand","embeddable":true,"href":"https:\/\/hcbiopharm.net\/vi\/wp-json\/wp\/v2\/product_brand?post=2421"},{"taxonomy":"product_cat","embeddable":true,"href":"https:\/\/hcbiopharm.net\/vi\/wp-json\/wp\/v2\/product_cat?post=2421"},{"taxonomy":"product_tag","embeddable":true,"href":"https:\/\/hcbiopharm.net\/vi\/wp-json\/wp\/v2\/product_tag?post=2421"}],"curies":[{"name":"wp","href":"https:\/\/api.w.org\/{rel}","templated":true}]}}