{"id":2420,"date":"2025-10-02T02:40:43","date_gmt":"2025-10-02T02:40:43","guid":{"rendered":"https:\/\/hcbiopharm.net\/?post_type=product&#038;p=2420"},"modified":"2025-10-12T18:00:23","modified_gmt":"2025-10-12T11:00:23","slug":"cardiozol","status":"publish","type":"product","link":"https:\/\/hcbiopharm.net\/vi\/san-pham\/cardiozol\/","title":{"rendered":"B\u1ed5 tr\u1ee3 cho tim"},"content":{"rendered":"<div class=\"product-container\">\n<h3>\u2764\ufe0f Cardiozol<\/h3>\n<ul>\n<li><span class=\"highlight-underline\">S\u1ea3n ph\u1ea9m c\u1ea3i thi\u1ec7n s\u1ee9c kh\u1ecfe tim m\u1ea1ch v\u00e0 tu\u1ea7n ho\u00e0n cao c\u1ea5p<\/span><\/li>\n<li>Ch\u0103m s\u00f3c 3 b\u01b0\u1edbc \u0111\u1ec3 gi\u1eef cho tim v\u00e0 m\u1ea1ch m\u00e1u c\u1ee7a b\u1ea1n an to\u00e0n<\/li>\n<\/ul>\n<h3>\u2705 \u0110\u01b0\u1ee3c khuy\u1ebfn ngh\u1ecb cho nh\u1eefng ng\u01b0\u1eddi n\u00e0y<\/h3>\n<ul>\n<li>Nh\u1eefng ng\u01b0\u1eddi lo l\u1eafng v\u1ec1 vi\u1ec7c huy\u1ebft \u00e1p c\u1ee7a h\u1ecd t\u0103ng v\u00e0 gi\u1ea3m th\u01b0\u1eddng xuy\u00ean<\/li>\n<li>Nh\u1eefng ng\u01b0\u1eddi mu\u1ed1n ki\u1ec3m so\u00e1t l\u01b0u th\u00f4ng m\u00e1u, cholesterol v\u00e0 ch\u1ea5t b\u00e9o trung t\u00ednh<\/li>\n<li>Nh\u1eefng ng\u01b0\u1eddi b\u1ecb lo \u00e2u, ho\u1ea3ng lo\u1ea1n v\u00e0 r\u1ed1i lo\u1ea1n gi\u1ea5c ng\u1ee7<\/li>\n<li>D\u00e0nh cho nh\u1eefng ai \u0111ang t\u00ecm ki\u1ebfm m\u1ed9t s\u1ea3n ph\u1ea9m l\u00e2u d\u00e0i c\u00f3 th\u00e0nh ph\u1ea7n t\u1ef1 nhi\u00ean<\/li>\n<\/ul>\n<h3>\ud83c\udf3f Gi\u1edbi thi\u1ec7u s\u1ea3n ph\u1ea9m<\/h3>\n<ul>\n<li><strong>Cardiozol<\/strong>:<\/li>\n<li><span class=\"highlight-underline\">C\u1ea3i thi\u1ec7n ch\u1ee9c n\u0103ng tim m\u1ea1ch v\u00e0 l\u01b0u th\u00f4ng m\u00e1u.<\/span>.<\/li>\n<li>\u0110\u00e2y l\u00e0 th\u1ef1c ph\u1ea9m ch\u1ee9c n\u0103ng c\u00f3 ngu\u1ed3n g\u1ed1c t\u1eeb th\u1ea3o d\u01b0\u1ee3c t\u1ef1 nhi\u00ean.<\/li>\n<li>T\u1ea1i Hoa K\u1ef3, <span class=\"highlight-underline\">quy tr\u00ecnh s\u1ea3n xu\u1ea5t \u0111\u01b0\u1ee3c ch\u1ee9ng nh\u1eadn cGMP<\/span>.<\/li>\n<li>Ch\u1ea5t l\u01b0\u1ee3ng v\u00e0 an to\u00e0n \u0111\u1ec1u \u0111\u01b0\u1ee3c \u0111\u1ea3m b\u1ea3o.<\/li>\n<\/ul>\n<h3>\ud83d\udc8a C\u00e1ch d\u00f9ng v\u00e0 li\u1ec1u d\u00f9ng<\/h3>\n<ul>\n<li><strong>Li\u1ec1u d\u00f9ng:<\/strong> 2-3 vi\u00ean nang m\u1ed7i ng\u00e0y, <strong>U\u1ed1ng tr\u01b0\u1edbc khi \u0111i ng\u1ee7<\/strong><\/li>\n<li>1 l\u1ecd = 60 vi\u00ean nang<\/li>\n<li>Gi\u00fap b\u1ea1n ng\u1ee7 ngon h\u01a1n v\u00e0 gi\u1ea3m lo \u00e2u<\/li>\n<li><span style=\"color: #ff6600;\"><strong>Khi s\u1eed d\u1ee5ng k\u1ebft h\u1ee3p v\u1edbi Breagen:<\/strong> Breazen v\u00e0o bu\u1ed5i s\u00e1ng \/ Cardiozol v\u00e0o bu\u1ed5i t\u1ed1i (kh\u00f4ng u\u1ed1ng c\u00f9ng nhau)<\/span><\/li>\n<li><strong>Th\u1eddi gian khuy\u1ebfn ngh\u1ecb:<\/strong> Sau khi d\u00f9ng li\u00ean t\u1ee5c trong h\u01a1n 8 th\u00e1ng, h\u00e3y quy\u1ebft \u0111\u1ecbnh c\u00f3 n\u00ean ti\u1ebfp t\u1ee5c hay kh\u00f4ng t\u00f9y thu\u1ed9c v\u00e0o t\u00ecnh tr\u1ea1ng b\u1ec7nh.<\/li>\n<li><strong>th\u1eadn tr\u1ecdng:<\/strong> Vui l\u00f2ng tr\u00e1nh xa r\u01b0\u1ee3u bia, thu\u1ed1c l\u00e1, \u0111\u1ed3 \u0103n l\u1ea1nh v\u00e0 \u0111\u1ed3 \u0103n ng\u1ecdt c\u00e0ng nhi\u1ec1u c\u00e0ng t\u1ed1t.<\/li>\n<\/ul>\n<h3>\ud83d\udcaa T\u00f3m t\u1eaft c\u00e1c t\u00e1c d\u1ee5ng ch\u00ednh<\/h3>\n<table class=\"custom-table\">\n<thead>\n<tr>\n<th>\ud83d\udca1 Ho\u1ea1t \u0111\u1ed9ng<\/th>\n<th>Hi\u1ec7u qu\u1ea3<\/th>\n<\/tr>\n<\/thead>\n<tbody>\n<tr>\n<td><span class=\"highlight-underline\">Gi\u00e3n m\u1ea1ch v\u00e0 c\u1ea3i thi\u1ec7n \u0111\u1ed9 \u0111\u00e0n h\u1ed3i<\/span><\/td>\n<td>Th\u00fac \u0111\u1ea9y oxit nitric (NO) \u2192 c\u1ea3i thi\u1ec7n t\u00ednh linh ho\u1ea1t c\u1ee7a m\u1ea1ch m\u00e1u<\/td>\n<\/tr>\n<tr>\n<td><span class=\"highlight-underline\">T\u00e1c d\u1ee5ng ch\u1ed1ng vi\u00eam v\u00e0 ch\u1ed1ng oxy h\u00f3a<\/span><\/td>\n<td>Lo\u1ea1i b\u1ecf oxy ho\u1ea1t \u0111\u1ed9ng \u2192 ng\u0103n ng\u1eeba x\u01a1 v\u1eefa \u0111\u1ed9ng m\u1ea1ch<\/td>\n<\/tr>\n<tr>\n<td><span class=\"highlight-underline\">Ki\u1ec3m so\u00e1t Cholesterol v\u00e0 Triglyceride<\/span><\/td>\n<td>\u1ee8c ch\u1ebf qu\u00e1 tr\u00ecnh oxy h\u00f3a LDL, duy tr\u00ec HDL v\u00e0 duy tr\u00ec s\u1ef1 c\u00e2n b\u1eb1ng lipid<\/td>\n<\/tr>\n<tr>\n<td><span class=\"highlight-underline\">Gi\u1ea3m lo \u00e2u v\u00e0 c\u00e1c c\u01a1n ho\u1ea3ng lo\u1ea1n v\u00e0 c\u1ea3i thi\u1ec7n gi\u1ea5c ng\u1ee7<\/span><\/td>\n<td>\u1ed4n \u0111\u1ecbnh tim m\u1ea1ch \u2192 Ph\u1ee5c h\u1ed3i s\u1ef1 c\u00e2n b\u1eb1ng c\u1ee7a h\u1ec7 th\u1ea7n kinh t\u1ef1 ch\u1ee7 \u2192 C\u1ea3i thi\u1ec7n ch\u1ea5t l\u01b0\u1ee3ng gi\u1ea5c ng\u1ee7<\/td>\n<\/tr>\n<\/tbody>\n<\/table>\n<h3>\ud83c\udfc6 \u0110i\u1ec3m kh\u00e1c bi\u1ec7t c\u1ee7a Cardiozol<\/h3>\n<ul>\n<li><strong>Ch\u0103m s\u00f3c t\u00edch h\u1ee3p 3 b\u01b0\u1edbc:<\/strong> Qu\u1ea3n l\u00fd m\u1ea1ch m\u00e1u \u2192 vi\u00eam \u2192 lipid c\u00f9ng m\u1ed9t l\u00fac<\/li>\n<li><strong>S\u1ea3n xu\u1ea5t \u0111\u01b0\u1ee3c ch\u1ee9ng nh\u1eadn cGMP:<\/strong> Quy tr\u00ecnh ch\u1ea5t l\u01b0\u1ee3ng cao theo ti\u00eau chu\u1ea9n FDA<\/li>\n<li><strong>D\u1ef1a tr\u00ean c\u00e1c th\u00e0nh ph\u1ea7n t\u1ef1 nhi\u00ean:<\/strong> Kh\u00f4ng \u0111\u01b0\u1eddng, kh\u00f4ng ch\u1ea5t ph\u1ee5 gia, kh\u00f4ng bi\u1ebfn \u0111\u1ed5i gen<\/li>\n<li><strong>\u1ed4n \u0111\u1ecbnh tim m\u1ea1ch + th\u1ea7n kinh + c\u1ea3i thi\u1ec7n gi\u1ea5c ng\u1ee7<\/strong> - L\u00e0 hi\u1ec7u qu\u1ea3 r\u00f5 r\u1ec7t cho th\u1ea5y<\/li>\n<\/ul>\n<h3>\u26a0\ufe0f Vui l\u00f2ng ki\u1ec3m tra tr\u01b0\u1edbc khi s\u1eed d\u1ee5ng<\/h3>\n<ul>\n<li><strong>N\u00ean tham kh\u1ea3o \u00fd ki\u1ebfn chuy\u00ean gia:<\/strong> Ng\u01b0\u1eddi b\u1ecb huy\u1ebft \u00e1p cao, ti\u1ec3u \u0111\u01b0\u1eddng, b\u1ec7nh tim, ph\u1ee5 n\u1eef mang thai v\u00e0 ng\u01b0\u1eddi cao tu\u1ed5i<\/li>\n<\/ul>\n<\/div>","protected":false},"excerpt":{"rendered":"<div class=\"product-container\">\n<h3>\ud83d\udccc T\u00f3m t\u1eaft s\u1ea3n ph\u1ea9m<\/h3>\n<ul>\n<li><span class=\"highlight-underline\">Th\u1ef1c ph\u1ea9m b\u1ed5 sung ch\u0103m s\u00f3c \u0111\u1eb7c bi\u1ec7t cho s\u1ee9c kh\u1ecfe tim m\u1ea1ch<\/span><br \/>\n\u2013 M\u1ed9t ph\u01b0\u01a1ng ph\u00e1p khoa h\u1ecdc \u0111\u1ec3 c\u1ea3i thi\u1ec7n huy\u1ebft \u00e1p, l\u01b0u l\u01b0\u1ee3ng m\u00e1u v\u00e0 lipid<\/li>\n<li><span class=\"highlight-underline\">Thu\u1ed1c th\u1ea3o d\u01b0\u1ee3c d\u1ef1a tr\u00ean quy tr\u00ecnh \u0111\u01b0\u1ee3c ch\u1ee9ng nh\u1eadn cGMP<\/span><br \/>\n\u2013 C\u00f4ng th\u1ee9c th\u00e0nh ph\u1ea7n t\u1ef1 nhi\u00ean cho hi\u1ec7u qu\u1ea3 s\u1eed d\u1ee5ng l\u00e2u d\u00e0i<\/li>\n<li><span class=\"highlight-underline\">Ki\u1ec3m so\u00e1t cholesterol v\u00e0 triglyceride<\/span><br \/>\n\u2013 C\u00e2n b\u1eb1ng lipid b\u1eb1ng c\u00e1ch \u1ee9c ch\u1ebf qu\u00e1 tr\u00ecnh oxy h\u00f3a LDL v\u00e0 duy tr\u00ec HDL<\/li>\n<li><span class=\"highlight-underline\">Gi\u1ea3m lo \u00e2u v\u00e0 c\u00e1c c\u01a1n ho\u1ea3ng lo\u1ea1n, th\u00fac \u0111\u1ea9y gi\u1ea5c ng\u1ee7 s\u00e2u<\/span><br \/>\n\u2013 C\u1ea3i thi\u1ec7n ch\u1ea5t l\u01b0\u1ee3ng gi\u1ea5c ng\u1ee7 b\u1eb1ng c\u00e1ch \u1ed5n \u0111\u1ecbnh h\u1ec7 th\u1ea7n kinh t\u1ef1 ch\u1ee7<\/li>\n<li><span class=\"highlight-underline\" style=\"color: #ff6600;\">Kh\u00f4ng d\u00f9ng \u0111\u1ed3ng th\u1eddi v\u1edbi Breazen<\/span><\/li>\n<\/ul>\n<\/div>","protected":false},"featured_media":2477,"template":"","format":"standard","meta":{"_acf_changed":false},"product_brand":[],"product_cat":[112],"product_tag":[],"class_list":{"0":"post-2420","1":"product","2":"type-product","3":"status-publish","4":"format-standard","5":"has-post-thumbnail","7":"product_cat-112","9":"first","10":"instock","11":"featured","12":"shipping-taxable","13":"purchasable","14":"product-type-simple"},"acf":[],"_links":{"self":[{"href":"https:\/\/hcbiopharm.net\/vi\/wp-json\/wp\/v2\/product\/2420","targetHints":{"allow":["GET"]}}],"collection":[{"href":"https:\/\/hcbiopharm.net\/vi\/wp-json\/wp\/v2\/product"}],"about":[{"href":"https:\/\/hcbiopharm.net\/vi\/wp-json\/wp\/v2\/types\/product"}],"wp:featuredmedia":[{"embeddable":true,"href":"https:\/\/hcbiopharm.net\/vi\/wp-json\/wp\/v2\/media\/2477"}],"wp:attachment":[{"href":"https:\/\/hcbiopharm.net\/vi\/wp-json\/wp\/v2\/media?parent=2420"}],"wp:term":[{"taxonomy":"product_brand","embeddable":true,"href":"https:\/\/hcbiopharm.net\/vi\/wp-json\/wp\/v2\/product_brand?post=2420"},{"taxonomy":"product_cat","embeddable":true,"href":"https:\/\/hcbiopharm.net\/vi\/wp-json\/wp\/v2\/product_cat?post=2420"},{"taxonomy":"product_tag","embeddable":true,"href":"https:\/\/hcbiopharm.net\/vi\/wp-json\/wp\/v2\/product_tag?post=2420"}],"curies":[{"name":"wp","href":"https:\/\/api.w.org\/{rel}","templated":true}]}}