{"id":2412,"date":"2025-10-02T02:40:43","date_gmt":"2025-10-02T02:40:43","guid":{"rendered":"https:\/\/hcbiopharm.net\/?post_type=product&#038;p=2412"},"modified":"2025-10-12T17:40:22","modified_gmt":"2025-10-12T10:40:22","slug":"insulizen","status":"publish","type":"product","link":"https:\/\/hcbiopharm.net\/vi\/san-pham\/insulizen\/","title":{"rendered":"H\u1ed7 tr\u1ee3 ti\u1ec3u \u0111\u01b0\u1eddng"},"content":{"rendered":"<div class=\"product-container\">\n<h3>\ud83e\ude78 INSULIZEN <\/h3>\n<ul>\n<li><span class=\"highlight-underline\">Qu\u1ea3n l\u00fd b\u1ec7nh ti\u1ec3u \u0111\u01b0\u1eddng cao c\u1ea5p, c\u1ea3i thi\u1ec7n t\u00ecnh tr\u1ea1ng kh\u00e1ng insulin v\u00e0 ph\u00f2ng ng\u1eeba bi\u1ebfn ch\u1ee9ng b\u1eb1ng thu\u1ed1c th\u1ea3o d\u01b0\u1ee3c<\/span><\/li>\n<li>T\u1eeb l\u01b0\u1ee3ng \u0111\u01b0\u1eddng trong m\u00e1u \u0111\u1ebfn th\u1eadn v\u00e0 m\u1eaft\u2014ch\u00fang t\u00f4i cung c\u1ea5p d\u1ecbch v\u1ee5 ch\u0103m s\u00f3c to\u00e0n di\u1ec7n cho b\u1ec7nh ti\u1ec3u \u0111\u01b0\u1eddng.<\/li>\n<\/ul>\n<h3>\u2705 \u0110\u01b0\u1ee3c khuy\u1ebfn ngh\u1ecb cho nh\u1eefng ng\u01b0\u1eddi n\u00e0y<\/h3>\n<ul>\n<li>Nh\u1eefng ng\u01b0\u1eddi c\u00f3 l\u01b0\u1ee3ng \u0111\u01b0\u1eddng trong m\u00e1u l\u00fac \u0111\u00f3i v\u00e0 sau b\u1eefa \u0103n cao<\/li>\n<li>B\u1ec7nh nh\u00e2n ti\u1ec3u \u0111\u01b0\u1eddng c\u1ea7n ki\u1ec3m so\u00e1t hemoglobin glycated (HbA1c)<\/li>\n<li>Nh\u1eefng ng\u01b0\u1eddi lo ng\u1ea1i v\u1ec1 c\u00e1c bi\u1ebfn ch\u1ee9ng nh\u01b0 b\u1ec7nh v\u00f5ng m\u1ea1c, suy th\u1eadn v\u00e0 r\u1ed1i lo\u1ea1n c\u01b0\u01a1ng d\u01b0\u01a1ng<\/li>\n<li>D\u00e0nh cho nh\u1eefng ng\u01b0\u1eddi \u0111ang t\u00ecm ki\u1ebfm gi\u1ea3i ph\u00e1p qu\u1ea3n l\u00fd b\u1ec7nh ti\u1ec3u \u0111\u01b0\u1eddng t\u1ef1 nhi\u00ean l\u00e2u d\u00e0i<\/li>\n<\/ul>\n<h3>\ud83c\udf3f Gi\u1edbi thi\u1ec7u s\u1ea3n ph\u1ea9m<\/h3>\n<ul>\n<li><strong>INSULIZEN<\/strong>:<\/li>\n<li>T\u1eadp trung v\u00e0o vi\u1ec7c ki\u1ec3m so\u00e1t l\u01b0\u1ee3ng \u0111\u01b0\u1eddng trong m\u00e1u, c\u1ea3i thi\u1ec7n t\u00ecnh tr\u1ea1ng kh\u00e1ng insulin v\u00e0 lo\u1ea1i b\u1ecf oxy ho\u1ea1t \u0111\u1ed9ng<\/li>\n<li><span class=\"highlight-underline\">H\u1ed7 tr\u1ee3 to\u00e0n di\u1ec7n ph\u00f2ng ng\u1eeba b\u1ec7nh ti\u1ec3u \u0111\u01b0\u1eddng v\u00e0 c\u00e1c bi\u1ebfn ch\u1ee9ng c\u1ee7a b\u1ec7nh<\/span>.\u0110\u00e2y l\u00e0 th\u1ef1c ph\u1ea9m ch\u1ee9c n\u0103ng th\u1ea3o d\u01b0\u1ee3c t\u1ed1t cho s\u1ee9c kh\u1ecfe.<\/li>\n<li><span class=\"highlight-underline\">\u0110\u0103ng k\u00fd OTC c\u1ee7a FDA Hoa K\u1ef3 (80353-451-01)<\/span><\/li>\n<li>C\u1ea3i thi\u1ec7n l\u01b0u th\u00f4ng m\u00e1u, ph\u1ee5c h\u1ed3i n\u0103ng l\u01b0\u1ee3ng, th\u1ecb l\u1ef1c v\u00e0 b\u1ea3o v\u1ec7 th\u1eadn <span class=\"highlight-underline\">\u0111\u01b0\u1ee3c t\u1ed1t h\u01a1n.<\/span><\/li>\n<\/ul>\n<h3>\ud83d\udc8a C\u00e1ch d\u00f9ng v\u00e0 li\u1ec1u d\u00f9ng<\/h3>\n<ul>\n<li>Li\u1ec1u d\u00f9ng ban \u0111\u1ea7u: 2 vi\u00ean nang m\u1ed7i s\u00e1ng v\u00e0 t\u1ed1i (t\u1ed5ng c\u1ed9ng 4 vi\u00ean nang m\u1ed7i ng\u00e0y)<\/li>\n<li>Li\u1ec1u duy tr\u00ec: 2-4 vi\u00ean (\u0111i\u1ec1u ch\u1ec9nh theo m\u1ee9c \u0111\u1ed9 c\u1ea3i thi\u1ec7n)<\/li>\n<li>1 l\u1ecd = 60 vi\u00ean nang<\/li>\n<li>Th\u1eddi gian khuy\u1ebfn ngh\u1ecb: <span class=\"highlight-underline\">S\u1eed d\u1ee5ng li\u00ean t\u1ee5c trong h\u01a1n 6 th\u00e1ng<\/span> Ki\u1ec3m tra sau khi xu\u1ea5t vi\u1ec7n<\/li>\n<li><strong>L\u01b0\u1ee3ng h\u1ea5p th\u1ee5 ph\u1ee9c h\u1ee3p:<\/strong> D\u00f9ng k\u1ebft h\u1ee3p v\u1edbi Nephricare, kh\u1ea3 n\u0103ng b\u1ea3o v\u1ec7 th\u1eadn v\u00e0 t\u00e1c d\u1ee5ng m\u1ea1nh m\u1ebd h\u01a1n khi l\u01b0\u1ee3ng \u0111\u01b0\u1eddng trong m\u00e1u t\u0103ng l\u00ean.<\/li>\n<\/ul>\n<h3>\ud83d\udcaa T\u00f3m t\u1eaft c\u00e1c t\u00e1c d\u1ee5ng ch\u00ednh<\/h3>\n<table class=\"custom-table\">\n<thead>\n<tr>\n<th>\ud83d\udca1 Ho\u1ea1t \u0111\u1ed9ng<\/th>\n<th>Hi\u1ec7u qu\u1ea3<\/th>\n<\/tr>\n<\/thead>\n<tbody>\n<tr>\n<td><span class=\"highlight-underline\">C\u1ea3i thi\u1ec7n t\u00ecnh tr\u1ea1ng kh\u00e1ng insulin<\/span><\/td>\n<td>Lo\u1ea1i b\u1ecf oxy ho\u1ea1t \u0111\u1ed9ng \u2192 b\u1ea3o v\u1ec7 m\u1ea1ch m\u00e1u + b\u00ecnh th\u01b0\u1eddng h\u00f3a qu\u00e1 tr\u00ecnh chuy\u1ec3n h\u00f3a \u0111\u01b0\u1eddng<\/td>\n<\/tr>\n<tr>\n<td><span class=\"highlight-underline\">Ki\u1ec3m so\u00e1t l\u01b0\u1ee3ng \u0111\u01b0\u1eddng trong m\u00e1u v\u00e0 \u1ed5n \u0111\u1ecbnh HbA1c<\/span><\/td>\n<td>Gi\u1ea3m nguy c\u01a1 bi\u1ebfn ch\u1ee9ng<\/td>\n<\/tr>\n<tr>\n<td><span class=\"highlight-underline\">Ph\u1ee5c h\u1ed3i \u0111i\u1ec1u ch\u1ec9nh \u0111\u01b0\u1eddng huy\u1ebft<\/span><\/td>\n<td>Ki\u1ec3m so\u00e1t ti\u1ebft insulin \u2192 l\u00e0m gi\u1ea3m t\u00ecnh tr\u1ea1ng t\u0103ng \u0111\u01b0\u1eddng huy\u1ebft v\u00e0 h\u1ea1 \u0111\u01b0\u1eddng huy\u1ebft<\/td>\n<\/tr>\n<tr>\n<td><span class=\"highlight-underline\">Ph\u00f2ng ng\u1eeba bi\u1ebfn ch\u1ee9ng<\/span><\/td>\n<td>Gi\u00fap ng\u0103n ng\u1eeba b\u1ec7nh v\u00f5ng m\u1ea1c, suy th\u1eadn, r\u1ed1i lo\u1ea1n c\u01b0\u01a1ng d\u01b0\u01a1ng, v.v.<\/td>\n<\/tr>\n<tr>\n<td><span class=\"highlight-underline\">C\u1ea3i thi\u1ec7n t\u00ecnh tr\u1ea1ng m\u1ec7t m\u1ecfi v\u00e0 t\u0103ng c\u01b0\u1eddng s\u1ee9c s\u1ed1ng<\/span><\/td>\n<td>T\u0103ng h\u1ea5p thu glucose v\u00e0o t\u1ebf b\u00e0o \u2192 t\u0103ng n\u0103ng l\u01b0\u1ee3ng<\/td>\n<\/tr>\n<\/tbody>\n<\/table>\n<h3>\ud83e\uddec T\u00e1c \u0111\u1ed9ng k\u00e8m theo:<\/h3>\n<ul>\n<li><strong>\ud83d\udc41 C\u1ea3i thi\u1ec7n kh\u1ea3 n\u0103ng hi\u1ec3n th\u1ecb:<\/strong> \u1ee8c ch\u1ebf qu\u00e1 tr\u00ecnh peroxy h\u00f3a lipid \u2192 ph\u1ee5c h\u1ed3i ch\u1ee9c n\u0103ng v\u00f5ng m\u1ea1c<\/li>\n<li><strong>\u2764\ufe0f S\u1ee9c kh\u1ecfe tim m\u1ea1ch:<\/strong> Gi\u1ea3m cholesterol LDL v\u00e0 triglyceride<\/li>\n<\/ul>\n<h3>\ud83c\udfc6 \u0110i\u1ec3m kh\u00e1c bi\u1ec7t c\u1ee7a Insulizen<\/h3>\n<ul>\n<li>\u0110\u0103ng k\u00fd OTC c\u1ee7a FDA (80353-451-01)<\/li>\n<li>100% an to\u00e0n khi s\u1eed d\u1ee5ng l\u00e2u d\u00e0i d\u1ef1a tr\u00ean y h\u1ecdc th\u1ea3o d\u01b0\u1ee3c<\/li>\n<li>Qu\u1ea3n l\u00fd t\u00edch h\u1ee3p ba y\u1ebfu t\u1ed1 \u0111\u01b0\u1eddng huy\u1ebft, bi\u1ebfn ch\u1ee9ng v\u00e0 duy tr\u00ec s\u1ee9c kh\u1ecfe.<\/li>\n<li>Hi\u1ec7u qu\u1ea3 khi s\u1eed d\u1ee5ng v\u1edbi th\u1ef1c ph\u1ea9m b\u1ed5 sung s\u1ee9c kh\u1ecfe th\u1eadn Nephricare<\/li>\n<\/ul>\n<h3>\u26a0\ufe0f Nh\u1eefng \u0111i\u1ec1u c\u1ea7n ki\u1ec3m tra tr\u01b0\u1edbc khi s\u1eed d\u1ee5ng<\/h3>\n<ul>\n<li><strong>N\u00ean tham kh\u1ea3o \u00fd ki\u1ebfn chuy\u00ean gia:<\/strong> Ph\u1ee5 n\u1eef mang thai, ng\u01b0\u1eddi cao tu\u1ed5i v\u00e0 nh\u1eefng ng\u01b0\u1eddi m\u1eafc b\u1ec7nh m\u00e3n t\u00ednh<\/li>\n<\/ul>\n<\/div>","protected":false},"excerpt":{"rendered":"<div class=\"product-container\">\n<h3>\ud83d\udccc T\u00f3m t\u1eaft s\u1ea3n ph\u1ea9m<\/h3>\n<ul>\n<li>\n      <span class=\"highlight-underline\">Gi\u1ea3i ph\u00e1p qu\u1ea3n l\u00fd b\u1ec7nh ti\u1ec3u \u0111\u01b0\u1eddng b\u1eb1ng th\u1ea3o d\u01b0\u1ee3c cao c\u1ea5p<\/span><br \/>\n      - Ch\u0103m s\u00f3c \u0111a di\u1ec7n t\u1eeb c\u1ea3i thi\u1ec7n t\u00ecnh tr\u1ea1ng kh\u00e1ng insulin \u0111\u1ebfn \u0111\u01b0\u1eddng huy\u1ebft v\u00e0 c\u00e1c bi\u1ebfn ch\u1ee9ng\n    <\/li>\n<li>\n      <span class=\"highlight-underline\">S\u1ea3n ph\u1ea9m \u0111\u00e3 \u0111\u0103ng k\u00fd OTC c\u1ee7a FDA (80353-196-01)<\/span><br \/>\n      \u2013 An to\u00e0n v\u00e0 hi\u1ec7u qu\u1ea3 \u0111\u00e3 \u0111\u01b0\u1ee3c ch\u1ee9ng minh theo ti\u00eau chu\u1ea9n Hoa K\u1ef3\n    <\/li>\n<li>\n      <span class=\"highlight-underline\">100% Th\u00e0nh ph\u1ea7n th\u1ea3o d\u01b0\u1ee3c t\u1ef1 nhi\u00ean<\/span><br \/>\n      \u2013 \u00cdt t\u00e1c d\u1ee5ng ph\u1ee5 ngay c\u1ea3 khi s\u1eed d\u1ee5ng trong th\u1eddi gian d\u00e0i\n    <\/li>\n<li>\n      <span class=\"highlight-underline\">T\u00e1c d\u1ee5ng ch\u00ednh v\u00e0o: \u0110\u01b0\u1eddng huy\u1ebft + Th\u1ecb l\u1ef1c + Th\u1eadn + Sinh l\u1ef1c<\/span><br \/>\n      \u2013 Qu\u1ea3n l\u00fd t\u00edch h\u1ee3p bao g\u1ed3m c\u00e1c bi\u1ebfn ch\u1ee9ng c\u1ee7a b\u1ec7nh ti\u1ec3u \u0111\u01b0\u1eddng\n    <\/li>\n<li>\n      <span class=\"highlight-underline\">T\u1ed1i \u0111a h\u00f3a hi\u1ec7u qu\u1ea3 hi\u1ec7p \u0111\u1ed3ng khi s\u1eed d\u1ee5ng k\u1ebft h\u1ee3p v\u1edbi Nephricare<\/span><br \/>\n      \u2013 T\u00e1c d\u1ee5ng k\u00e9p b\u1ea3o v\u1ec7 th\u1eadn v\u00e0 \u1ed5n \u0111\u1ecbnh \u0111\u01b0\u1eddng huy\u1ebft\n    <\/li>\n<\/ul>\n<\/div>","protected":false},"featured_media":2465,"template":"","format":"standard","meta":{"_acf_changed":false},"product_brand":[],"product_cat":[104],"product_tag":[],"class_list":{"0":"post-2412","1":"product","2":"type-product","3":"status-publish","4":"format-standard","5":"has-post-thumbnail","7":"product_cat-104","9":"first","10":"instock","11":"featured","12":"shipping-taxable","13":"purchasable","14":"product-type-simple"},"acf":[],"_links":{"self":[{"href":"https:\/\/hcbiopharm.net\/vi\/wp-json\/wp\/v2\/product\/2412","targetHints":{"allow":["GET"]}}],"collection":[{"href":"https:\/\/hcbiopharm.net\/vi\/wp-json\/wp\/v2\/product"}],"about":[{"href":"https:\/\/hcbiopharm.net\/vi\/wp-json\/wp\/v2\/types\/product"}],"wp:featuredmedia":[{"embeddable":true,"href":"https:\/\/hcbiopharm.net\/vi\/wp-json\/wp\/v2\/media\/2465"}],"wp:attachment":[{"href":"https:\/\/hcbiopharm.net\/vi\/wp-json\/wp\/v2\/media?parent=2412"}],"wp:term":[{"taxonomy":"product_brand","embeddable":true,"href":"https:\/\/hcbiopharm.net\/vi\/wp-json\/wp\/v2\/product_brand?post=2412"},{"taxonomy":"product_cat","embeddable":true,"href":"https:\/\/hcbiopharm.net\/vi\/wp-json\/wp\/v2\/product_cat?post=2412"},{"taxonomy":"product_tag","embeddable":true,"href":"https:\/\/hcbiopharm.net\/vi\/wp-json\/wp\/v2\/product_tag?post=2412"}],"curies":[{"name":"wp","href":"https:\/\/api.w.org\/{rel}","templated":true}]}}