{"id":2410,"date":"2025-10-02T02:40:42","date_gmt":"2025-10-02T02:40:42","guid":{"rendered":"https:\/\/hcbiopharm.net\/?post_type=product&#038;p=2410"},"modified":"2025-10-02T06:16:11","modified_gmt":"2025-10-02T06:16:11","slug":"digester","status":"publish","type":"product","link":"https:\/\/hcbiopharm.net\/vi\/san-pham\/digester\/","title":{"rendered":"H\u1ed7 tr\u1ee3 h\u1ec7 ti\u00eau h\u00f3a, \u0111\u01b0\u1eddng ru\u1ed9t"},"content":{"rendered":"<div class=\"product-container\">\n<h3>\ud83c\udf43 DIGESTER <\/h3>\n<ul>\n<li><span class=\"highlight-underline\">25 n\u0103m kinh nghi\u1ec7m v\u1ec1 y h\u1ecdc th\u1ea3o d\u01b0\u1ee3c truy\u1ec1n th\u1ed1ng k\u1ebft h\u1ee3p c\u00f4ng ngh\u1ec7 chi\u1ebft xu\u1ea5t nhi\u1ec7t \u0111\u1ed9 th\u1ea5p gi\u00fap ch\u0103m s\u00f3c s\u1ee9c kh\u1ecfe d\u1ea1 d\u00e0y v\u00e0 gi\u1ea3i r\u01b0\u1ee3u.<\/span><\/li>\n<li>\u0110i\u1ec1u h\u00f2a axit d\u1ea1 d\u00e0y, th\u00fac \u0111\u1ea9y ti\u00eau h\u00f3a v\u00e0 t\u0103ng c\u01b0\u1eddng ch\u1ee9c n\u0103ng gan. <strong>Gi\u1ea3i ph\u00e1p to\u00e0n di\u1ec7n cho h\u1ec7 ti\u00eau h\u00f3a<\/strong>cho th\u1ea5y \u0111\u01b0\u1ee3c hi\u1ec7u qu\u1ea3 r\u00f5 r\u1ec7t.<\/li>\n<\/ul>\n<h3>\ud83c\udf3f Gi\u1edbi thi\u1ec7u s\u1ea3n ph\u1ea9m<\/h3>\n<ul>\n<li><strong>DIGESTER<\/strong>\u0111\u1ed1i v\u1edbi c\u00e1c b\u1ec7nh \u0111\u01b0\u1eddng ti\u00eau h\u00f3a nh\u01b0 vi\u00eam d\u1ea1 d\u00e0y, \u1ee3 n\u00f3ng, t\u0103ng axit v\u00e0 vi\u00eam th\u1ef1c qu\u1ea3n tr\u00e0o ng\u01b0\u1ee3c <strong>gi\u00fap<\/strong>:<\/li>\n<li><strong>Gi\u1ea3m t\u00ecnh tr\u1ea1ng n\u00f4n nao, m\u1ec7t m\u1ecfi gan v\u00e0 ti\u00eau h\u00f3a k\u00e9m<\/strong>. \u0110\u00e2y l\u00e0 m\u1ed9t lo\u1ea1i th\u1ef1c ph\u1ea9m b\u1ed5 sung s\u1ee9c kh\u1ecfe t\u1ef1 nhi\u00ean c\u00f3 ch\u1ee9c n\u0103ng cao, c\u00f3 th\u1ec3 ki\u1ec3m so\u00e1t t\u1edbi 100% tr\u1ecdng l\u01b0\u1ee3ng c\u01a1 th\u1ec3 c\u00f9ng m\u1ed9t l\u00fac.<\/li>\n<li>C\u00e2y \u00f3c ch\u00f3, g\u1eebng, v\u1ecf qu\u00fdt, c\u00e2y alder, v.v. <strong>Bao g\u1ed3m 07 th\u00e0nh ph\u1ea7n th\u1ea3o d\u01b0\u1ee3c<\/strong>s\u1eed d\u1ee5ng <strong>Ph\u01b0\u01a1ng ph\u00e1p chi\u1ebft xu\u1ea5t \u1edf nhi\u1ec7t \u0111\u1ed9 th\u1ea5p<\/strong>.<\/li>\n<li>T\u1ed1i \u0111a h\u00f3a kh\u1ea3 n\u0103ng h\u1ea5p th\u1ee5 v\u00e0 hi\u1ec7u qu\u1ea3 c\u1ee7a c\u00e1c th\u00e0nh ph\u1ea7n ho\u1ea1t t\u00ednh.<\/li>\n<\/ul>\n<h3>\u2705 \u0110\u01b0\u1ee3c khuy\u1ebfn ngh\u1ecb cho nh\u1eefng ng\u01b0\u1eddi n\u00e0y<\/h3>\n<ul>\n<li>Nh\u1eefng ng\u01b0\u1eddi b\u1ecb t\u0103ng axit, \u1ee3 n\u00f3ng v\u00e0 kh\u00f3 ti\u00eau<\/li>\n<li>Nh\u1eefng ng\u01b0\u1eddi b\u1ecb n\u00f4n nao nhi\u1ec1u l\u1ea7n v\u00e0 m\u1ec7t m\u1ecfi gan do u\u1ed1ng r\u01b0\u1ee3u th\u01b0\u1eddng xuy\u00ean<\/li>\n<li>Nh\u1eefng ng\u01b0\u1eddi c\u1ea7n c\u1ea3i thi\u1ec7n c\u00e1c v\u1ea5n \u0111\u1ec1 m\u00e3n t\u00ednh v\u1ec1 \u0111\u01b0\u1eddng ti\u00eau h\u00f3a nh\u01b0 vi\u00eam th\u1ef1c qu\u1ea3n tr\u00e0o ng\u01b0\u1ee3c, vi\u00eam d\u1ea1 d\u00e0y v\u00e0 suy gi\u1ea3m ch\u1ee9c n\u0103ng gan<\/li>\n<li>Nh\u1eefng ng\u01b0\u1eddi mu\u1ed1n s\u1eed d\u1ee5ng m\u00e0 kh\u00f4ng lo t\u00e1c d\u1ee5ng ph\u1ee5 v\u00ec s\u1ea3n ph\u1ea9m \u0111\u01b0\u1ee3c l\u00e0m t\u1eeb c\u00e1c th\u00e0nh ph\u1ea7n t\u1ef1 nhi\u00ean<\/li>\n<\/ul>\n<h3>\ud83d\udc8a C\u00e1ch d\u00f9ng v\u00e0 li\u1ec1u d\u00f9ng<\/h3>\n<ul>\n<li><strong>M\u1ee5c \u0111\u00edch c\u1ee7a vi\u1ec7c ch\u0103m s\u00f3c \u0111\u01b0\u1eddng ti\u00eau h\u00f3a:<\/strong> U\u1ed1ng 1 vi\u00ean n\u1ebfu b\u1ea1n c\u1ea3m th\u1ea5y kh\u00f3 ch\u1ecbu, th\u00eam 1 vi\u00ean n\u1ebfu c\u1ea7n.<\/li>\n<li><strong>Gi\u1ea3i r\u01b0\u1ee3u:<\/strong> M\u1ed7i l\u1ea7n u\u1ed1ng 1 vi\u00ean tr\u01b0\u1edbc v\u00e0 sau khi u\u1ed1ng r\u01b0\u1ee3u, v\u00e0 s\u00e1ng h\u00f4m sau (t\u1ed5ng c\u1ed9ng 3 l\u1ea7n)<\/li>\n<li><strong>D\u00f9ng k\u00e8m:<\/strong> C\u1ea3i thi\u1ec7n hi\u1ec7u qu\u1ea3 \u0111i\u1ec1u tr\u1ecb tr\u00e0o ng\u01b0\u1ee3c th\u1ef1c qu\u1ea3n khi d\u00f9ng c\u00f9ng v\u1edbi men vi sinh s\u1ed1ng.<\/li>\n<li><strong>H\u01b0\u1edbng d\u1eabn v\u1ec1 s\u1ee9c ch\u1ee9a:<\/strong> 60 vi\u00ean nang m\u1ed7i l\u1ecd<\/li>\n<\/ul>\n<h3>\ud83d\udcaa T\u00f3m t\u1eaft c\u00e1c t\u00e1c d\u1ee5ng ch\u00ednh<\/h3>\n<ul>\n<li><strong>C\u1ea3i thi\u1ec7n s\u1ee9c kh\u1ecfe d\u1ea1 d\u00e0y c\u1ee7a b\u1ea1n:<\/strong> Gi\u1ea3m ch\u1ee9ng \u1ee3 n\u00f3ng v\u00e0 vi\u00eam d\u1ea1 d\u00e0y b\u1eb1ng c\u00e1ch \u0111i\u1ec1u ch\u1ec9nh axit d\u1ea1 d\u00e0y<\/li>\n<li><strong>Gi\u1ea3i r\u01b0\u1ee3u:<\/strong> Th\u00fac \u0111\u1ea9y qu\u00e1 tr\u00ecnh gi\u1ea3i \u0111\u1ed9c gan v\u00e0 ph\u00e2n h\u1ee7y r\u01b0\u1ee3u<\/li>\n<li><strong>C\u1ea3i thi\u1ec7n ch\u1ee9c n\u0103ng gan:<\/strong> Ph\u00f2ng ng\u1eeba gan nhi\u1ec5m m\u1ee1 v\u00e0 ph\u1ee5c h\u1ed3i ch\u1ee9c n\u0103ng gan suy y\u1ebfu<\/li>\n<li><strong>C\u1ea3i thi\u1ec7n ti\u00eau h\u00f3a:<\/strong> S\u1ef1 k\u1ebft h\u1ee3p gi\u1eefa enzyme v\u00e0 thu\u1ed1c th\u1ea3o d\u01b0\u1ee3c th\u00fac \u0111\u1ea9y qu\u00e1 tr\u00ecnh ti\u00eau h\u00f3a nhanh ch\u00f3ng<\/li>\n<li><strong>C\u1ea3i thi\u1ec7n ch\u1ee9ng tr\u00e0o ng\u01b0\u1ee3c th\u1ef1c qu\u1ea3n:<\/strong> Hi\u1ec7u \u1ee9ng hi\u1ec7p \u0111\u1ed3ng khi k\u1ebft h\u1ee3p v\u1edbi men vi sinh<\/li>\n<\/ul>\n<h3>\ud83d\udd2c C\u00f4ng ngh\u1ec7 ch\u00ednh<\/h3>\n<ul>\n<li><strong>Ph\u01b0\u01a1ng ph\u00e1p chi\u1ebft xu\u1ea5t \u1edf nhi\u1ec7t \u0111\u1ed9 th\u1ea5p:<\/strong> H\u1ea5p th\u1ee5 \u1ed5n \u0111\u1ecbnh m\u00e0 kh\u00f4ng l\u00e0m m\u1ea5t c\u00e1c th\u00e0nh ph\u1ea7n ho\u1ea1t t\u00ednh<\/li>\n<li><strong>Ch\u1ee9a c\u00e1c th\u00e0nh ph\u1ea7n b\u1ea3o v\u1ec7 gan:<\/strong> H\u1ed7 tr\u1ee3 gi\u1ea3i \u0111\u1ed9c r\u01b0\u1ee3u v\u00e0 ph\u1ee5c h\u1ed3i t\u1ebf b\u00e0o gan<\/li>\n<\/ul>\n<h3>\ud83c\udfc6 \u0110i\u1ec3m kh\u00e1c bi\u1ec7t c\u1ee7a Digester<\/h3>\n<ul>\n<li>D\u1ea1 d\u00e0y + gan + c\u1ea3m gi\u00e1c n\u00f4n nao + th\u1ef1c qu\u1ea3n <strong>- Ch\u0103m s\u00f3c to\u00e0n di\u1ec7n cho h\u1ec7 ti\u00eau h\u00f3a<\/strong><\/li>\n<li><strong>100% l\u00e0m t\u1eeb thu\u1ed1c th\u1ea3o d\u01b0\u1ee3c thi\u00ean nhi\u00ean<\/strong> \u2013 Kh\u00f4ng lo t\u00e1c d\u1ee5ng ph\u1ee5 ngay c\u1ea3 khi s\u1eed d\u1ee5ng l\u00e2u d\u00e0i<\/li>\n<li><strong>Ch\u1ee9ng nh\u1eadn GMP<\/strong> \u2013 \u0110\u1ea3m b\u1ea3o ch\u1ea5t l\u01b0\u1ee3ng v\u00e0 an to\u00e0n<\/li>\n<li><strong>C\u00f3 th\u1ec3 s\u1eed d\u1ee5ng k\u1ebft h\u1ee3p v\u1edbi men vi sinh<\/strong> \u2013 Hi\u1ec7u \u1ee9ng hi\u1ec7p \u0111\u1ed3ng c\u1ea3i thi\u1ec7n ch\u1ee9c n\u0103ng th\u1ef1c qu\u1ea3n v\u00e0 ru\u1ed9t<\/li>\n<\/ul>\n<h3>\u26a0\ufe0f Vui l\u00f2ng ki\u1ec3m tra tr\u01b0\u1edbc khi s\u1eed d\u1ee5ng<\/h3>\n<ul>\n<li><strong>N\u00ean tham kh\u1ea3o \u00fd ki\u1ebfn chuy\u00ean gia:<\/strong> N\u1ebfu b\u1ea1n \u0111ang d\u00f9ng thu\u1ed1c nh\u01b0 thu\u1ed1c d\u1ea1 d\u00e0y ho\u1eb7c thu\u1ed1c ch\u1ee9c n\u0103ng gan<\/li>\n<li><strong>C\u1ea3nh b\u00e1o d\u1ecb \u1ee9ng:<\/strong> Nh\u1eefng ng\u01b0\u1eddi nh\u1ea1y c\u1ea3m v\u1edbi m\u1ed9t s\u1ed1 th\u00e0nh ph\u1ea7n th\u1ea3o d\u01b0\u1ee3c nh\u1ea5t \u0111\u1ecbnh n\u00ean ki\u1ec3m tra tr\u01b0\u1edbc khi d\u00f9ng.<\/li>\n<li><strong>Th\u1ef1c hi\u1ec7n theo li\u1ec1u l\u01b0\u1ee3ng khuy\u1ebfn c\u00e1o:<\/strong> Qu\u00e1 li\u1ec1u c\u00f3 th\u1ec3 g\u00e2y kh\u00f3 ch\u1ecbu \u1edf d\u1ea1 d\u00e0y<\/li>\n<\/ul>\n<\/div>","protected":false},"excerpt":{"rendered":"<div class=\"product-container\">\n<h3>\ud83d\udccc T\u00f3m t\u1eaft s\u1ea3n ph\u1ea9m<\/h3>\n<ul>\n<li>\n      <span class=\"highlight-underline\">Gi\u1ea3i ph\u00e1p th\u1ea3o d\u01b0\u1ee3c t\u1ef1 nhi\u00ean cho ch\u1ee9ng kh\u00f3 ti\u00eau, \u1ee3 n\u00f3ng v\u00e0 tr\u00e0o ng\u01b0\u1ee3c axit<\/span><br \/>\n      \u2013 C\u1ea3i thi\u1ec7n s\u1ee9c kh\u1ecfe d\u1ea1 d\u00e0y v\u00e0 ch\u1ee9c n\u0103ng gan\n    <\/li>\n<li>\n      <span class=\"highlight-underline\">M\u1ed9t th\u00e0nh ph\u1ea7n ph\u1ee9c h\u1ee3p ch\u1ee9c n\u0103ng chuy\u00ean bi\u1ec7t trong vi\u1ec7c l\u00e0m gi\u1ea3m ch\u1ee9ng n\u00f4n nao<\/span><br \/>\n      \u2013 T\u0103ng c\u01b0\u1eddng ph\u00e2n h\u1ee7y r\u01b0\u1ee3u v\u00e0 gi\u1ea3i \u0111\u1ed9c gan tr\u01b0\u1edbc v\u00e0 sau khi u\u1ed1ng r\u01b0\u1ee3u\n    <\/li>\n<li>\n      <span class=\"highlight-underline\">C\u00f4ng ngh\u1ec7 sinh h\u1ecdc chi\u1ebft xu\u1ea5t \u1edf nhi\u1ec7t \u0111\u1ed9 th\u1ea5p<\/span><br \/>\n      \u2013 Duy tr\u00ec hi\u1ec7u qu\u1ea3 m\u00e0 kh\u00f4ng ph\u00e1 h\u1ee7y c\u00e1c th\u00e0nh ph\u1ea7n ho\u1ea1t t\u00ednh\n    <\/li>\n<li>\n      <span class=\"highlight-underline\">C\u00f3 th\u1ec3 s\u1eed d\u1ee5ng k\u1ebft h\u1ee3p v\u1edbi c\u00e1c s\u1ea3n ph\u1ea9m men vi sinh \u0111\u1ec3 c\u1ea3i thi\u1ec7n t\u00ecnh tr\u1ea1ng tr\u00e0o ng\u01b0\u1ee3c th\u1ef1c qu\u1ea3n<\/span><br \/>\n      \u2013 Ph\u1ed1i h\u1ee3p v\u1edbi men vi sinh s\u1ed1ng\n    <\/li>\n<li>\n      <span class=\"highlight-underline\">Quy tr\u00ecnh s\u1ea3n xu\u1ea5t an to\u00e0n \u0111\u01b0\u1ee3c ch\u1ee9ng nh\u1eadn GMP<\/span><br \/>\n      \u2013 Ch\u1ea5t l\u01b0\u1ee3ng v\u00e0 \u0111\u1ed9 an to\u00e0n \u0111\u01b0\u1ee3c \u0111\u1ea3m b\u1ea3o ngay c\u1ea3 khi s\u1eed d\u1ee5ng l\u00e2u d\u00e0i\n    <\/li>\n<\/ul>\n<\/div>","protected":false},"featured_media":2459,"template":"","format":"standard","meta":{"_acf_changed":false},"product_brand":[],"product_cat":[108,111],"product_tag":[],"class_list":{"0":"post-2410","1":"product","2":"type-product","3":"status-publish","4":"format-standard","5":"has-post-thumbnail","7":"product_cat-108","8":"product_cat-111","10":"first","11":"instock","12":"featured","13":"shipping-taxable","14":"purchasable","15":"product-type-simple"},"acf":[],"_links":{"self":[{"href":"https:\/\/hcbiopharm.net\/vi\/wp-json\/wp\/v2\/product\/2410","targetHints":{"allow":["GET"]}}],"collection":[{"href":"https:\/\/hcbiopharm.net\/vi\/wp-json\/wp\/v2\/product"}],"about":[{"href":"https:\/\/hcbiopharm.net\/vi\/wp-json\/wp\/v2\/types\/product"}],"wp:featuredmedia":[{"embeddable":true,"href":"https:\/\/hcbiopharm.net\/vi\/wp-json\/wp\/v2\/media\/2459"}],"wp:attachment":[{"href":"https:\/\/hcbiopharm.net\/vi\/wp-json\/wp\/v2\/media?parent=2410"}],"wp:term":[{"taxonomy":"product_brand","embeddable":true,"href":"https:\/\/hcbiopharm.net\/vi\/wp-json\/wp\/v2\/product_brand?post=2410"},{"taxonomy":"product_cat","embeddable":true,"href":"https:\/\/hcbiopharm.net\/vi\/wp-json\/wp\/v2\/product_cat?post=2410"},{"taxonomy":"product_tag","embeddable":true,"href":"https:\/\/hcbiopharm.net\/vi\/wp-json\/wp\/v2\/product_tag?post=2410"}],"curies":[{"name":"wp","href":"https:\/\/api.w.org\/{rel}","templated":true}]}}