{"id":2408,"date":"2025-10-02T02:40:42","date_gmt":"2025-10-02T02:40:42","guid":{"rendered":"https:\/\/hcbiopharm.net\/?post_type=product&#038;p=2408"},"modified":"2025-10-12T22:35:14","modified_gmt":"2025-10-12T15:35:14","slug":"drops","status":"publish","type":"product","link":"https:\/\/hcbiopharm.net\/vi\/san-pham\/drops\/","title":{"rendered":"Mi\u1ec5n d\u1ecbch h\u00f4 h\u1ea5p"},"content":{"rendered":"<div class=\"product-container\">\n<h2>\ud83d\udee1 IMMUNIES DROPS<\/h2>\n<ul>\n<li><span class=\"highlight-underline\">T\u0103ng c\u01b0\u1eddng kh\u1ea3 n\u0103ng mi\u1ec5n d\u1ecbch, ph\u00f2ng ch\u1ed1ng virus v\u00e0 ch\u0103m s\u00f3c h\u00f4 h\u1ea5p<\/span><\/li>\n<li>M\u1ed9t gi\u1ea3i ph\u00e1p mi\u1ec5n d\u1ecbch t\u1ef1 nhi\u00ean \u0111\u01b0\u1ee3c h\u1ea5p th\u1ee5 nhanh ch\u00f3ng trong mi\u1ec7ng v\u00e0 ph\u1ee5c h\u1ed3i s\u1ee9c kh\u1ecfe t\u1ed5ng th\u1ec3.<\/li>\n<\/ul>\n<h3>\ud83c\udf3f Gi\u1edbi thi\u1ec7u s\u1ea3n ph\u1ea9m<\/h3>\n<ul>\n<li><strong>IMMUNIES DROPS<\/strong>:<\/li>\n<li><span class=\"highlight-underline\">Ch\u1ee9a th\u00e0nh ph\u1ea7n vi\u00ean nang 'Immunies' c\u00f3 t\u00e1c d\u1ee5ng \u0111i\u1ec1u h\u00f2a mi\u1ec5n d\u1ecbch<\/span> . \u0110\u00e2y l\u00e0 s\u1ea3n ph\u1ea9m d\u1ea1ng k\u1eb9o t\u1ef1 nhi\u00ean kh\u00f4ng \u0111\u01b0\u1eddng, c\u00f3 h\u01b0\u01a1ng th\u1ea3o m\u1ed9c.<\/li>\n<li>T\u1ea1i Hoa K\u1ef3, <strong>\u0110\u0103ng k\u00fd OTC c\u1ee7a FDA<\/strong> Nguy\u00ean li\u1ec7u th\u00f4 \u0111\u00e3 \u0111\u01b0\u1ee3c s\u1eed d\u1ee5ng,<\/li>\n<li>Qua ni\u00eam m\u1ea1c mi\u1ec7ng <strong>T\u0103ng nhi\u1ec7t \u0111\u1ed9 c\u01a1 th\u1ec3 nhanh ch\u00f3ng l\u00ean 1 \u0111\u1ed9 trong v\u00f2ng 3 ph\u00fat<\/strong>.<\/li>\n<li>M\u1ed9t lo\u1ea1i th\u1ef1c ph\u1ea9m b\u1ed5 sung s\u1ee9c kh\u1ecfe hi\u1ec7u su\u1ea5t cao gi\u00fap k\u00edch ho\u1ea1t to\u00e0n b\u1ed9 h\u1ec7 th\u1ed1ng mi\u1ec5n d\u1ecbch.<\/li>\n<\/ul>\n<h3>\ud83d\udcaa T\u00e1c d\u1ee5ng ch\u00ednh<\/h3>\n<ul>\n<li><strong>T\u0103ng c\u01b0\u1eddng kh\u1ea3 n\u0103ng mi\u1ec5n d\u1ecbch c\u1ee7a b\u1ea1n:<\/strong> Nhi\u1ec7t \u0111\u1ed9 c\u01a1 th\u1ec3 t\u0103ng \u2192 k\u00edch ho\u1ea1t t\u1ebf b\u00e0o mi\u1ec5n d\u1ecbch<\/li>\n<li><strong>C\u1ea3i thi\u1ec7n c\u00e1c tri\u1ec7u ch\u1ee9ng vi\u00eam m\u0169i v\u00e0 c\u1ea3m l\u1ea1nh:<\/strong> Gi\u1ea3m s\u1ed5 m\u0169i, ngh\u1eb9t m\u0169i v\u00e0 h\u1eaft h\u01a1i<\/li>\n<li><strong>C\u1ea3i thi\u1ec7n s\u1ee9c kh\u1ecfe ph\u1ebf qu\u1ea3n v\u00e0 h\u00f4 h\u1ea5p:<\/strong> Ch\u0103m s\u00f3c c\u00e1c tri\u1ec7u ch\u1ee9ng s\u1edbm nh\u01b0 hen suy\u1ec5n v\u00e0 ho<\/li>\n<li><strong>Gi\u1ea3m m\u1ec7t m\u1ecfi v\u00e0 u\u1ec3 o\u1ea3i:<\/strong> Gi\u1ea3m m\u1ecfi m\u1eaft v\u00e0 c\u1ea3i thi\u1ec7n kh\u1ea3 n\u0103ng t\u1eadp trung<\/li>\n<li><strong>C\u1ea3i thi\u1ec7n ch\u1ee9ng kh\u00f3 ti\u00eau:<\/strong> H\u1ed7 tr\u1ee3 s\u1ee9c kh\u1ecfe \u0111\u01b0\u1eddng ti\u00eau h\u00f3a<\/li>\n<li><strong>Gi\u1ea3m c\u00e1c v\u1ea5n \u0111\u1ec1 v\u1ec1 da:<\/strong> C\u1ea3i thi\u1ec7n t\u00ecnh tr\u1ea1ng d\u1ecb \u1ee9ng, vi\u00eam v\u00e0 ng\u1ee9a<\/li>\n<li><strong>Ch\u1ea5t ch\u1ed1ng oxy h\u00f3a v\u00e0 gi\u1ea3i \u0111\u1ed9c:<\/strong> T\u00e1c d\u1ee5ng gi\u1ea3i \u0111\u1ed9c v\u00e0 thanh l\u1ecdc m\u00e1u<\/li>\n<\/ul>\n<h3>\ud83d\udd2c C\u00e1ch th\u1ee9c ho\u1ea1t \u0111\u1ed9ng<\/h3>\n<ul>\n<li><strong>H\u1ea5p thu qua ni\u00eam m\u1ea1c mi\u1ec7ng:<\/strong> H\u1ea5p th\u1ee5 nhanh l\u00e0m t\u0103ng nhi\u1ec7t \u0111\u1ed9 c\u01a1 th\u1ec3 v\u00e0 k\u00edch th\u00edch ph\u1ea3n \u1ee9ng mi\u1ec5n d\u1ecbch<\/li>\n<li><strong>T\u00e1c d\u1ee5ng kh\u00e1ng vi-r\u00fat:<\/strong> K\u00edch ho\u1ea1t t\u1ebf b\u00e0o mi\u1ec5n d\u1ecbch \u2192 \u1ee9c ch\u1ebf vi-r\u00fat<\/li>\n<li><strong>C\u01a1 s\u1edf thu\u1ed1c th\u1ea3o d\u01b0\u1ee3c t\u1ef1 nhi\u00ean:<\/strong> An to\u00e0n khi s\u1eed d\u1ee5ng m\u00e0 kh\u00f4ng c\u1ea7n \u0111\u01b0\u1eddng ho\u1eb7c ch\u1ea5t ph\u1ee5 gia t\u1ed5ng h\u1ee3p<\/li>\n<\/ul>\n<h3>\ud83d\udc8a C\u00e1ch d\u00f9ng<\/h3>\n<ul>\n<li><strong>L\u01b0\u1ee3ng ti\u00eau th\u1ee5 c\u01a1 b\u1ea3n:<\/strong> Khi g\u1eb7p c\u00e1c tri\u1ec7u ch\u1ee9ng vi\u00eam m\u0169i, h\u00e3y ng\u1eadm trong mi\u1ec7ng v\u00e0 ng\u1eadm tan t\u1eeb t\u1eeb.<\/li>\n<li><strong>T\u0103ng c\u01b0\u1eddng l\u01b0\u1ee3ng th\u1ee9c \u0103n n\u1ea1p v\u00e0o:<\/strong> U\u1ed1ng 2-3 li\u1ec1u li\u00ean ti\u1ebfp trong giai \u0111o\u1ea1n \u0111\u1ea7u c\u1ee7a b\u1ec7nh c\u1ea3m l\u1ea1nh ho\u1eb7c khi c\u00e1c tri\u1ec7u ch\u1ee9ng tr\u1edf n\u00ean c\u1ea5p t\u00ednh.<\/li>\n<li><strong>C\u00f4ng d\u1ee5ng c\u1ee7a n\u01b0\u1edbc s\u00fac mi\u1ec7ng:<\/strong> C\u00f3 th\u1ec3 pha lo\u00e3ng trong n\u01b0\u1edbc v\u00e0 d\u00f9ng l\u00e0m n\u01b0\u1edbc s\u00fac mi\u1ec7ng<\/li>\n<\/ul>\n<h3>\ud83c\udfc6 \u0110i\u1ec1u g\u00ec l\u00e0m n\u00ean s\u1ef1 kh\u00e1c bi\u1ec7t c\u1ee7a Immunies Drops?<\/h3>\n<ul>\n<li><strong>Hi\u1ec7u \u1ee9ng nhanh:<\/strong> Nhi\u1ec7t \u0111\u1ed9 c\u01a1 th\u1ec3 v\u00e0 ph\u1ea3n \u1ee9ng mi\u1ec5n d\u1ecbch trong v\u00f2ng 3 ph\u00fat khi h\u1ea5p th\u1ee5 qua \u0111\u01b0\u1eddng u\u1ed1ng<\/li>\n<li><strong>C\u1ea3i ti\u1ebfn t\u1ed5ng h\u1ee3p:<\/strong> Ch\u0103m s\u00f3c h\u00f4 h\u1ea5p + da + ti\u00eau h\u00f3a + m\u1ec7t m\u1ecfi<\/li>\n<li><strong>C\u01a1 s\u1edf t\u1ef1 nhi\u00ean:<\/strong> Kh\u00f4ng \u0111\u01b0\u1eddng, kh\u00f4ng ch\u1ea5t b\u1ea3o qu\u1ea3n, kh\u00f4ng h\u01b0\u01a1ng v\u1ecb nh\u00e2n t\u1ea1o<\/li>\n<li><strong>Nguy\u00ean li\u1ec7u th\u00f4 \u0111\u00e3 \u0111\u0103ng k\u00fd v\u1edbi FDA:<\/strong> S\u1eed d\u1ee5ng c\u00e1c th\u00e0nh ph\u1ea7n ch\u1ee9c n\u0103ng gi\u1ed1ng nh\u01b0 vi\u00ean nang Immunize<\/li>\n<\/ul>\n<h3>\u26a0\ufe0f Vui l\u00f2ng ki\u1ec3m tra tr\u01b0\u1edbc khi s\u1eed d\u1ee5ng<\/h3>\n<ul>\n<li><strong>Chuy\u00ean gia<\/strong> <strong>t\u01b0 v\u1ea5n<\/strong> <strong>Khuy\u1ebfn kh\u00edch<\/strong><strong>:<\/strong>\u00a0Ph\u1ee5 n\u1eef c\u00f3 thai v\u00e0 tr\u1ebb s\u01a1 sinh n\u00ean tham kh\u1ea3o \u00fd ki\u1ebfn tr\u01b0\u1edbc khi s\u1eed d\u1ee5ng.<\/li>\n<\/ul>\n<\/div>","protected":false},"excerpt":{"rendered":"<div class=\"product-container\">\n<h3>\ud83d\udccc T\u00f3m t\u1eaft s\u1ea3n ph\u1ea9m<\/h3>\n<ul>\n<li><span class=\"highlight-underline\">\u0110\u00e1p \u1ee9ng mi\u1ec5n d\u1ecbch nhanh trong v\u00f2ng 3 ph\u00fat th\u00f4ng qua h\u1ea5p th\u1ee5 qua \u0111\u01b0\u1eddng u\u1ed1ng<\/span><br \/>\n- Kh\u1ea3 n\u0103ng mi\u1ec5n d\u1ecbch \u0111\u01b0\u1ee3c t\u0103ng c\u01b0\u1eddng kho\u1ea3ng 5 l\u1ea7n khi nhi\u1ec7t \u0111\u1ed9 c\u01a1 th\u1ec3 t\u0103ng l\u00ean<\/li>\n<li><span class=\"highlight-underline\">Ch\u0103m s\u00f3c to\u00e0n di\u1ec7n cho b\u1ec7nh vi\u00eam m\u0169i, c\u1ea3m l\u1ea1nh v\u00e0 ph\u1ebf qu\u1ea3n<\/span><br \/>\n\u2013 H\u1ed7 tr\u1ee3 \u0111\u1ed3ng th\u1eddi l\u00e0m gi\u1ea3m c\u00e1c tri\u1ec7u ch\u1ee9ng h\u00f4 h\u1ea5p v\u00e0 t\u0103ng c\u01b0\u1eddng mi\u1ec5n d\u1ecbch<\/li>\n<li><span class=\"highlight-underline\">Ch\u1ea5t t\u1ef1 nhi\u00ean, th\u1ea3o d\u01b0\u1ee3c, kh\u00f4ng \u0111\u01b0\u1eddng<\/span><br \/>\n\u2013 L\u00e0m t\u1eeb thi\u00ean nhi\u00ean an to\u00e0n khi s\u1eed d\u1ee5ng l\u00e2u d\u00e0i<\/li>\n<li><span class=\"highlight-underline\">T\u1eeb da \u0111\u1ebfn ti\u00eau h\u00f3a, m\u1eaft v\u00e0 ph\u1ee5c h\u1ed3i m\u1ec7t m\u1ecfi<\/span><br \/>\n- C\u1ea3i thi\u1ec7n s\u1ee9c kh\u1ecfe t\u1ed5ng th\u1ec3<\/li>\n<li><span class=\"highlight-underline\">Ch\u1ee9a c\u00e1c th\u00e0nh ph\u1ea7n \u0111i\u1ec1u h\u00f2a mi\u1ec5n d\u1ecbch \u0111\u00e3 \u0111\u0103ng k\u00fd OTC c\u1ee7a FDA<\/span><br \/>\n\u2013 Th\u00e0nh ph\u1ea7n ch\u00ednh gi\u1ed1ng nh\u01b0 vi\u00ean nang Immunies<\/li>\n<\/ul>\n<\/div>","protected":false},"featured_media":3353,"template":"","format":"standard","meta":{"_acf_changed":false},"product_brand":[],"product_cat":[105,106],"product_tag":[],"class_list":{"0":"post-2408","1":"product","2":"type-product","3":"status-publish","4":"format-standard","5":"has-post-thumbnail","7":"product_cat-105","8":"product_cat-106","10":"first","11":"instock","12":"featured","13":"shipping-taxable","14":"purchasable","15":"product-type-simple"},"acf":[],"_links":{"self":[{"href":"https:\/\/hcbiopharm.net\/vi\/wp-json\/wp\/v2\/product\/2408","targetHints":{"allow":["GET"]}}],"collection":[{"href":"https:\/\/hcbiopharm.net\/vi\/wp-json\/wp\/v2\/product"}],"about":[{"href":"https:\/\/hcbiopharm.net\/vi\/wp-json\/wp\/v2\/types\/product"}],"wp:featuredmedia":[{"embeddable":true,"href":"https:\/\/hcbiopharm.net\/vi\/wp-json\/wp\/v2\/media\/3353"}],"wp:attachment":[{"href":"https:\/\/hcbiopharm.net\/vi\/wp-json\/wp\/v2\/media?parent=2408"}],"wp:term":[{"taxonomy":"product_brand","embeddable":true,"href":"https:\/\/hcbiopharm.net\/vi\/wp-json\/wp\/v2\/product_brand?post=2408"},{"taxonomy":"product_cat","embeddable":true,"href":"https:\/\/hcbiopharm.net\/vi\/wp-json\/wp\/v2\/product_cat?post=2408"},{"taxonomy":"product_tag","embeddable":true,"href":"https:\/\/hcbiopharm.net\/vi\/wp-json\/wp\/v2\/product_tag?post=2408"}],"curies":[{"name":"wp","href":"https:\/\/api.w.org\/{rel}","templated":true}]}}