{"id":2406,"date":"2025-10-02T02:40:42","date_gmt":"2025-10-02T02:40:42","guid":{"rendered":"https:\/\/hcbiopharm.net\/?post_type=product&#038;p=2406"},"modified":"2025-10-02T06:19:47","modified_gmt":"2025-10-02T06:19:47","slug":"rhinico","status":"publish","type":"product","link":"https:\/\/hcbiopharm.net\/vi\/san-pham\/rhinico\/","title":{"rendered":"H\u1ed7 tr\u1ee3 Vi\u00eam m\u0169i"},"content":{"rendered":"<div class=\"product-container\">\n<h3>\ud83c\udf2c RHINICO <\/h3>\n<ul>\n<li><span class=\"highlight-underline\">Gi\u1ea3m nh\u1eb9 nguy\u00ean nh\u00e2n g\u1ed1c r\u1ec5 c\u1ee7a vi\u00eam m\u0169i b\u1eb1ng c\u00e1c bi\u1ec7n ph\u00e1p t\u1ef1 nhi\u00ean<\/span><\/li>\n<li>\u1ee8c ch\u1ebf vi\u00eam ni\u00eam m\u1ea1c m\u0169i v\u00e0 t\u0103ng c\u01b0\u1eddng kh\u1ea3 n\u0103ng mi\u1ec5n d\u1ecbch. <strong>Vi\u00eam m\u0169i, hen suy\u1ec5n v\u00e0 s\u1ee9c kh\u1ecfe h\u00f4 h\u1ea5p<\/strong>- T\u00ecnh tr\u1ea1ng b\u1ec7nh \u0111\u01b0\u1ee3c qu\u1ea3n l\u00fd c\u00f9ng l\u00fac.<\/li>\n<\/ul>\n<h3>\ud83c\udf3f Gi\u1edbi thi\u1ec7u s\u1ea3n ph\u1ea9m<\/h3>\n<ul>\n<li><strong>RHINICO th\u00e0nh ph\u1ea7n<\/strong>l\u00e0 hoa chu\u00f4ng, hoa m\u1ed9c lan tr\u1eafng, hoa g\u1eebng, v.v. <strong>Bao g\u1ed3m 07 th\u00e0nh ph\u1ea7n th\u1ea3o d\u01b0\u1ee3c<\/strong>.<\/li>\n<li>S\u1ea3n ph\u1ea9m c\u00f3 t\u00e1c d\u1ee5ng ch\u1ed1ng vi\u00eam ni\u00eam m\u1ea1c m\u0169i, kh\u00e1ng histamine t\u1ef1 nhi\u00ean v\u00e0 t\u0103ng c\u01b0\u1eddng mi\u1ec5n d\u1ecbch. <strong>M\u1ed9t gi\u1ea3i ph\u00e1p c\u01a1 b\u1ea3n cho b\u1ec7nh vi\u00eam m\u0169i<\/strong>cho th\u1ea5y \u0111\u01b0\u1ee3c hi\u1ec7u qu\u1ea3 r\u00f5 r\u1ec7t.<\/li>\n<li>L\u00e0m gi\u1ea3m c\u00e1c tri\u1ec7u ch\u1ee9ng vi\u00eam m\u0169i d\u1ecb \u1ee9ng, h\u1eaft h\u01a1i m\u00e3n t\u00ednh, s\u1ed5 m\u0169i v\u00e0 ngh\u1eb9t m\u0169i,.<\/li>\n<li><strong>Ng\u0103n ng\u1eeba t\u00e1i ph\u00e1t v\u00e0 c\u1ea3i thi\u1ec7n b\u1ec7nh hen suy\u1ec5n<\/strong> - Ch\u00fang t\u00f4i cung c\u1ea5p d\u1ecbch v\u1ee5 ch\u0103m s\u00f3c to\u00e0n di\u1ec7n.<\/li>\n<\/ul>\n<h3>\u2705 \u0110\u01b0\u1ee3c khuy\u1ebfn ngh\u1ecb cho nh\u1eefng ng\u01b0\u1eddi n\u00e0y<\/h3>\n<ul>\n<li>Nh\u1eefng ng\u01b0\u1eddi b\u1ecb vi\u00eam m\u0169i theo m\u00f9a ho\u1eb7c d\u1ecb \u1ee9ng ph\u1ea5n hoa<\/li>\n<li>Ng\u01b0\u1eddi b\u1ecb vi\u00eam m\u0169i t\u00e1i ph\u00e1t nhi\u1ec1u l\u1ea7n ho\u1eb7c vi\u00eam m\u0169i m\u00e3n t\u00ednh<\/li>\n<li>Nh\u1eefng ng\u01b0\u1eddi b\u1ecb hen suy\u1ec5n ho\u1eb7c ph\u1ea3n \u1ee9ng \u0111\u01b0\u1eddng th\u1edf qu\u00e1 nh\u1ea1y c\u1ea3m<\/li>\n<li>D\u00e0nh cho nh\u1eefng ai \u0111ang t\u00ecm ki\u1ebfm s\u1ea3n ph\u1ea9m cho c\u1ea3 gia \u0111\u00ecnh th\u1eadm ch\u00ed s\u1eed d\u1ee5ng \u0111\u01b0\u1ee3c ngay c\u1ea3 v\u1edbi tr\u1ebb em.<\/li>\n<\/ul>\n<h3>\ud83d\udc8a C\u00e1ch d\u00f9ng v\u00e0 li\u1ec1u d\u00f9ng<\/h3>\n<ul>\n<li><strong>Ng\u01b0\u1eddi l\u1edbn:<\/strong> U\u1ed1ng 2 vi\u00ean nang b\u1ea5t c\u1ee9 khi n\u00e0o xu\u1ea5t hi\u1ec7n tri\u1ec7u ch\u1ee9ng.<\/li>\n<li><strong>Tr\u1ebb em d\u01b0\u1edbi 13 tu\u1ed5i:<\/strong> U\u1ed1ng 1 vi\u00ean nang b\u1ea5t c\u1ee9 khi n\u00e0o xu\u1ea5t hi\u1ec7n tri\u1ec7u ch\u1ee9ng.<\/li>\n<li><strong>L\u01b0\u1ee3ng n\u01b0\u1edbc u\u1ed1ng v\u00e0o:<\/strong> N\u00ean u\u1ed1ng nhi\u1ec1u n\u01b0\u1edbc g\u1ea5p 1,5 l\u1ea7n b\u00ecnh th\u01b0\u1eddng.<\/li>\n<li><strong>H\u01b0\u1edbng d\u1eabn v\u1ec1 s\u1ee9c ch\u1ee9a:<\/strong> 60 vi\u00ean nang m\u1ed7i l\u1ecd<\/li>\n<li><strong>Th\u1eddi gian s\u1eed d\u1ee5ng khuy\u1ebfn c\u00e1o:<\/strong> Khuy\u1ebfn ngh\u1ecb s\u1eed d\u1ee5ng li\u00ean t\u1ee5c trong \u00edt nh\u1ea5t 6 th\u00e1ng<\/li>\n<\/ul>\n<h3>\ud83d\udcaa T\u00f3m t\u1eaft c\u00e1c t\u00e1c d\u1ee5ng ch\u00ednh<\/h3>\n<ul>\n<li><strong>Gi\u1ea3m vi\u00eam m\u0169i m\u00e3n t\u00ednh:<\/strong> C\u1ea3i thi\u1ec7n c\u00e1c tri\u1ec7u ch\u1ee9ng nh\u01b0 h\u1eaft h\u01a1i, s\u1ed5 m\u0169i, ngh\u1eb9t m\u0169i<\/li>\n<li><strong>T\u00e1c d\u1ee5ng ch\u1ed1ng vi\u00eam ni\u00eam m\u1ea1c:<\/strong> Gi\u1ea3m t\u1eafc ngh\u1ebdn v\u00e0 s\u01b0ng t\u1ea5y \u2192 c\u1ea3i thi\u1ec7n h\u00f4 h\u1ea5p<\/li>\n<li><strong>T\u00e1c d\u1ee5ng kh\u00e1ng histamin:<\/strong> Gi\u1ea3m nh\u1eb9 c\u00e1c ph\u1ea3n \u1ee9ng d\u1ecb \u1ee9ng<\/li>\n<li><strong>T\u0103ng c\u01b0\u1eddng kh\u1ea3 n\u0103ng mi\u1ec5n d\u1ecbch c\u1ee7a b\u1ea1n:<\/strong> Ng\u0103n ng\u1eeba t\u00e1i ph\u00e1t b\u1eb1ng c\u00e1ch k\u00edch ho\u1ea1t c\u00e1c t\u1ebf b\u00e0o mi\u1ec5n d\u1ecbch<\/li>\n<\/ul>\n<h3>\ud83d\udd2c C\u01a1 ch\u1ebf ho\u1ea1t \u0111\u1ed9ng<\/h3>\n<ul>\n<li><strong>T\u00e1c d\u1ee5ng ch\u1ed1ng vi\u00eam v\u00e0 kh\u00e1ng histamin:<\/strong> L\u00e0m d\u1ecbu ni\u00eam m\u1ea1c, \u1ee9c ch\u1ebf vi\u00eam v\u00e0 ph\u1ee5c h\u1ed3i s\u1ef1 c\u00e2n b\u1eb1ng mi\u1ec5n d\u1ecbch<\/li>\n<\/ul>\n<h3>\ud83c\udfc6 \u0110i\u1ec3m kh\u00e1c bi\u1ec7t c\u1ee7a Rhinico<\/h3>\n<ul>\n<li>Vi\u00eam m\u0169i + hen suy\u1ec5n + mi\u1ec5n d\u1ecbch <strong>- Ch\u0103m s\u00f3c t\u00edch h\u1ee3p ba tri\u1ec7u ch\u1ee9ng.<\/strong><\/li>\n<li><strong>100% l\u00e0m t\u1eeb thu\u1ed1c th\u1ea3o d\u01b0\u1ee3c thi\u00ean nhi\u00ean<\/strong> \u2013 C\u00f3 th\u1ec3 s\u1eed d\u1ee5ng l\u00e2u d\u00e0i m\u00e0 kh\u00f4ng lo t\u00e1c d\u1ee5ng ph\u1ee5<\/li>\n<li><strong>Vi\u00ean nang d\u1ec5 d\u00e0ng khi s\u1eed d\u1ee5ng<\/strong> - C\u00f3 th\u1ec3 d\u00f9ng ngay khi c\u00f3 tri\u1ec7u ch\u1ee9ng vi\u00eam m\u0169i<\/li>\n<li><strong>An to\u00e0n cho c\u1ea3 tr\u1ebb em.<\/strong><\/li>\n<\/ul>\n<h3>\u26a0\ufe0f Vui l\u00f2ng ki\u1ec3m tra tr\u01b0\u1edbc khi s\u1eed d\u1ee5ng<\/h3>\n<ul>\n<li><strong>N\u00ean tham kh\u1ea3o \u00fd ki\u1ebfn chuy\u00ean gia:<\/strong> B\u1ec7nh nh\u00e2n b\u1ecb vi\u00eam m\u0169i m\u00e3n t\u00ednh, hen suy\u1ec5n ho\u1eb7c d\u1ecb \u1ee9ng<\/li>\n<li><strong>Ph\u1ee5 n\u1eef mang thai v\u00e0 ng\u01b0\u1eddi cao tu\u1ed5i:<\/strong> N\u00ean tham kh\u1ea3o \u00fd ki\u1ebfn chuy\u00ean gia tr\u01b0\u1edbc khi s\u1eed d\u1ee5ng.<\/li>\n<li><strong>Th\u1eadn tr\u1ecdng khi d\u00f9ng qu\u00e1 li\u1ec1u:<\/strong> Ngay c\u1ea3 c\u00e1c s\u1ea3n ph\u1ea9m t\u1ef1 nhi\u00ean c\u0169ng c\u1ea7n li\u1ec1u l\u01b0\u1ee3ng.<\/li>\n<\/ul>\n<\/div>","protected":false},"excerpt":{"rendered":"<div class=\"product-container\">\n<h3>\ud83d\udccc T\u00f3m t\u1eaft s\u1ea3n ph\u1ea9m<\/h3>\n<ul>\n<li>\n      <span class=\"highlight-underline\">Gi\u1ea3i ph\u00e1p c\u1ea3i thi\u1ec7n vi\u00eam m\u0169i b\u1eb1ng th\u1ea3o d\u01b0\u1ee3c thi\u00ean nhi\u00ean<\/span><br \/>\n      \u2013 S\u1ef1 k\u1ebft h\u1ee3p c\u1ee7a 7 lo\u1ea1i th\u1ea3o d\u01b0\u1ee3c bao g\u1ed3m Platycodon grandiflorum, Magnolia japonica v\u00e0 g\u1eebng\n    <\/li>\n<li>\n      <span class=\"highlight-underline\">Ch\u0103m s\u00f3c hi\u1ec7u qu\u1ea3 cho b\u1ec7nh vi\u00eam m\u0169i, hen suy\u1ec5n v\u00e0 mi\u1ec5n d\u1ecbch \u0111\u01b0\u1eddng h\u00f4 h\u1ea5p<\/span><br \/>\n      \u2013 \u1ee8c ch\u1ebf vi\u00eam ni\u00eam m\u1ea1c m\u0169i, c\u00f3 t\u00e1c d\u1ee5ng kh\u00e1ng histamin, ng\u0103n ng\u1eeba t\u00e1i ph\u00e1t.\n    <\/li>\n<li>\n      <span class=\"highlight-underline\">D\u1ea1ng vi\u00ean nang c\u00f3 th\u1ec3 u\u1ed1ng ngay khi c\u00f3 tri\u1ec7u ch\u1ee9ng<\/span><br \/>\n      - Gi\u1ea3m h\u1eaft h\u01a1i, ngh\u1eb9t m\u0169i,... v\u1edbi kh\u1ea3 n\u0103ng th\u1ea9m th\u1ea5u nhanh\n    <\/li>\n<li>\n      <span class=\"highlight-underline\">Tr\u1ebb em c\u0169ng c\u00f3 th\u1ec3 d\u00f9ng<\/span><br \/>\n      \u2013 C\u00f3 th\u1ec3 qu\u1ea3n l\u00fd vi\u00eam m\u0169i cho c\u1ea3 gia \u0111\u00ecnh\n    <\/li>\n<li>\n      <span class=\"highlight-underline\">C\u00f4ng th\u1ee9c t\u1ef1 nhi\u00ean 100%, an to\u00e0n khi s\u1eed d\u1ee5ng l\u00e2u d\u00e0i<\/span><br \/>\n      - Kh\u00f4ng c\u00f3 ch\u1ea5t ph\u1ee5 gia, kh\u00f4ng c\u00f3 t\u00e1c d\u1ee5ng ph\u1ee5 v\u00e0 s\u1eed d\u1ee5ng \u0111\u01b0\u1ee3c li\u00ean t\u1ee5c.\n    <\/li>\n<\/ul>\n<\/div>","protected":false},"featured_media":2450,"template":"","format":"standard","meta":{"_acf_changed":false},"product_brand":[],"product_cat":[106,108],"product_tag":[],"class_list":{"0":"post-2406","1":"product","2":"type-product","3":"status-publish","4":"format-standard","5":"has-post-thumbnail","7":"product_cat-106","8":"product_cat-108","10":"first","11":"instock","12":"featured","13":"shipping-taxable","14":"purchasable","15":"product-type-simple"},"acf":[],"_links":{"self":[{"href":"https:\/\/hcbiopharm.net\/vi\/wp-json\/wp\/v2\/product\/2406","targetHints":{"allow":["GET"]}}],"collection":[{"href":"https:\/\/hcbiopharm.net\/vi\/wp-json\/wp\/v2\/product"}],"about":[{"href":"https:\/\/hcbiopharm.net\/vi\/wp-json\/wp\/v2\/types\/product"}],"wp:featuredmedia":[{"embeddable":true,"href":"https:\/\/hcbiopharm.net\/vi\/wp-json\/wp\/v2\/media\/2450"}],"wp:attachment":[{"href":"https:\/\/hcbiopharm.net\/vi\/wp-json\/wp\/v2\/media?parent=2406"}],"wp:term":[{"taxonomy":"product_brand","embeddable":true,"href":"https:\/\/hcbiopharm.net\/vi\/wp-json\/wp\/v2\/product_brand?post=2406"},{"taxonomy":"product_cat","embeddable":true,"href":"https:\/\/hcbiopharm.net\/vi\/wp-json\/wp\/v2\/product_cat?post=2406"},{"taxonomy":"product_tag","embeddable":true,"href":"https:\/\/hcbiopharm.net\/vi\/wp-json\/wp\/v2\/product_tag?post=2406"}],"curies":[{"name":"wp","href":"https:\/\/api.w.org\/{rel}","templated":true}]}}