{"id":2405,"date":"2025-10-02T02:40:42","date_gmt":"2025-10-02T02:40:42","guid":{"rendered":"https:\/\/hcbiopharm.net\/?post_type=product&#038;p=2405"},"modified":"2025-10-12T18:01:50","modified_gmt":"2025-10-12T11:01:50","slug":"urisphin","status":"publish","type":"product","link":"https:\/\/hcbiopharm.net\/vi\/san-pham\/urisphin\/","title":{"rendered":"Urisphin"},"content":{"rendered":"<div class=\"product-container\">\n<h2>\ud83d\udca7 URISPHIN<\/h2>\n<ul>\n<li><span class=\"highlight-underline\">M\u1ed9t gi\u1ea3i ph\u00e1p t\u1ef1 nhi\u00ean, t\u00edch h\u1ee3p gi\u00fap c\u1ea3i thi\u1ec7n s\u1ee9c kh\u1ecfe \u0111\u01b0\u1eddng ti\u1ebft ni\u1ec7u v\u00e0 ch\u1ee9ng ti\u1ec3u kh\u00f4ng t\u1ef1 ch\u1ee7.<\/span><\/li>\n<li>T\u0103ng c\u01b0\u1eddng s\u1ee9c m\u1ea1nh cho b\u00e0ng quang, ni\u1ec7u \u0111\u1ea1o v\u00e0 c\u01a1 s\u00e0n ch\u1eadu v\u00e0 l\u00e0m gi\u1ea3m c\u00e1c tri\u1ec7u ch\u1ee9ng ti\u1ec3u kh\u00f4ng t\u1ef1 ch\u1ee7 m\u00e0 kh\u00f4ng c\u00f3 t\u00e1c d\u1ee5ng ph\u1ee5.<\/li>\n<\/ul>\n<h3>\ud83c\udf3f Gi\u1edbi thi\u1ec7u s\u1ea3n ph\u1ea9m<\/h3>\n<ul>\n<li><strong>URISPHIN<\/strong>: <span class=\"highlight-underline\">C\u01a1 s\u1edf th\u00e0nh ph\u1ea7n thu\u1ed1c th\u1ea3o d\u01b0\u1ee3c 100%<\/span>.<\/li>\n<li>L\u00e0 m\u1ed9t ch\u1ea5t b\u1ed5 sung gi\u00fap c\u1ea3i thi\u1ec7n s\u1ee9c kh\u1ecfe \u0111\u01b0\u1eddng ti\u1ebft ni\u1ec7u, v\u1ec1 c\u01a1 b\u1ea3n gi\u00fap gi\u1ea3i quy\u1ebft c\u00e1c v\u1ea5n \u0111\u1ec1 v\u1ec1 ti\u1ec3u ti\u1ec7n nh\u01b0 n\u01b0\u1edbc ti\u1ec3u t\u1ed3n \u0111\u1ecdng, ti\u1ec3u ti\u1ec7n th\u01b0\u1eddng xuy\u00ean v\u00e0 ti\u1ec3u kh\u00f4ng t\u1ef1 ch\u1ee7.<\/li>\n<li>T\u0103ng c\u01b0\u1eddng c\u01a1 s\u00e0n ch\u1eadu, ph\u1ee5c h\u1ed3i s\u1ee9c m\u1ea1nh c\u01a1 th\u1eaft ni\u1ec7u \u0111\u1ea1o v\u00e0 \u1ed5n \u0111\u1ecbnh b\u00e0ng quang<\/li>\n<li><strong>C\u00e1c gi\u1ea3i ph\u00e1p t\u00f9y ch\u1ec9nh gi\u00fap gi\u1ea3m thi\u1ec3u nh\u1eefng b\u1ea5t ti\u1ec7n h\u00e0ng ng\u00e0y v\u00e0 n\u00e2ng cao ch\u1ea5t l\u01b0\u1ee3ng cu\u1ed9c s\u1ed1ng<\/strong>cho th\u1ea5y \u0111\u01b0\u1ee3c hi\u1ec7u qu\u1ea3 r\u00f5 r\u1ec7t.<\/li>\n<\/ul>\n<h3>\ud83d\udca7 Ti\u1ec3u kh\u00f4ng t\u1ef1 ch\u1ee7 l\u00e0 g\u00ec?<\/h3>\n<ul>\n<li>Hi\u1ec7n t\u01b0\u1ee3ng kh\u00f4ng th\u1ec3 gi\u1eef \u0111\u01b0\u1ee3c n\u01b0\u1edbc ti\u1ec3u v\u00e0 r\u1ec9 ra ngo\u00e0i<\/li>\n<li>G\u00e2y ra nhi\u1ec1u b\u1ea5t ti\u1ec7n trong cu\u1ed9c s\u1ed1ng h\u00e0ng ng\u00e0y v\u00e0 c\u0103ng th\u1eb3ng v\u1ec1 m\u1eb7t t\u00e2m l\u00fd<\/li>\n<\/ul>\n<h3>\ud83e\ude78 Nguy\u00ean nh\u00e2n v\u00e0 tri\u1ec7u ch\u1ee9ng<\/h3>\n<ul>\n<li><strong>g\u00e2y ra:<\/strong> C\u01a1 s\u00e0n ch\u1eadu y\u1ebfu, ch\u1ee9c n\u0103ng c\u01a1 th\u1eaft ni\u1ec7u \u0111\u1ea1o gi\u1ea3m, ch\u1ee9c n\u0103ng b\u00e0ng quang gi\u1ea3m, l\u00e3o h\u00f3a, sinh con<\/li>\n<li><strong>Tri\u1ec7u ch\u1ee9ng:<\/strong> D\u00f2ng n\u01b0\u1edbc ti\u1ec3u y\u1ebfu, c\u1ea3m gi\u00e1c c\u00f2n n\u01b0\u1edbc ti\u1ec3u sau khi \u0111i ti\u1ec3u, r\u1ec9 n\u01b0\u1edbc ti\u1ec3u khi ho ho\u1eb7c h\u1eaft h\u01a1i<\/li>\n<\/ul>\n<h3>\ud83d\udcaa T\u00e1c d\u1ee5ng ch\u00ednh<\/h3>\n<ul>\n<li><strong>Gi\u1ea3m ch\u1ee9ng ti\u1ec3u kh\u00f4ng t\u1ef1 ch\u1ee7:<\/strong> Kh\u00f4i ph\u1ee5c kh\u1ea3 n\u0103ng ki\u1ec3m so\u00e1t \u0111\u00e0o th\u1ea3i v\u00e0 \u1ed5n \u0111\u1ecbnh t\u1ea7n su\u1ea5t \u0111i ti\u1ec3u<\/li>\n<li><strong>C\u1ea3i thi\u1ec7n ch\u1ee9c n\u0103ng b\u00e0ng quang:<\/strong> Gi\u1ea3m c\u00e1c tri\u1ec7u ch\u1ee9ng c\u1ee7a b\u00e0ng quang ho\u1ea1t \u0111\u1ed9ng qu\u00e1 m\u1ee9c<\/li>\n<li><strong>T\u0103ng c\u01b0\u1eddng s\u1ee9c m\u1ea1nh cho s\u00e0n ch\u1eadu v\u00e0 ni\u1ec7u \u0111\u1ea1o:<\/strong> T\u0103ng c\u01b0\u1eddng kh\u1ea3 n\u0103ng t\u1ef1 ch\u1ee7 b\u1eb1ng c\u00e1ch ph\u1ee5c h\u1ed3i \u0111\u1ed9 \u0111\u00e0n h\u1ed3i c\u1ee7a c\u01a1<\/li>\n<li><strong>Ph\u1ee5c h\u1ed3i ch\u1ee9c n\u0103ng mi\u1ec5n d\u1ecbch:<\/strong> Ph\u00f2ng ng\u1eeba vi\u00eam v\u00e0 t\u00e1i ph\u00e1t<\/li>\n<\/ul>\n<h3>\ud83d\udd2c C\u00e1ch th\u1ee9c ho\u1ea1t \u0111\u1ed9ng<\/h3>\n<ul>\n<li><strong>C\u1ea3i thi\u1ec7n l\u01b0u l\u01b0\u1ee3ng m\u00e1u v\u00e0 c\u00e2n b\u1eb1ng n\u1ed9i ti\u1ebft t\u1ed1:<\/strong> Thu\u1ed1c th\u1ea3o d\u01b0\u1ee3c t\u00e1c \u0111\u1ed9ng tr\u1ef1c ti\u1ebfp l\u00ean c\u00e1c m\u00f4 xung quanh tuy\u1ebfn ti\u1ec1n li\u1ec7t v\u00e0 b\u00e0ng quang.<\/li>\n<li><strong>T\u00ednh ch\u1ea5t ch\u1ed1ng vi\u00eam v\u00e0 ch\u1ed1ng oxy h\u00f3a:<\/strong> \u1ee8c ch\u1ebf vi\u00eam v\u00e0 th\u00fac \u0111\u1ea9y t\u00e1i t\u1ea1o m\u00f4<\/li>\n<li><strong>K\u00edch ho\u1ea1t t\u1ebf b\u00e0o mi\u1ec5n d\u1ecbch:<\/strong> T\u0103ng c\u01b0\u1eddng ph\u1ee5c h\u1ed3i t\u1ed5ng th\u1ec3 b\u1eb1ng c\u00e1ch ph\u1ee5c h\u1ed3i ch\u1ee9c n\u0103ng th\u1eadn v\u00e0 gan<\/li>\n<\/ul>\n<h3>\ud83e\uddea B\u1eb1ng ch\u1ee9ng nghi\u00ean c\u1ee9u (Phi l\u00e2m s\u00e0ng)<\/h3>\n<ul>\n<li><strong>C\u1ea3i thi\u1ec7n c\u1ea3m gi\u00e1c n\u01b0\u1edbc ti\u1ec3u c\u00f2n l\u1ea1i v\u00e0 t\u1ea7n su\u1ea5t \u0111i ti\u1ec3u:<\/strong> Gi\u1ea3m c\u00e1c tri\u1ec7u ch\u1ee9ng ti\u1ebft ni\u1ec7u sau khi d\u00f9ng t\u1eeb 3 \u0111\u1ebfn 6 th\u00e1ng<\/li>\n<li><strong>\u1ed4n \u0111\u1ecbnh m\u1ee9c BUN v\u00e0 Creatinine:<\/strong> Xu h\u01b0\u1edbng b\u00ecnh th\u01b0\u1eddng h\u00f3a c\u00e1c ch\u1ec9 s\u1ed1 ch\u1ee9c n\u0103ng th\u1eadn<\/li>\n<li><strong>S\u1ed1 UPC \u0111\u01b0\u1ee3c c\u1ea3i thi\u1ec7n:<\/strong> C\u1ea3i thi\u1ec7n protein ni\u1ec7u \u2192 Ch\u1ec9 s\u1ed1 ph\u1ee5c h\u1ed3i ch\u1ee9c n\u0103ng ti\u1ec3u kh\u00f4ng t\u1ef1 ch\u1ee7<\/li>\n<\/ul>\n<h3>\ud83d\udc8a C\u00e1ch d\u00f9ng<\/h3>\n<ul>\n<li><strong>Li\u1ec1u d\u00f9ng c\u01a1 b\u1ea3n:<\/strong> Tr\u01b0\u1edbc b\u1eefa s\u00e1ng v\u00e0 b\u1eefa t\u1ed1i 1 gi\u1edd, u\u1ed1ng 3 l\u1ea7n \u00d7 3 vi\u00ean (t\u1ed5ng c\u1ed9ng 9 vi\u00ean\/ng\u00e0y)<\/li>\n<li><strong>S\u1eed d\u1ee5ng l\u00e2u d\u00e0i:<\/strong> T\u0103ng hi\u1ec7u qu\u1ea3 duy tr\u00ec khi k\u1ebft h\u1ee3p v\u1edbi b\u00e0i t\u1eadp Kegel<\/li>\n<\/ul>\n<h3>\ud83c\udfc6 \u0110i\u1ec3m kh\u00e1c bi\u1ec7t c\u1ee7a Urisphin<\/h3>\n<ul>\n<li><strong>C\u00f4ng th\u1ee9c th\u1ea3o d\u01b0\u1ee3c t\u1ef1 nhi\u00ean 100%:<\/strong> An to\u00e0n v\u00e0 kh\u00f4ng lo l\u1eafng ngay c\u1ea3 khi s\u1eed d\u1ee5ng l\u00e2u d\u00e0i<\/li>\n<li><strong>Gi\u1ea3i ph\u00e1p t\u00edch h\u1ee3p:<\/strong> Ch\u0103m s\u00f3c cho b\u00e0ng quang, ni\u1ec7u \u0111\u1ea1o v\u00e0 c\u01a1 s\u00e0n ch\u1eadu<\/li>\n<li><strong>D\u1ef1a tr\u00ean c\u00e1c th\u1eed nghi\u1ec7m ti\u1ec1n l\u00e2m s\u00e0ng:<\/strong> Hi\u1ec7u qu\u1ea3 \u0111\u01b0\u1ee3c ch\u1ee9ng minh b\u1eb1ng nh\u1eefng thay \u0111\u1ed5i v\u1ec1 s\u1ed1 l\u01b0\u1ee3ng<\/li>\n<li><strong>Gi\u1ea3m thi\u1ec3u t\u00e1c d\u1ee5ng ph\u1ee5:<\/strong> T\u00e1c d\u1ee5ng t\u1ef1 nhi\u00ean kh\u00f4ng g\u00e2y k\u00edch \u1ee9ng<\/li>\n<\/ul>\n<h3>\u26a0\ufe0f Vui l\u00f2ng ki\u1ec3m tra tr\u01b0\u1edbc khi s\u1eed d\u1ee5ng<\/h3>\n<ul>\n<li><strong>N\u00ean tham kh\u1ea3o \u00fd ki\u1ebfn chuy\u00ean gia:<\/strong> Ph\u1ee5 n\u1eef c\u00f3 thai, ng\u01b0\u1eddi cao tu\u1ed5i v\u00e0 ng\u01b0\u1eddi m\u1eafc b\u1ec7nh m\u00e3n t\u00ednh ph\u1ea3i tham kh\u1ea3o \u00fd ki\u1ebfn b\u00e1c s\u0129 chuy\u00ean khoa.<\/li>\n<\/ul>\n<\/div>","protected":false},"excerpt":{"rendered":"<div class=\"product-container\">\n<h3>\ud83d\udccc T\u00f3m t\u1eaft s\u1ea3n ph\u1ea9m<\/h3>\n<ul>\n<li><span class=\"highlight-underline\">C\u1ea3i thi\u1ec7n c\u01a1 b\u1ea3n t\u00ecnh tr\u1ea1ng ti\u1ec3u kh\u00f4ng t\u1ef1 ch\u1ee7, c\u1ea3m gi\u00e1c n\u01b0\u1edbc ti\u1ec3u c\u00f2n s\u00f3t l\u1ea1i v\u00e0 ti\u1ec3u nhi\u1ec1u l\u1ea7n<\/span><br \/>\n\u2013 Ch\u0103m s\u00f3c t\u00edch h\u1ee3p cho b\u00e0ng quang, ni\u1ec7u \u0111\u1ea1o v\u00e0 c\u01a1 s\u00e0n ch\u1eadu<\/li>\n<li><span class=\"highlight-underline\">100% l\u00e0m t\u1eeb thu\u1ed1c th\u1ea3o d\u01b0\u1ee3c thi\u00ean nhi\u00ean<\/span><br \/>\n\u2013 C\u00f4ng th\u1ee9c an to\u00e0n, kh\u00f4ng g\u00e2y k\u00edch \u1ee9ng khi s\u1eed d\u1ee5ng l\u00e2u d\u00e0i<\/li>\n<li><span class=\"highlight-underline\">Hi\u1ec7u qu\u1ea3 \u0111\u01b0\u1ee3c ch\u1ee9ng minh th\u00f4ng qua c\u00e1c nghi\u00ean c\u1ee9u phi l\u00e2m s\u00e0ng<\/span><br \/>\n\u2013 B\u00ecnh th\u01b0\u1eddng h\u00f3a n\u1ed3ng \u0111\u1ed9 creatinine, BUN v\u00e0 UPC<\/li>\n<li><span class=\"highlight-underline\">\u1ed4n \u0111\u1ecbnh b\u00e0ng quang + t\u0103ng c\u01b0\u1eddng h\u1ec7 mi\u1ec5n d\u1ecbch<\/span><br \/>\n\u2013 Gi\u1ea3m c\u00e1c tri\u1ec7u ch\u1ee9ng qu\u00e1 m\u1eabn v\u00e0 ng\u0103n ng\u1eeba t\u00e1i ph\u00e1t<\/li>\n<li><span class=\"highlight-underline\">T\u0103ng hi\u1ec7u qu\u1ea3 l\u00e2u d\u00e0i khi k\u1ebft h\u1ee3p v\u1edbi c\u00e1c b\u00e0i t\u1eadp Kegel<\/span><br \/>\n\u2013 Ph\u1ee5c h\u1ed3i s\u1ee9c m\u1ea1nh c\u01a1 th\u1eaft ni\u1ec7u \u0111\u1ea1o v\u00e0 c\u01a1 s\u00e0n ch\u1eadu<\/li>\n<\/ul>\n<\/div>","protected":false},"featured_media":2445,"template":"","format":"standard","meta":{"_acf_changed":false},"product_brand":[],"product_cat":[107,110],"product_tag":[],"class_list":{"0":"post-2405","1":"product","2":"type-product","3":"status-publish","4":"format-standard","5":"has-post-thumbnail","7":"product_cat-107","8":"product_cat-110","10":"first","11":"instock","12":"shipping-taxable","13":"purchasable","14":"product-type-simple"},"acf":[],"_links":{"self":[{"href":"https:\/\/hcbiopharm.net\/vi\/wp-json\/wp\/v2\/product\/2405","targetHints":{"allow":["GET"]}}],"collection":[{"href":"https:\/\/hcbiopharm.net\/vi\/wp-json\/wp\/v2\/product"}],"about":[{"href":"https:\/\/hcbiopharm.net\/vi\/wp-json\/wp\/v2\/types\/product"}],"wp:featuredmedia":[{"embeddable":true,"href":"https:\/\/hcbiopharm.net\/vi\/wp-json\/wp\/v2\/media\/2445"}],"wp:attachment":[{"href":"https:\/\/hcbiopharm.net\/vi\/wp-json\/wp\/v2\/media?parent=2405"}],"wp:term":[{"taxonomy":"product_brand","embeddable":true,"href":"https:\/\/hcbiopharm.net\/vi\/wp-json\/wp\/v2\/product_brand?post=2405"},{"taxonomy":"product_cat","embeddable":true,"href":"https:\/\/hcbiopharm.net\/vi\/wp-json\/wp\/v2\/product_cat?post=2405"},{"taxonomy":"product_tag","embeddable":true,"href":"https:\/\/hcbiopharm.net\/vi\/wp-json\/wp\/v2\/product_tag?post=2405"}],"curies":[{"name":"wp","href":"https:\/\/api.w.org\/{rel}","templated":true}]}}