{"id":2404,"date":"2025-10-02T02:40:42","date_gmt":"2025-10-02T02:40:42","guid":{"rendered":"https:\/\/hcbiopharm.net\/?post_type=product&#038;p=2404"},"modified":"2025-10-12T17:26:49","modified_gmt":"2025-10-12T10:26:49","slug":"immunies","status":"publish","type":"product","link":"https:\/\/hcbiopharm.net\/vi\/san-pham\/immunies\/","title":{"rendered":"T\u0103ng c\u01b0\u1eddng mi\u1ec5n d\u1ecbch"},"content":{"rendered":"<div class=\"product-container\">\n<p>&nbsp;<\/p>\n<h3>\ud83d\udee1 MI\u1ec4N D\u1ecaCH<\/h3>\n<ul>\n<li><span class=\"highlight-underline\">C\u1ea3i thi\u1ec7n t\u00ecnh tr\u1ea1ng t\u1ef1 mi\u1ec5n d\u1ecbch, virus v\u00e0 c\u1ee5c m\u00e1u \u0111\u00f4ng c\u00f9ng m\u1ed9t l\u00fac<\/span><\/li>\n<li>Ch\u1ea5t \u0111i\u1ec1u h\u00f2a mi\u1ec5n d\u1ecbch t\u1ef1 nhi\u00ean gi\u00fap kh\u00f4i ph\u1ee5c s\u1ef1 c\u00e2n b\u1eb1ng mi\u1ec5n d\u1ecbch v\u00e0 b\u1ea3o v\u1ec7 c\u01a1 th\u1ec3 b\u1ea1n kh\u1ecfi c\u00e1c t\u00e1c nh\u00e2n g\u00e2y b\u1ec7nh.<\/li>\n<\/ul>\n<h3>\ud83c\udf3f Gi\u1edbi thi\u1ec7u s\u1ea3n ph\u1ea9m<\/h3>\n<ul>\n<li style=\"list-style-type: none;\">\n<ul>\n<li><strong>IMMUNIES \u0111\u01b0\u1ee3c s\u1ea3n xu\u1ea5t d\u1ef1a tr\u00ean thu\u1ed1c th\u1ea3o d\u01b0\u1ee3c t\u1ef1 nhi\u00ean 100%. <\/strong>:<\/li>\n<\/ul>\n<\/li>\n<\/ul>\n<p><span class=\"highlight-underline\">\u0110\u00e2y l\u00e0 ch\u1ea5t \u0111i\u1ec1u h\u00f2a mi\u1ec5n d\u1ecbch m\u1ea1nh m\u1ebd bao g\u1ed3m:<\/span><\/p>\n<ul>\n<li>\u2022 T\u0103ng c\u01b0\u1eddng s\u1ee9c m\u1ea1nh t\u1ef1 nhi\u00ean c\u1ee7a h\u1ec7 th\u1ed1ng mi\u1ec5n d\u1ecbch b\u1eb1ng c\u00e1ch k\u00edch ho\u1ea1t t\u1ebf b\u00e0o NK, T v\u00e0 B<\/li>\n<li><span class=\"highlight-underline\">Ch\u1ed1ng vi\u00eam, kh\u00e1ng vi-r\u00fat, ch\u1ed1ng huy\u1ebft kh\u1ed1i<\/span> . S\u1ea3n ph\u1ea9m cung c\u1ea5p hi\u1ec7u qu\u1ea3 to\u00e0n di\u1ec7n.<\/li>\n<li>T\u1ea1i Hoa K\u1ef3, <strong>S\u1ea3n ph\u1ea9m \u0111\u00e3 \u0111\u0103ng k\u00fd OTC c\u1ee7a FDA (80353-196-01)<\/strong>,<\/li>\n<li>T\u00ednh an to\u00e0n v\u00e0 hi\u1ec7u qu\u1ea3 \u0111\u00e3 \u0111\u01b0\u1ee3c ch\u1ee9ng minh th\u00f4ng qua nghi\u00ean c\u1ee9u l\u00e2m s\u00e0ng t\u1ea1i \u0110\u1ea1i h\u1ecdc Qu\u1ed1c gia Seoul.<\/li>\n<\/ul>\n<p>&nbsp;<\/p>\n<h3>\ud83d\udc8a C\u00e1ch d\u00f9ng v\u00e0 li\u1ec1u d\u00f9ng<\/h3>\n<ul>\n<li><strong>Li\u1ec1u d\u00f9ng chung:<\/strong> Ng\u00e0y u\u1ed1ng 1-2 l\u1ea7n, m\u1ed7i l\u1ea7n 2 vi\u00ean<\/li>\n<li><strong>Ch\u0103m s\u00f3c \u0111\u1eb7c bi\u1ec7t:<\/strong> U\u1ed1ng 9 vi\u00ean nang m\u1ed7i ng\u00e0y (3 l\u1ea7n) \u0111\u1ec3 \u0111i\u1ec1u tr\u1ecb c\u00e1c tri\u1ec7u ch\u1ee9ng nh\u01b0 b\u1ec7nh zona v\u00e0 c\u1ee5c m\u00e1u \u0111\u00f4ng<\/li>\n<li><strong>H\u01b0\u1edbng d\u1eabn v\u1ec1 s\u1ee9c ch\u1ee9a:<\/strong> 54 vi\u00ean nang m\u1ed7i l\u1ecd<\/li>\n<li><strong>\u0110i\u1ec1u ch\u1ec9nh li\u1ec1u l\u01b0\u1ee3ng:<\/strong> \u0110i\u1ec1u ch\u1ec9nh sau khi tham kh\u1ea3o \u00fd ki\u1ebfn theo tri\u1ec7u ch\u1ee9ng v\u00e0 th\u1ec3 tr\u1ea1ng<\/li>\n<\/ul>\n<h3>\ud83d\udcaa T\u00e1c d\u1ee5ng ch\u00ednh<\/h3>\n<ul>\n<li><strong>K\u00edch ho\u1ea1t t\u1ebf b\u00e0o mi\u1ec5n d\u1ecbch:<\/strong> S\u1ef1 t\u0103ng sinh t\u1ebf b\u00e0o NK, T, B \u2192 s\u1ea3n xu\u1ea5t kh\u00e1ng th\u1ec3<\/li>\n<li><strong>C\u1ea3i thi\u1ec7n t\u00ecnh tr\u1ea1ng t\u1ef1 mi\u1ec5n d\u1ecbch v\u00e0 vi\u00eam nhi\u1ec5m:<\/strong> Kh\u00f4i ph\u1ee5c s\u1ef1 c\u00e2n b\u1eb1ng mi\u1ec5n d\u1ecbch<\/li>\n<li><strong>T\u00e1c d\u1ee5ng kh\u00e1ng vi-r\u00fat:<\/strong> Ph\u1ee5c h\u1ed3i sau nhi\u1ec5m tr\u00f9ng, ch\u0103m s\u00f3c h\u1eadu qu\u1ea3 COVID-19<\/li>\n<li><strong>Ch\u1ed1ng vi\u00eam v\u00e0 ch\u1ed1ng \u0111\u00f4ng m\u00e1u:<\/strong> C\u1ea3i thi\u1ec7n l\u01b0u th\u00f4ng m\u00e1u \u2192 Gi\u1ea3m \u0111au<\/li>\n<li><strong>Ph\u1ee5c h\u1ed3i gan, da v\u00e0 ph\u1ed5i:<\/strong> Gi\u1ea3m vi\u00eam v\u00e0 th\u00fac \u0111\u1ea9y t\u00e1i t\u1ea1o<\/li>\n<\/ul>\n<h3>\ud83d\udd2c C\u01a1 ch\u1ebf ho\u1ea1t \u0111\u1ed9ng<\/h3>\n<ul>\n<li><strong>T\u1ebf b\u00e0o NK:<\/strong> Virus, ph\u00e1 h\u1ee7y t\u1ebf b\u00e0o ung th\u01b0 \/ k\u00edch ho\u1ea1t cytokine<\/li>\n<li><strong>T\u1ebf b\u00e0o T:<\/strong> Lo\u1ea1i b\u1ecf c\u00e1c t\u1ebf b\u00e0o b\u1ea5t th\u01b0\u1eddng v\u00e0 \u0111i\u1ec1u h\u00f2a ph\u1ea3n \u1ee9ng kh\u00e1ng th\u1ec3<\/li>\n<li><strong>T\u1ebf b\u00e0o B:<\/strong> S\u1ea3n xu\u1ea5t kh\u00e1ng th\u1ec3 \u2192 t\u0103ng c\u01b0\u1eddng kh\u1ea3 n\u0103ng ch\u1ed1ng nhi\u1ec5m tr\u00f9ng<\/li>\n<li><strong>\u0110\u1ea1i th\u1ef1c b\u00e0o:<\/strong> Ti\u00eau di\u1ec7t m\u1ea7m b\u1ec7nh \u2192 lo\u1ea1i b\u1ecf t\u00ecnh tr\u1ea1ng vi\u00eam<\/li>\n<\/ul>\n<h3>\ud83c\udfc6 \u0110i\u1ec3m kh\u00e1c bi\u1ec7t c\u1ee7a Immune<\/h3>\n<ul>\n<li><strong>S\u1ea3n ph\u1ea9m \u0111\u00e3 \u0111\u0103ng k\u00fd OTC c\u1ee7a FDA (80353-196-01)<\/strong><\/li>\n<li><strong>Nghi\u00ean c\u1ee9u phi l\u00e2m s\u00e0ng + thi\u1ebft k\u1ebf khoa h\u1ecdc c\u1ee7a \u0110\u1ea1i h\u1ecdc Qu\u1ed1c gia Seoul<\/strong><\/li>\n<li><strong>Thu\u1ed1c th\u1ea3o d\u01b0\u1ee3c t\u1ef1 nhi\u00ean m\u00e0 ngay c\u1ea3 tr\u1ebb s\u01a1 sinh c\u0169ng c\u00f3 th\u1ec3 d\u00f9ng<\/strong><\/li>\n<li><strong>Quy tr\u00ecnh s\u1ea3n xu\u1ea5t \u0111\u01b0\u1ee3c ch\u1ee9ng nh\u1eadn cGMP \u0111\u1ea3m b\u1ea3o ch\u1ea5t l\u01b0\u1ee3ng cao<\/strong><\/li>\n<li><strong>Ch\u0103m s\u00f3c mi\u1ec5n d\u1ecbch t\u00edch h\u1ee3p t\u1ef1 mi\u1ec5n + vi\u00eam + virus<\/strong><\/li>\n<\/ul>\n<h3>\u26a0\ufe0f Vui l\u00f2ng ki\u1ec3m tra tr\u01b0\u1edbc khi s\u1eed d\u1ee5ng<\/h3>\n<ul>\n<li><strong>N\u00ean tham kh\u1ea3o \u00fd ki\u1ebfn chuy\u00ean gia:<\/strong> Ph\u1ee5 n\u1eef mang thai, ng\u01b0\u1eddi cao tu\u1ed5i, ng\u01b0\u1eddi c\u00f3 r\u1ed1i lo\u1ea1n mi\u1ec5n d\u1ecbch v\u00e0 ng\u01b0\u1eddi m\u1eafc b\u1ec7nh m\u00e3n t\u00ednh<\/li>\n<li><span style=\"color: #ff6600;\"><strong>N\u1ebfu c\u00e1c tri\u1ec7u ch\u1ee9ng ch\u1ed3ng ch\u00e9o:<\/strong> C\u1ea7n ph\u1ea3i tham kh\u1ea3o \u00fd ki\u1ebfn chuy\u00ean gia v\u1ec1 vi\u1ec7c c\u00f3 n\u00ean s\u1eed d\u1ee5ng k\u1ebft h\u1ee3p v\u1edbi th\u1ef1c ph\u1ea9m b\u1ed5 sung ph\u1ee9c h\u1ee3p hay kh\u00f4ng.<\/span><\/li>\n<\/ul>\n<\/div>","protected":false},"excerpt":{"rendered":"<div class=\"product-container\">\n<h3>\ud83d\udccc T\u00f3m t\u1eaft s\u1ea3n ph\u1ea9m<\/h3>\n<ul>\n<li><span class=\"highlight-underline\">S\u1ea3n ph\u1ea9m \u0111\u00e3 \u0111\u0103ng k\u00fd OTC c\u1ee7a FDA Hoa K\u1ef3 (80353-196-01)<\/span><br \/>\n\u2013 100% Thu\u1ed1c \u0111i\u1ec1u h\u00f2a mi\u1ec5n d\u1ecbch m\u1ea1nh m\u1ebd t\u1eeb th\u1ea3o d\u01b0\u1ee3c thi\u00ean nhi\u00ean<\/li>\n<li><span class=\"highlight-underline\">K\u00edch ho\u1ea1t t\u1ebf b\u00e0o mi\u1ec5n d\u1ecbch (NK, T, B)<\/span><br \/>\n\u2013 H\u1ec7 th\u1ed1ng mi\u1ec5n d\u1ecbch dc b\u1ed5 tr\u1ee3 m\u1ea1nh m\u1ebd th\u00f4ng qua s\u1ea3n xu\u1ea5t kh\u00e1ng th\u1ec3 v\u00e0 lo\u1ea1i b\u1ecf t\u00e1c nh\u00e2n g\u00e2y b\u1ec7nh<\/li>\n<li><span class=\"highlight-underline\">Ch\u0103m s\u00f3c t\u00edch h\u1ee3p t\u1ef1 mi\u1ec5n d\u1ecbch, vi-r\u00fat v\u00e0 huy\u1ebft kh\u1ed1i<\/span><br \/>\n\u2013 Gi\u1ea3m vi\u00eam v\u00e0 ph\u1ee5c h\u1ed3i s\u1ef1 c\u00e2n b\u1eb1ng mi\u1ec5n d\u1ecbch<\/li>\n<li><span class=\"highlight-underline\">X\u00e1c minh th\u1eed nghi\u1ec7m phi l\u00e2m s\u00e0ng c\u1ee7a \u0110\u1ea1i h\u1ecdc Qu\u1ed1c gia Seoul<\/span><br \/>\n\u2013 S\u1ea3n ph\u1ea9m \u0111\u00e1ng tin c\u1eady, an to\u00e0n v\u00e0 hi\u1ec7u qu\u1ea3<\/li>\n<li><span class=\"highlight-underline\">H\u1ed7 tr\u1ee3 ph\u1ee5c h\u1ed3i to\u00e0n di\u1ec7n cho gan, ph\u1ed5i v\u00e0 da<\/span><br \/>\n\u2013 Ph\u1ee5c h\u1ed3i di ch\u1ee9ng v\u00e0 c\u1ea3i thi\u1ec7n t\u00ecnh tr\u1ea1ng chung<\/li>\n<\/ul>\n<\/div>","protected":false},"featured_media":2444,"template":"","format":"standard","meta":{"_acf_changed":false},"product_brand":[],"product_cat":[105,106,108],"product_tag":[],"class_list":{"0":"post-2404","1":"product","2":"type-product","3":"status-publish","4":"format-standard","5":"has-post-thumbnail","7":"product_cat-105","8":"product_cat-106","9":"product_cat-108","11":"first","12":"instock","13":"featured","14":"shipping-taxable","15":"purchasable","16":"product-type-simple"},"acf":[],"_links":{"self":[{"href":"https:\/\/hcbiopharm.net\/vi\/wp-json\/wp\/v2\/product\/2404","targetHints":{"allow":["GET"]}}],"collection":[{"href":"https:\/\/hcbiopharm.net\/vi\/wp-json\/wp\/v2\/product"}],"about":[{"href":"https:\/\/hcbiopharm.net\/vi\/wp-json\/wp\/v2\/types\/product"}],"wp:featuredmedia":[{"embeddable":true,"href":"https:\/\/hcbiopharm.net\/vi\/wp-json\/wp\/v2\/media\/2444"}],"wp:attachment":[{"href":"https:\/\/hcbiopharm.net\/vi\/wp-json\/wp\/v2\/media?parent=2404"}],"wp:term":[{"taxonomy":"product_brand","embeddable":true,"href":"https:\/\/hcbiopharm.net\/vi\/wp-json\/wp\/v2\/product_brand?post=2404"},{"taxonomy":"product_cat","embeddable":true,"href":"https:\/\/hcbiopharm.net\/vi\/wp-json\/wp\/v2\/product_cat?post=2404"},{"taxonomy":"product_tag","embeddable":true,"href":"https:\/\/hcbiopharm.net\/vi\/wp-json\/wp\/v2\/product_tag?post=2404"}],"curies":[{"name":"wp","href":"https:\/\/api.w.org\/{rel}","templated":true}]}}