{"id":2403,"date":"2025-10-02T02:40:42","date_gmt":"2025-10-02T02:40:42","guid":{"rendered":"https:\/\/hcbiopharm.net\/?post_type=product&#038;p=2403"},"modified":"2025-10-12T17:04:19","modified_gmt":"2025-10-12T10:04:19","slug":"booster","status":"publish","type":"product","link":"https:\/\/hcbiopharm.net\/vi\/san-pham\/booster\/","title":{"rendered":"T\u0103ng c\u01b0\u1eddng n\u0103ng l\u01b0\u1ee3ng t\u1ebf b\u00e0o"},"content":{"rendered":"<div class=\"product-container\">\n<h3>\ud83c\udf31 T\u0102NG C\u01af\u1edcNG N\u0102NG L\u01af\u1ee2NG T\u1ebe B\u00c0O<\/h3>\n<ul>\n<li><span class=\"highlight-underline\">M\u1ed9t lo\u1ea1i th\u1ef1c ph\u1ea9m b\u1ed5 sung gi\u00fap k\u00edch ho\u1ea1t n\u0103ng l\u01b0\u1ee3ng t\u1ebf b\u00e0o, t\u0103ng c\u01b0\u1eddng kh\u1ea3 n\u0103ng mi\u1ec5n d\u1ecbch v\u00e0 c\u1ea3i thi\u1ec7n qu\u00e1 tr\u00ecnh trao \u0111\u1ed5i ch\u1ea5t t\u1ed5ng th\u1ec3.<\/span><\/li>\n<li>M\u1ed9t gi\u1ea3i ph\u00e1p s\u1ee9c kh\u1ecfe t\u1ef1 nhi\u00ean gi\u00fap \u0111\u00e1nh th\u1ee9c n\u0103ng l\u01b0\u1ee3ng b\u1eb1ng c\u00e1ch t\u0103ng c\u01b0\u1eddng ch\u1ee9c n\u0103ng ty th\u1ec3.<\/li>\n<\/ul>\n<h3>\ud83c\udf3f Gi\u1edbi thi\u1ec7u s\u1ea3n ph\u1ea9m<\/h3>\n<ul>\n<li><strong>T\u0103ng c\u01b0\u1eddng n\u0103ng l\u01b0\u1ee3ng t\u1ebf b\u00e0o<\/strong>:<\/li>\n<li><span class=\"highlight-underline\">H\u01a1n 80 lo\u1ea1i ng\u0169 c\u1ed1c, rau, tr\u00e1i c\u00e2y, vitamin v\u00e0 kho\u00e1ng ch\u1ea5t<\/span>\u0110\u00e2y l\u00e0 m\u1ed9t lo\u1ea1i th\u1ef1c ph\u1ea9m b\u1ed5 sung dinh d\u01b0\u1ee1ng c\u00f3 ch\u1ee9c n\u0103ng cao bao g\u1ed3m .<br \/>\n\u2714\ufe0f <span class=\"highlight-underline\">K\u00edch ho\u1ea1t qu\u00e1 tr\u00ecnh chuy\u1ec3n h\u00f3a n\u0103ng l\u01b0\u1ee3ng c\u1ee7a t\u1ebf b\u00e0o<\/span><br \/>\n\u2714\ufe0f <span class=\"highlight-underline\">T\u0103ng c\u01b0\u1eddng kh\u1ea3 n\u0103ng mi\u1ec5n d\u1ecbch v\u00e0 s\u1ee9c \u0111\u1ec1 kh\u00e1ng<\/span><br \/>\n\u2714\ufe0f <span class=\"highlight-underline\">C\u1ea3i thi\u1ec7n c\u00e1c ch\u1ec9 s\u1ed1 s\u1ee9c kh\u1ecfe nh\u01b0 huy\u1ebft \u00e1p, l\u01b0\u1ee3ng \u0111\u01b0\u1eddng trong m\u00e1u v\u00e0 nhi\u1ec7t \u0111\u1ed9 c\u01a1 th\u1ec3<\/span><\/li>\n<\/ul>\n<h3>\ud83d\udcaa T\u00e1c d\u1ee5ng ch\u00ednh<\/h3>\n<ul>\n<li><strong>K\u00edch ho\u1ea1t n\u0103ng l\u01b0\u1ee3ng t\u1ebf b\u00e0o:<\/strong> T\u0103ng c\u01b0\u1eddng s\u1ee9c s\u1ed1ng t\u1ed5ng th\u1ec3 b\u1eb1ng c\u00e1ch t\u0103ng c\u01b0\u1eddng ty th\u1ec3<\/li>\n<li><strong>\u0110i\u1ec1u h\u00f2a chuy\u1ec3n h\u00f3a \u0111\u01b0\u1eddng huy\u1ebft v\u00e0 lipid:<\/strong> Gi\u1ea3m b\u00e9o ph\u00ec + \u1ed5n \u0111\u1ecbnh \u0111\u01b0\u1eddng huy\u1ebft<\/li>\n<li><strong>Ki\u1ec3m so\u00e1t huy\u1ebft \u00e1p v\u00e0 c\u1ea3i thi\u1ec7n l\u01b0u th\u00f4ng m\u00e1u:<\/strong> Nhi\u1ec7t \u0111\u1ed9 c\u01a1 th\u1ec3 t\u0103ng \u2192 t\u0103ng t\u1ef7 l\u1ec7 trao \u0111\u1ed5i ch\u1ea5t c\u01a1 b\u1ea3n<\/li>\n<li><strong>T\u0103ng c\u01b0\u1eddng h\u1ec7 th\u1ed1ng mi\u1ec5n d\u1ecbch c\u1ee7a b\u1ea1n:<\/strong> K\u00edch ho\u1ea1t t\u1ebf b\u00e0o mi\u1ec5n d\u1ecbch \u2192 T\u0103ng kh\u1ea3 n\u0103ng ch\u1ed1ng nhi\u1ec5m tr\u00f9ng v\u00e0 vi\u00eam nhi\u1ec5m<\/li>\n<li><strong>S\u1ee9c kh\u1ecfe l\u00e0n da v\u00e0 gi\u1ea3m c\u0103ng th\u1eb3ng:<\/strong> C\u1ea3i thi\u1ec7n l\u00e0n da v\u00e0 s\u1ee9c kh\u1ecfe tinh th\u1ea7n c\u1ee7a b\u1ea1n v\u1edbi m\u1ed9t lo\u1ea1i vitamin t\u1ed5ng h\u1ee3p<\/li>\n<\/ul>\n<h3>\ud83e\uddec B\u1eb1ng ch\u1ee9ng khoa h\u1ecdc<\/h3>\n<ul>\n<li><strong>Chuy\u1ec3n h\u00f3a t\u1ebf b\u00e0o:<\/strong> \u201cCh\u1ea5t dinh d\u01b0\u1ee1ng v\u00e0 chuy\u1ec3n h\u00f3a t\u1ebf b\u00e0o\u201d \u2013 JCM<\/li>\n<li><strong>Ki\u1ec3m so\u00e1t \u0111\u01b0\u1eddng huy\u1ebft v\u00e0 lipid:<\/strong> \u201cCh\u1ea5t x\u01a1 trong ch\u1ebf \u0111\u1ed9 \u0103n u\u1ed1ng tr\u00ean Glucose v\u00e0 Lipid\u201d \u2013 Dinh d\u01b0\u1ee1ng<\/li>\n<li><strong>Ki\u1ec3m so\u00e1t huy\u1ebft \u00e1p:<\/strong> \u201cVai tr\u00f2 c\u1ee7a ch\u1ebf \u0111\u1ed9 \u0103n u\u1ed1ng \u0111\u1ed1i v\u1edbi huy\u1ebft \u00e1p\u201d \u2013 AJH<\/li>\n<li><strong>T\u0103ng c\u01b0\u1eddng kh\u1ea3 n\u0103ng mi\u1ec5n d\u1ecbch:<\/strong> \u201c\u0110i\u1ec1u ch\u1ec9nh mi\u1ec5n d\u1ecbch th\u00f4ng qua dinh d\u01b0\u1ee1ng\u201d \u2013 Nature Reviews<\/li>\n<\/ul>\n<h3>\ud83d\udcca K\u1ebft qu\u1ea3 l\u00e2m s\u00e0ng<\/h3>\n<ul>\n<li><strong>Huy\u1ebft \u00e1p t\u00e2m thu:<\/strong> Gi\u1ea3m 6,00~9,86mmHg<\/li>\n<li><strong>Huy\u1ebft \u00e1p t\u00e2m tr\u01b0\u01a1ng:<\/strong> Gi\u1ea3m 6,53~8,05mmHg<\/li>\n<li><strong>Nhi\u1ec7t \u0111\u1ed9 c\u01a1 th\u1ec3 t\u0103ng cao:<\/strong> T\u0103ng 0,18~0,32\u2103 \u2192 t\u0103ng t\u1ef7 l\u1ec7 trao \u0111\u1ed5i ch\u1ea5t c\u01a1 b\u1ea3n<\/li>\n<\/ul>\n<p>\ud83c\udfc6K\u1ebft qu\u1ea3 tr\u00ean l\u00e0 <strong>T\u0103ng c\u01b0\u1eddng n\u0103ng l\u01b0\u1ee3ng t\u1ebf b\u00e0o<\/strong>\u0111i <span class=\"highlight-underline\">K\u00edch ho\u1ea1t tu\u1ea7n ho\u00e0n m\u00e1u v\u00e0 chuy\u1ec3n h\u00f3a n\u0103ng l\u01b0\u1ee3ng<\/span>N\u00f3 \u0111\u00e3 \u0111\u01b0\u1ee3c ch\u1ee9ng minh l\u00e0 c\u00f3 hi\u1ec7u qu\u1ea3.<\/p>\n<h3>\ud83d\udc8a C\u00e1ch d\u00f9ng<\/h3>\n<ul>\n<li><strong>Li\u1ec1u d\u00f9ng chung:<\/strong> U\u1ed1ng 1 g\u00f3i h\u00f2a tan trong n\u01b0\u1edbc, ng\u00e0y 1-2 l\u1ea7n<\/li>\n<li><strong>V\u1eadn \u0111\u1ed9ng vi\u00ean:<\/strong> T\u0103ng c\u01b0\u1eddng n\u0103ng l\u01b0\u1ee3ng b\u1eb1ng c\u00e1ch b\u1ed5 sung tr\u01b0\u1edbc v\u00e0 sau khi t\u1eadp th\u1ec3 d\u1ee5c.<\/li>\n<li><strong>B\u1ed9t d\u00ednh:<\/strong> Tr\u1ed9n v\u1edbi n\u01b0\u1edbc, s\u1eefa, s\u1eefa chua, v.v. v\u00e0 d\u00f9ng.<\/li>\n<\/ul>\n<h3>\ud83c\udfc6 T\u00ednh n\u0103ng s\u1ea3n ph\u1ea9m<\/h3>\n<ul>\n<li><strong>42 th\u00e0nh ph\u1ea7n t\u1ef1 nhi\u00ean:<\/strong> Kh\u00f4ng \u0111\u01b0\u1eddng, kh\u00f4ng ch\u1ea5t ph\u1ee5 gia, c\u00f3 ngu\u1ed3n g\u1ed1c th\u1ef1c v\u1eadt<\/li>\n<li><strong>Gi\u00e0u ch\u1ea5t x\u01a1 + vitamin:<\/strong> C\u00f3 hi\u1ec7u qu\u1ea3 trong vi\u1ec7c \u0111i\u1ec1u h\u00f2a l\u01b0\u1ee3ng \u0111\u01b0\u1eddng trong m\u00e1u v\u00e0 chuy\u1ec3n h\u00f3a lipid<\/li>\n<li><strong>H\u01b0\u01a1ng v\u1ecb \u00eam d\u1ecbu:<\/strong> H\u01b0\u01a1ng v\u1ecb \u0111\u1eadm \u0111\u00e0 c\u00f3 th\u1ec3 \u0111\u01b0\u1ee3c th\u01b0\u1edfng th\u1ee9c b\u1edfi m\u1ecdi l\u1ee9a tu\u1ed5i<\/li>\n<li><strong>M\u1ecdi l\u00fac, m\u1ecdi n\u01a1i:<\/strong> T\u00ednh di \u0111\u1ed9ng tuy\u1ec7t v\u1eddi v\u1edbi bao b\u00ec d\u1ea1ng que ti\u1ec7n l\u1ee3i<\/li>\n<\/ul>\n<h3>\u26a0\ufe0f An to\u00e0n v\u00e0 Ph\u00f2ng ng\u1eeba<\/h3>\n<ul>\n<li><strong>N\u00ean tham kh\u1ea3o \u00fd ki\u1ebfn chuy\u00ean gia:<\/strong> Ph\u1ee5 n\u1eef mang thai, ng\u01b0\u1eddi cao tu\u1ed5i v\u00e0 nh\u1eefng ng\u01b0\u1eddi m\u1eafc b\u1ec7nh m\u00e3n t\u00ednh<\/li>\n<li><strong>Kh\u00f4ng d\u00f9ng qu\u00e1 li\u1ec1u:<\/strong> Th\u1ef1c hi\u1ec7n theo l\u01b0\u1ee3ng khuy\u1ebfn c\u00e1o<\/li>\n<li><strong>S\u1ed1ng m\u1ed9t l\u1ed1i s\u1ed1ng l\u00e0nh m\u1ea1nh:<\/strong> Hi\u1ec7u qu\u1ea3 s\u1ebd t\u1ed1i \u0111a khi k\u1ebft h\u1ee3p v\u1edbi ch\u1ebf \u0111\u1ed9 \u0103n u\u1ed1ng, t\u1eadp th\u1ec3 d\u1ee5c v\u00e0 u\u1ed1ng \u0111\u1ee7 n\u01b0\u1edbc.<\/li>\n<li><strong>Cho d\u00f9 \u0111\u00f3 l\u00e0 s\u1ea3n ph\u1ea9m kh\u00f4ng ph\u1ea3i thu\u1ed1c:<\/strong> Ki\u1ec3m tra ti\u00eau chu\u1ea9n c\u1ee7a B\u1ed9 An to\u00e0n Th\u1ef1c ph\u1ea9m v\u00e0 D\u01b0\u1ee3c ph\u1ea9m ho\u1eb7c FDA v\u1ec1 ph\u00e2n lo\u1ea1i th\u1ef1c ph\u1ea9m ch\u1ee9c n\u0103ng t\u1ed1t cho s\u1ee9c kh\u1ecfe.<\/li>\n<li><strong>Y\u00eau c\u1ea7u d\u1eef li\u1ec7u l\u00e2m s\u00e0ng:<\/strong> C\u00f3 s\u1eb5n theo y\u00eau c\u1ea7u c\u1ee7a trung t\u00e2m d\u1ecbch v\u1ee5 kh\u00e1ch h\u00e0ng<\/li>\n<\/ul>\n<\/div>","protected":false},"excerpt":{"rendered":"<div class=\"product-container\">\n<h3>\ud83d\udccc T\u00f3m t\u1eaft s\u1ea3n ph\u1ea9m<\/h3>\n<ul>\n<li><span class=\"highlight-underline\">K\u00edch ho\u1ea1t n\u0103ng l\u01b0\u1ee3ng t\u1ebf b\u00e0o v\u00e0 ph\u1ee5c h\u1ed3i sau m\u1ec7t m\u1ecfi<\/span><br \/>\n\u2013 T\u0103ng c\u01b0\u1eddng ch\u1ee9c n\u0103ng ty th\u1ec3 \u0111\u1ec3 t\u0103ng c\u01b0\u1eddng s\u1ee9c s\u1ed1ng t\u1ed5ng th\u1ec3<\/li>\n<li><span class=\"highlight-underline\">D\u1ef1a tr\u00ean 42 th\u00e0nh ph\u1ea7n t\u1ef1 nhi\u00ean<\/span><br \/>\n\u2013 H\u1ed7n h\u1ee3p dinh d\u01b0\u1ee1ng to\u00e0n di\u1ec7n bao g\u1ed3m ng\u0169 c\u1ed1c, rau v\u00e0 tr\u00e1i c\u00e2y<\/li>\n<li><span class=\"highlight-underline\">\u0110\u01b0\u1ee3c ch\u1ee9ng minh l\u00e2m s\u00e0ng l\u00e0 c\u1ea3i thi\u1ec7n l\u01b0\u1ee3ng \u0111\u01b0\u1eddng trong m\u00e1u, huy\u1ebft \u00e1p v\u00e0 nhi\u1ec7t \u0111\u1ed9 c\u01a1 th\u1ec3<\/span><br \/>\n\u2013 X\u00e1c nh\u1eadn t\u00e1c d\u1ee5ng \u0111i\u1ec1u h\u00f2a chuy\u1ec3n h\u00f3a v\u00e0 t\u0103ng c\u01b0\u1eddng h\u1ec7 mi\u1ec5n d\u1ecbch<\/li>\n<li><span class=\"highlight-underline\">Ch\u1ea5t ch\u1ed1ng oxy h\u00f3a, kh\u1ea3 n\u0103ng mi\u1ec5n d\u1ecbch v\u00e0 s\u1ee9c kh\u1ecfe l\u00e0n da c\u00f9ng m\u1ed9t l\u00fac<\/span><br \/>\n\u2013 Qu\u1ea3n l\u00fd c\u0103ng th\u1eb3ng v\u00e0 c\u1ea3i thi\u1ec7n kh\u1ea3 n\u0103ng ph\u1ee5c h\u1ed3i<\/li>\n<li><span class=\"highlight-underline\">D\u1ec5 d\u00e0ng s\u1eed d\u1ee5ng v\u1edbi d\u1ea1ng b\u1ed9t d\u1ea1ng que<\/span><br \/>\n\u2013 Mang \u0111i b\u1ea5t c\u1ee9 \u0111\u00e2u c\u00f9ng v\u1edbi n\u01b0\u1edbc, s\u1eefa, s\u1eefa chua, v.v.<\/li>\n<\/ul>\n<\/div>","protected":false},"featured_media":3351,"template":"","format":"standard","meta":{"_acf_changed":false},"product_brand":[],"product_cat":[104,105,107,112,109],"product_tag":[],"class_list":{"0":"post-2403","1":"product","2":"type-product","3":"status-publish","4":"format-standard","5":"has-post-thumbnail","7":"product_cat-104","8":"product_cat-105","9":"product_cat-107","10":"product_cat-112","11":"product_cat-109","13":"first","14":"outofstock","15":"shipping-taxable","16":"purchasable","17":"product-type-simple"},"acf":[],"_links":{"self":[{"href":"https:\/\/hcbiopharm.net\/vi\/wp-json\/wp\/v2\/product\/2403","targetHints":{"allow":["GET"]}}],"collection":[{"href":"https:\/\/hcbiopharm.net\/vi\/wp-json\/wp\/v2\/product"}],"about":[{"href":"https:\/\/hcbiopharm.net\/vi\/wp-json\/wp\/v2\/types\/product"}],"wp:featuredmedia":[{"embeddable":true,"href":"https:\/\/hcbiopharm.net\/vi\/wp-json\/wp\/v2\/media\/3351"}],"wp:attachment":[{"href":"https:\/\/hcbiopharm.net\/vi\/wp-json\/wp\/v2\/media?parent=2403"}],"wp:term":[{"taxonomy":"product_brand","embeddable":true,"href":"https:\/\/hcbiopharm.net\/vi\/wp-json\/wp\/v2\/product_brand?post=2403"},{"taxonomy":"product_cat","embeddable":true,"href":"https:\/\/hcbiopharm.net\/vi\/wp-json\/wp\/v2\/product_cat?post=2403"},{"taxonomy":"product_tag","embeddable":true,"href":"https:\/\/hcbiopharm.net\/vi\/wp-json\/wp\/v2\/product_tag?post=2403"}],"curies":[{"name":"wp","href":"https:\/\/api.w.org\/{rel}","templated":true}]}}