{"id":2401,"date":"2025-10-02T02:40:42","date_gmt":"2025-10-02T02:40:42","guid":{"rendered":"https:\/\/hcbiopharm.net\/?post_type=product&#038;p=2401"},"modified":"2025-10-02T06:18:57","modified_gmt":"2025-10-02T06:18:57","slug":"live","status":"publish","type":"product","link":"https:\/\/hcbiopharm.net\/vi\/san-pham\/live\/","title":{"rendered":"Men vi sinh s\u1ed1ng Probiotics"},"content":{"rendered":"<div class=\"product-container\">\n<h3>\ud83e\udda0 Men vi sinh s\u1ed1ng <\/h3>\n<ul>\n<li><span class=\"highlight-underline\">T\u1eeb s\u1ee9c kh\u1ecfe \u0111\u01b0\u1eddng ru\u1ed9t \u0111\u1ebfn kh\u1ea3 n\u0103ng mi\u1ec5n d\u1ecbch, h\u00e3y ch\u0103m s\u00f3c b\u1ea3n th\u00e2n b\u1eb1ng men vi sinh.<\/span><\/li>\n<li>Kh\u00f4i ph\u1ee5c s\u1ee9c kh\u1ecfe c\u1ed1t l\u00f5i c\u1ee7a b\u1ea1n v\u1edbi ch\u1ebf ph\u1ea9m sinh h\u1ecdc c\u00f3 hi\u1ec7u qu\u1ea3 cao, c\u00f3 kh\u1ea3 n\u0103ng ch\u1ed1ng l\u1ea1i axit d\u1ea1 d\u00e0y v\u00e0 \u0111i v\u00e0o ru\u1ed9t.<\/li>\n<\/ul>\n<h3>\ud83c\udf3f Gi\u1edbi thi\u1ec7u s\u1ea3n ph\u1ea9m<\/h3>\n<ul>\n<li><strong>Men vi sinh s\u1ed1ng<\/strong>: <span class=\"highlight-underline\">C\u00e1c ch\u1ee7ng Lactobacillus plantarum \u0111\u01b0\u1ee3c bao ph\u1ee7 ri\u00eang l\u1ebb<\/span>.<\/li>\n<li>Probiotics c\u00f3 th\u1ec3 t\u1ed3n t\u1ea1i trong m\u00f4i tr\u01b0\u1eddng d\u1ea1 d\u00e0y c\u00f3 t\u00ednh axit cao (pH 2,5) v\u00e0 \u0111\u1ebfn ru\u1ed9t. <strong>Probiotics c\u00f3 ch\u1ee9c n\u0103ng cao<\/strong>cho th\u1ea5y \u0111\u01b0\u1ee3c hi\u1ec7u qu\u1ea3 r\u00f5 r\u1ec7t.<\/li>\n<li>Th\u00f4ng qua vi\u1ec7c m\u00f9i bi\u1ebfn m\u1ea5t khi \u0111\u1ea1i ti\u1ec7n trong th\u1eddi gian d\u00e0i <strong>. B\u1ea1n c\u00f3 th\u1ec3 c\u1ea3m nh\u1eadn \u0111\u01b0\u1ee3c hi\u1ec7u qu\u1ea3 n\u00e0y r\u00f5 r\u1ec7t.<\/strong><\/li>\n<li>\u0110\u00e2y l\u00e0 th\u1ef1c ph\u1ea9m b\u1ed5 sung s\u1ee9c kh\u1ecfe c\u00f3 ngu\u1ed3n g\u1ed1c t\u1ef1 nhi\u00ean.<\/li>\n<\/ul>\n<h3>\u2705 \u0110\u01b0\u1ee3c khuy\u1ebfn ngh\u1ecb cho nh\u1eefng ng\u01b0\u1eddi n\u00e0y<\/h3>\n<ul>\n<li>Nh\u1eefng ng\u01b0\u1eddi th\u01b0\u1eddng xuy\u00ean b\u1ecb t\u00e1o b\u00f3n ho\u1eb7c ti\u00eau ch\u1ea3y<\/li>\n<li>Nh\u1eefng ng\u01b0\u1eddi lo l\u1eafng v\u1ec1 vi khu\u1ea9n \u0111\u01b0\u1eddng ru\u1ed9t c\u00f3 h\u1ea1i v\u00e0 m\u00f9i khi \u0111\u1ea1i ti\u1ec7n.<\/li>\n<li>Nh\u1eefng ng\u01b0\u1eddi c\u00f3 h\u1ec7 mi\u1ec5n d\u1ecbch y\u1ebfu th\u01b0\u1eddng xuy\u00ean b\u1ecb nhi\u1ec5m tr\u00f9ng v\u00e0 vi\u00eam nhi\u1ec5m<\/li>\n<li>Nh\u1eefng ng\u01b0\u1eddi mu\u1ed1n qu\u1ea3n l\u00fd s\u1ee9c kh\u1ecfe \u0111\u01b0\u1eddng ru\u1ed9t v\u00e0 c\u00e2n n\u1eb7ng c\u00f9ng m\u1ed9t l\u00fac<\/li>\n<\/ul>\n<h3>\ud83d\udc8a C\u00e1ch d\u00f9ng v\u00e0 li\u1ec1u d\u00f9ng<\/h3>\n<ul>\n<li><strong>L\u01b0\u1ee3ng ti\u00eau th\u1ee5 ban \u0111\u1ea7u:<\/strong> U\u1ed1ng 1 vi\u00ean nang, 3 l\u1ea7n\/ng\u00e0y, v\u00e0o bu\u1ed5i s\u00e1ng, bu\u1ed5i t\u1ed1i v\u00e0 tr\u01b0\u1edbc khi \u0111i ng\u1ee7.<\/li>\n<li><strong>S\u1eed d\u1ee5ng l\u00e2u d\u00e0i:<\/strong> N\u00ean u\u1ed1ng 2 l\u1ea7n m\u1ed9t ng\u00e0y, v\u00e0o bu\u1ed5i s\u00e1ng v\u00e0 tr\u01b0\u1edbc khi \u0111i ng\u1ee7, khi b\u1ee5ng \u0111\u00f3i.<\/li>\n<li><strong>H\u01b0\u1edbng d\u1eabn v\u1ec1 s\u1ee9c ch\u1ee9a:<\/strong> 60 vi\u00ean nang m\u1ed7i l\u1ecd<\/li>\n<li><strong>Th\u1eddi gian s\u1eed d\u1ee5ng:<\/strong> N\u00ean ti\u1ebfp t\u1ee5c s\u1eed d\u1ee5ng ngay c\u1ea3 khi m\u00f9i \u0111i \u0111\u1ea1i ti\u1ec7n \u0111\u00e3 c\u1ea3i thi\u1ec7n.<\/li>\n<\/ul>\n<h3>\ud83d\udcaa T\u00f3m t\u1eaft c\u00e1c t\u00e1c d\u1ee5ng ch\u00ednh<\/h3>\n<ul>\n<li><strong>T\u0103ng c\u01b0\u1eddng vi khu\u1ea9n c\u00f3 l\u1ee3i v\u00e0 \u1ee9c ch\u1ebf vi khu\u1ea9n c\u00f3 h\u1ea1i:<\/strong> T\u1ed1i \u01b0u h\u00f3a s\u1ef1 c\u00e2n b\u1eb1ng h\u1ec7 vi sinh v\u1eadt \u0111\u01b0\u1eddng ru\u1ed9t<\/li>\n<li><strong>C\u1ea3i thi\u1ec7n ti\u00eau h\u00f3a:<\/strong> Gi\u1ea3m t\u00e1o b\u00f3n v\u00e0 ti\u00eau ch\u1ea3y, th\u00fac \u0111\u1ea9y nhu \u0111\u1ed9ng ru\u1ed9t<\/li>\n<li><strong>Gi\u1ea3m m\u00f9i ph\u00e2n:<\/strong> Tr\u1ea3i nghi\u1ec7m tr\u1ef1c ti\u1ebfp v\u1ec1 t\u00e1c d\u1ee5ng c\u1ee7a men vi sinh<\/li>\n<li><strong>T\u0103ng c\u01b0\u1eddng h\u1ec7 th\u1ed1ng mi\u1ec5n d\u1ecbch c\u1ee7a b\u1ea1n:<\/strong> K\u00edch ho\u1ea1t c\u00e1c t\u1ebf b\u00e0o mi\u1ec5n d\u1ecbch \u0111\u01b0\u1eddng ru\u1ed9t \u2192 C\u1ea3i thi\u1ec7n kh\u1ea3 n\u0103ng ch\u1ed1ng nhi\u1ec5m tr\u00f9ng<\/li>\n<li><strong>Ki\u1ec3m so\u00e1t b\u00e9o ph\u00ec:<\/strong> C\u1ea3i thi\u1ec7n qu\u00e1 tr\u00ecnh chuy\u1ec3n h\u00f3a ch\u1ea5t b\u00e9o v\u00e0 \u0111\u01b0\u1eddng \u2192 h\u1ed7 tr\u1ee3 ki\u1ec3m so\u00e1t c\u00e2n n\u1eb7ng<\/li>\n<\/ul>\n<h3>\ud83d\udd2c \u0110i\u1ec3m kh\u00e1c bi\u1ec7t v\u1ec1 c\u00f4ng ngh\u1ec7<\/h3>\n<ul>\n<li><strong>C\u00f4ng ngh\u1ec7 probiotic \u0111\u01b0\u1ee3c ph\u1ee7 ri\u00eang l\u1ebb:<\/strong> Ch\u1ecbu \u0111\u01b0\u1ee3c axit d\u1ea1 d\u00e0y v\u00e0 \u0111\u1ebfn ru\u1ed9t s\u1ed1ng<\/li>\n<li><strong>L\u1ee3i \u00edch nh\u1eadn th\u1ea5y:<\/strong> Ho\u1ea1t \u0111\u1ed9ng c\u1ee7a probiotic \u0111\u01b0\u1ee3c x\u00e1c nh\u1eadn b\u1eb1ng c\u00e1ch c\u1ea3i thi\u1ec7n m\u00f9i khi \u0111i \u0111\u1ea1i ti\u1ec7n.<\/li>\n<li><strong>C\u01a1 s\u1edf thu\u1ed1c th\u1ea3o d\u01b0\u1ee3c t\u1ef1 nhi\u00ean:<\/strong> An to\u00e0n v\u00e0 kh\u00f4ng g\u00e2y g\u00e1nh n\u1eb7ng khi s\u1eed d\u1ee5ng l\u00e2u d\u00e0i<\/li>\n<li><strong>C\u1ea3i thi\u1ec7n to\u00e0n di\u1ec7n kh\u1ea3 n\u0103ng mi\u1ec5n d\u1ecbch:<\/strong> \u0110\u1ed3ng th\u1eddi t\u0103ng c\u01b0\u1eddng kh\u1ea3 n\u0103ng mi\u1ec5n d\u1ecbch \u0111\u01b0\u1eddng ru\u1ed9t v\u00e0 to\u00e0n th\u00e2n<\/li>\n<\/ul>\n<h3>\u26a0\ufe0f Vui l\u00f2ng ki\u1ec3m tra tr\u01b0\u1edbc khi s\u1eed d\u1ee5ng<\/h3>\n<ul>\n<li><strong>N\u00ean tham kh\u1ea3o \u00fd ki\u1ebfn chuy\u00ean gia:<\/strong> Ph\u1ee5 n\u1eef c\u00f3 thai, ng\u01b0\u1eddi cao tu\u1ed5i v\u00e0 ng\u01b0\u1eddi c\u00f3 r\u1ed1i lo\u1ea1n mi\u1ec5n d\u1ecbch n\u00ean tham kh\u1ea3o \u00fd ki\u1ebfn tr\u01b0\u1edbc khi s\u1eed d\u1ee5ng s\u1ea3n ph\u1ea9m n\u00e0y.<\/li>\n<li><strong>Th\u1eadn tr\u1ecdng khi l\u01b0u tr\u1eef:<\/strong> L\u00e0 s\u1ea3n ph\u1ea9m c\u00f3 ch\u1ee9a vi khu\u1ea9n s\u1ed1ng, tr\u00e1nh \u00e1nh n\u1eafng tr\u1ef1c ti\u1ebfp v\u00e0 b\u1ea3o qu\u1ea3n \u1edf n\u01a1i kh\u00f4 r\u00e1o, tho\u00e1ng m\u00e1t.<\/li>\n<li><strong>H\u00e3y nh\u1edb ki\u1ec3m tra ng\u00e0y h\u1ebft h\u1ea1n:<\/strong> Do b\u1ea3n ch\u1ea5t c\u1ee7a c\u00e1c ch\u1ee7ng s\u1ed1ng, n\u00ean khuy\u1ebfn c\u00e1o s\u1eed d\u1ee5ng tr\u01b0\u1edbc ng\u00e0y h\u1ebft h\u1ea1n.<\/li>\n<\/ul>\n<\/div>","protected":false},"excerpt":{"rendered":"<div class=\"product-container\">\n<h3>\ud83d\udccc T\u00f3m t\u1eaft s\u1ea3n ph\u1ea9m<\/h3>\n<ul>\n<li>\n      <span class=\"highlight-underline\">Kh\u00e1ng axit m\u1ea1nh v\u00e0 \u0111\u1ebfn ru\u1ed9t<\/span><br \/>\n      \u2013 Ch\u1ee7ng vi khu\u1ea9n s\u1ed1ng Lactobacillus plantarum kh\u00e1ng axit d\u1ea1 d\u00e0y\n    <\/li>\n<li>\n      <span class=\"highlight-underline\">C\u1ea3i thi\u1ec7n s\u1ee9c kh\u1ecfe \u0111\u01b0\u1eddng ru\u1ed9t, ti\u00eau h\u00f3a v\u00e0 mi\u1ec5n d\u1ecbch<\/span><br \/>\n      \u2013 Men vi sinh c\u00f3 ch\u1ee9c n\u0103ng cao g\u00f3p ph\u1ea7n v\u00e0o s\u1ee9c kh\u1ecfe t\u1ed5ng th\u1ec3\n    <\/li>\n<li>\n      <span class=\"highlight-underline\">Tr\u1ea3i nghi\u1ec7m c\u1ea3i thi\u1ec7n m\u00f9i khi \u0111i \u0111\u1ea1i ti\u1ec7n<\/span><br \/>\n      \u2013 Hi\u1ec7u qu\u1ea3 probiotic th\u1ec3 hi\u1ec7n r\u00f5 r\u1ec7t\n    <\/li>\n<li>\n      <span class=\"highlight-underline\">Gi\u1ea3m t\u00e1o b\u00f3n v\u00e0 ti\u00eau ch\u1ea3y<\/span><br \/>\n      \u2013 Gi\u1ea3i quy\u1ebft c\u00e1c v\u1ea5n \u0111\u1ec1 b\u1eb1ng c\u00e1ch th\u00fac \u0111\u1ea9y nhu \u0111\u1ed9ng ru\u1ed9t v\u00e0 t\u0103ng c\u01b0\u1eddng vi khu\u1ea9n c\u00f3 l\u1ee3i\n    <\/li>\n<li>\n      <span class=\"highlight-underline\">C\u00f3 th\u1ec3 d\u00f9ng cho c\u1ea3 gia \u0111\u00ecnh<\/span><br \/>\n      \u2013 S\u1eed d\u1ee5ng l\u00e2u d\u00e0i an to\u00e0n nh\u1edd th\u00e0nh ph\u1ea7n t\u1ef1 nhi\u00ean\n    <\/li>\n<\/ul>\n<\/div>","protected":false},"featured_media":2433,"template":"","format":"standard","meta":{"_acf_changed":false},"product_brand":[],"product_cat":[105,108,111],"product_tag":[],"class_list":{"0":"post-2401","1":"product","2":"type-product","3":"status-publish","4":"format-standard","5":"has-post-thumbnail","7":"product_cat-105","8":"product_cat-108","9":"product_cat-111","11":"first","12":"instock","13":"featured","14":"shipping-taxable","15":"purchasable","16":"product-type-simple"},"acf":[],"_links":{"self":[{"href":"https:\/\/hcbiopharm.net\/vi\/wp-json\/wp\/v2\/product\/2401","targetHints":{"allow":["GET"]}}],"collection":[{"href":"https:\/\/hcbiopharm.net\/vi\/wp-json\/wp\/v2\/product"}],"about":[{"href":"https:\/\/hcbiopharm.net\/vi\/wp-json\/wp\/v2\/types\/product"}],"wp:featuredmedia":[{"embeddable":true,"href":"https:\/\/hcbiopharm.net\/vi\/wp-json\/wp\/v2\/media\/2433"}],"wp:attachment":[{"href":"https:\/\/hcbiopharm.net\/vi\/wp-json\/wp\/v2\/media?parent=2401"}],"wp:term":[{"taxonomy":"product_brand","embeddable":true,"href":"https:\/\/hcbiopharm.net\/vi\/wp-json\/wp\/v2\/product_brand?post=2401"},{"taxonomy":"product_cat","embeddable":true,"href":"https:\/\/hcbiopharm.net\/vi\/wp-json\/wp\/v2\/product_cat?post=2401"},{"taxonomy":"product_tag","embeddable":true,"href":"https:\/\/hcbiopharm.net\/vi\/wp-json\/wp\/v2\/product_tag?post=2401"}],"curies":[{"name":"wp","href":"https:\/\/api.w.org\/{rel}","templated":true}]}}