{"id":2400,"date":"2025-10-02T02:40:42","date_gmt":"2025-10-02T02:40:42","guid":{"rendered":"https:\/\/hcbiopharm.net\/?post_type=product&#038;p=2400"},"modified":"2025-10-12T17:52:29","modified_gmt":"2025-10-12T10:52:29","slug":"nephricare","status":"publish","type":"product","link":"https:\/\/hcbiopharm.net\/vi\/san-pham\/nephricare\/","title":{"rendered":"H\u1ed7 tr\u1ee3 gan, th\u1eadn"},"content":{"rendered":"<div class=\"product-container\">\n<h3>\ud83d\udca7 NEPHRICARE<\/h3>\n<ul>\n<li><span class=\"highlight-underline\">Th\u1ef1c ph\u1ea9m b\u1ed5 sung th\u1ea3o d\u01b0\u1ee3c cao c\u1ea5p gi\u00fap ph\u1ee5c h\u1ed3i ch\u1ee9c n\u0103ng th\u1eadn, gi\u1ea3m vi\u00eam v\u00e0 c\u1ea3i thi\u1ec7n t\u00ecnh tr\u1ea1ng ti\u1ec3u ti\u1ec7n<\/span><\/li>\n<li>M\u1ed9t gi\u1ea3i ph\u00e1p t\u00edch h\u1ee3p, t\u00f9y ch\u1ec9nh gi\u00fap ph\u1ee5c h\u1ed3i s\u1ee9c s\u1ed1ng cho th\u1eadn.<\/li>\n<\/ul>\n<h3>\u2705 \u0110\u01b0\u1ee3c khuy\u1ebfn ngh\u1ecb cho nh\u1eefng ng\u01b0\u1eddi n\u00e0y<\/h3>\n<ul>\n<li>Nh\u1eefng ng\u01b0\u1eddi g\u1eb7p kh\u00f3 kh\u0103n khi \u0111i ti\u1ec3u do suy th\u1eadn, vi\u00eam th\u1eadn, vi\u00eam b\u00e0ng quang, v.v.<\/li>\n<li>Nh\u1eefng ng\u01b0\u1eddi c\u00f3 n\u1ed3ng \u0111\u1ed9 creatinine cao, ph\u00f9 n\u1ec1 ho\u1eb7c c\u1ea3m gi\u00e1c n\u01b0\u1edbc ti\u1ec3u c\u00f2n s\u00f3t l\u1ea1i<\/li>\n<li>B\u1ec7nh nh\u00e2n c\u1ea7n b\u1ea3o v\u1ec7 th\u1eadn trong qu\u00e1 tr\u00ecnh \u0111i\u1ec1u tr\u1ecb ung th\u01b0<\/li>\n<li>Nh\u1eefng ng\u01b0\u1eddi b\u1ecb ph\u00f9 n\u1ec1 c\u01a1 th\u1ec3 dai d\u1eb3ng, m\u1ea5t c\u00e2n b\u1eb1ng n\u1ed9i ti\u1ebft t\u1ed1 v\u00e0 m\u1ec7t m\u1ecfi m\u00e3n t\u00ednh<\/li>\n<\/ul>\n<h3>\ud83c\udf3f Gi\u1edbi thi\u1ec7u s\u1ea3n ph\u1ea9m<\/h3>\n<ul>\n<li><strong>NEPHRICARE<\/strong>:<\/li>\n<li><span class=\"highlight-underline\">T\u1eadp trung v\u00e0o vi\u1ec7c T\u00e1i t\u1ea1o c\u1ea7u th\u1eadn, gi\u1ea3m vi\u00eam v\u00e0 c\u1ea3i thi\u1ec7n c\u00e1c tri\u1ec7u ch\u1ee9ng ti\u1ebft ni\u1ec7u<\/span>.<\/li>\n<li><strong>Th\u1ef1c ph\u1ea9m ch\u1ee9c n\u0103ng s\u1ee9c kh\u1ecfe t\u1eeb 100% th\u1ea3o d\u01b0\u1ee3c thi\u00ean nhi\u00ean<\/strong>cho th\u1ea5y \u0111\u01b0\u1ee3c hi\u1ec7u qu\u1ea3 r\u00f5 r\u1ec7t.<\/li>\n<li><span class=\"highlight-underline\">\u0110\u0103ng k\u00fd OTC c\u1ee7a FDA (80353-601-01)<\/span><\/li>\n<li><strong>Ti\u00eau chu\u1ea9n s\u1ea3n xu\u1ea5t cGMP<\/strong>. \u0110\u1ea3m b\u1ea3o c\u1ea3 ch\u1ea5t l\u01b0\u1ee3ng v\u00e0 an to\u00e0n<\/li>\n<\/ul>\n<h3>\ud83d\udc8a C\u00e1ch d\u00f9ng v\u00e0 li\u1ec1u d\u00f9ng<\/h3>\n<ul>\n<li><strong>L\u01b0\u1ee3ng ti\u00eau th\u1ee5 ban \u0111\u1ea7u:<\/strong> U\u1ed1ng 3 vi\u00ean nang v\u00e0o m\u1ed7i bu\u1ed5i s\u00e1ng v\u00e0 bu\u1ed5i t\u1ed1i khi b\u1ee5ng \u0111\u00f3i (t\u1ed5ng c\u1ed9ng 6 vi\u00ean nang\/ng\u00e0y)<\/li>\n<li><strong>Li\u1ec1u l\u01b0\u1ee3ng l\u1edbn nghi\u00eam tr\u1ecdng:<\/strong> U\u1ed1ng 3 vi\u00ean nang v\u00e0o m\u1ed7i bu\u1ed5i s\u00e1ng, bu\u1ed5i chi\u1ec1u v\u00e0 bu\u1ed5i t\u1ed1i khi b\u1ee5ng \u0111\u00f3i (t\u1ed5ng c\u1ed9ng 9 vi\u00ean nang\/ng\u00e0y)<\/li>\n<li><strong>L\u01b0\u1ee3ng ti\u00eau th\u1ee5 b\u1ea3o tr\u00ec:<\/strong> S\u1eed d\u1ee5ng kh\u00f4ng li\u00ean t\u1ee5c ho\u1eb7c \u0111i\u1ec1u ch\u1ec9nh l\u01b0\u1ee3ng d\u00f9ng sau khi tri\u1ec7u ch\u1ee9ng c\u1ea3i thi\u1ec7n<\/li>\n<li>1 l\u1ecd = 60 vi\u00ean nang \/ Th\u1eddi gian khuy\u1ebfn ngh\u1ecb: \u00edt nh\u1ea5t 3 th\u00e1ng<\/li>\n<li><strong>L\u01b0\u1ee3ng d\u00f9ng \u0111\u1ed3ng th\u1eddi:<\/strong> Khi s\u1eed d\u1ee5ng k\u1ebft h\u1ee3p v\u1edbi Cell Detox\/Immunies, h\u00e3y duy tr\u00ec u\u1ed1ng c\u00e1ch nhau \u00edt nh\u1ea5t 1 gi\u1edd.<\/li>\n<\/ul>\n<h3>\ud83d\udcaa T\u00f3m t\u1eaft c\u00e1c t\u00e1c d\u1ee5ng ch\u00ednh<\/h3>\n<table class=\"custom-table\">\n<thead>\n<tr>\n<th>\ud83d\udca1 Ho\u1ea1t \u0111\u1ed9ng<\/th>\n<th>Hi\u1ec7u qu\u1ea3<\/th>\n<\/tr>\n<\/thead>\n<tbody>\n<tr>\n<td><span class=\"highlight-underline\">T\u00e1i t\u1ea1o c\u1ea7u th\u1eadn v\u00e0 c\u1ea3i thi\u1ec7n ch\u1ee9c n\u0103ng th\u1eadn<\/span><\/td>\n<td>T\u0103ng b\u00e0i ti\u1ebft ch\u1ea5t th\u1ea3i, m\u1ee9c creatinine \u1ed5n \u0111\u1ecbnh<\/td>\n<\/tr>\n<tr>\n<td><span class=\"highlight-underline\">Ch\u1ed1ng vi\u00eam v\u00e0 ch\u1ed1ng ph\u00f9 n\u1ec1<\/span><\/td>\n<td>\u1ee8c ch\u1ebf vi\u00eam th\u1eadn \u2192 C\u1ea3i thi\u1ec7n t\u00ecnh tr\u1ea1ng s\u01b0ng t\u1ea5y quanh ch\u00e2n v\u00e0 m\u1eaft<\/td>\n<\/tr>\n<tr>\n<td><span class=\"highlight-underline\">\u0110i\u1ec1u h\u00f2a n\u1ed9i ti\u1ebft t\u1ed1 v\u00e0 mi\u1ec5n d\u1ecbch<\/span><\/td>\n<td>Ph\u1ee5c h\u1ed3i ch\u1ee9c n\u0103ng n\u1ed9i ti\u1ebft th\u1eadn \u2192 T\u0103ng c\u01b0\u1eddng mi\u1ec5n d\u1ecbch<\/td>\n<\/tr>\n<tr>\n<td><span class=\"highlight-underline\">C\u1ea3i thi\u1ec7n vi\u1ec7c \u0111i ti\u1ec3u<\/span><\/td>\n<td>Ti\u1ec3u ti\u1ec7n d\u1ec5 d\u00e0ng \u2192 Gi\u1ea3m c\u1ea3m gi\u00e1c ti\u1ec3u r\u1eaft, ti\u1ec3u nhi\u1ec1u l\u1ea7n, ti\u1ec3u \u0111\u00eam<\/td>\n<\/tr>\n<\/tbody>\n<\/table>\n<h3>\ud83c\udfc6 \u0110i\u1ec3m kh\u00e1c bi\u1ec7t c\u1ee7a Nephricare<\/h3>\n<ul>\n<li><strong>D\u1ef1a tr\u00ean 100% t\u1eeb Thu\u1ed1c th\u1ea3o d\u01b0\u1ee3c t\u1ef1 nhi\u00ean:<\/strong> C\u00f3 th\u1ec3 s\u1eed d\u1ee5ng l\u00e2u d\u00e0i m\u00e0 kh\u00f4ng lo t\u00e1c d\u1ee5ng ph\u1ee5<\/li>\n<li><strong>Hi\u1ec7u qu\u1ea3 l\u00e2m s\u00e0ng \u0111\u00e3 \u0111\u01b0\u1ee3c ch\u1ee9ng minh:<\/strong> Ph\u1ee5c h\u1ed3i c\u1ea7u th\u1eadn, gi\u1ea3m vi\u00eam v\u00e0 c\u1ea3i thi\u1ec7n n\u1ed3ng \u0111\u1ed9 creatinine<\/li>\n<li><strong>\u0110\u00e3 \u0111\u0103ng k\u00fd v\u1edbi FDA \u00b7 cGMP S\u1ea3n xu\u1ea5t:<\/strong> \u0110\u1ea3m b\u1ea3o ch\u1ea5t l\u01b0\u1ee3ng khoa h\u1ecdc<\/li>\n<li><strong>Ch\u0103m s\u00f3c t\u00edch h\u1ee3p cho th\u1eadn, b\u00e0ng quang, hormone v\u00e0 mi\u1ec5n d\u1ecbch<\/strong> .<\/li>\n<\/ul>\n<h3>\u26a0\ufe0f Vui l\u00f2ng ki\u1ec3m tra tr\u01b0\u1edbc khi s\u1eed d\u1ee5ng<\/h3>\n<ul>\n<li><strong>N\u00ean tham kh\u1ea3o \u00fd ki\u1ebfn chuy\u00ean gia:<\/strong> Nh\u1eefng ng\u01b0\u1eddi m\u1eafc b\u1ec7nh th\u1eadn n\u1eb7ng, b\u1ec7nh m\u00e3n t\u00ednh ho\u1eb7c d\u1ecb \u1ee9ng<\/li>\n<li><span style=\"color: #ff6600;\"><strong>Trong khi d\u00f9ng thu\u1ed1c T\u00e2y:<\/strong> U\u1ed1ng c\u00e1ch nhau \u00edt nh\u1ea5t 1 gi\u1edd<\/span><\/li>\n<\/ul>\n<\/div>","protected":false},"excerpt":{"rendered":"<div class=\"product-container\">\n<h3>\ud83d\udccc T\u00f3m t\u1eaft s\u1ea3n ph\u1ea9m<\/h3>\n<ul>\n<li><span class=\"highlight-underline\">Gi\u1ea3i ph\u00e1p ph\u1ee5c h\u1ed3i ch\u1ee9c n\u0103ng th\u1eadn cao c\u1ea5p<\/span><br \/>\n\u2013 T\u00e1i t\u1ea1o c\u1ea7u th\u1eadn, gi\u1ea3m vi\u00eam v\u00e0 c\u1ea3i thi\u1ec7n s\u01b0ng t\u1ea5y<\/li>\n<li><span class=\"highlight-underline\">\u2022 \u0110\u01b0\u1ee3c FDA OTC \u0111\u0103ng k\u00fd (80353-601-01) v\u00e0 s\u1ea3n xu\u1ea5t theo cGMP<\/span><br \/>\n\u2013 \u0110\u1ea3m b\u1ea3o an to\u00e0n khoa h\u1ecdc theo ti\u00eau chu\u1ea9n Hoa K\u1ef3<\/li>\n<li><span class=\"highlight-underline\">S\u1ef1 k\u1ebft h\u1ee3p ph\u1ee9c t\u1ea1p c\u1ee7a 09 lo\u1ea1i thu\u1ed1c th\u1ea3o d\u01b0\u1ee3c t\u1ef1 nhi\u00ean<\/span><br \/>\n\u2013 S\u1ef1 k\u1ebft h\u1ee3p ch\u1ed1ng vi\u00eam v\u00e0 ch\u1ed1ng oxy h\u00f3a c\u1ee7a b\u1ed3 c\u00f4ng anh, nh\u00e2n s\u00e2m v\u00e0 b\u1ed3 c\u00f4ng anh<\/li>\n<li><span class=\"highlight-underline\">Ch\u0103m s\u00f3c th\u1eadn + n\u1ed9i ti\u1ebft + mi\u1ec5n d\u1ecbch t\u00edch h\u1ee3p<\/span><br \/>\n\u2013 C\u1ea3i thi\u1ec7n t\u00ecnh tr\u1ea1ng t\u1ed5ng th\u1ec3 b\u1eb1ng c\u00e1ch ph\u1ee5c h\u1ed3i ch\u1ee9c n\u0103ng n\u1ed9i ti\u1ebft<\/li>\n<li><span class=\"highlight-underline\">C\u00f3 th\u1ec3 s\u1eed d\u1ee5ng k\u1ebft h\u1ee3p v\u1edbi Cell Detox v\u00e0 Immunis<\/span><br \/>\n\u2013 Ph\u1ed1i h\u1ee3p gi\u1ea3i \u0111\u1ed9c v\u00e0 t\u0103ng c\u01b0\u1eddng h\u1ec7 mi\u1ec5n d\u1ecbch<\/li>\n<\/ul>\n<\/div>","protected":false},"featured_media":2432,"template":"","format":"standard","meta":{"_acf_changed":false},"product_brand":[],"product_cat":[107,110],"product_tag":[],"class_list":{"0":"post-2400","1":"product","2":"type-product","3":"status-publish","4":"format-standard","5":"has-post-thumbnail","7":"product_cat-107","8":"product_cat-110","10":"first","11":"instock","12":"featured","13":"shipping-taxable","14":"purchasable","15":"product-type-simple"},"acf":[],"_links":{"self":[{"href":"https:\/\/hcbiopharm.net\/vi\/wp-json\/wp\/v2\/product\/2400","targetHints":{"allow":["GET"]}}],"collection":[{"href":"https:\/\/hcbiopharm.net\/vi\/wp-json\/wp\/v2\/product"}],"about":[{"href":"https:\/\/hcbiopharm.net\/vi\/wp-json\/wp\/v2\/types\/product"}],"wp:featuredmedia":[{"embeddable":true,"href":"https:\/\/hcbiopharm.net\/vi\/wp-json\/wp\/v2\/media\/2432"}],"wp:attachment":[{"href":"https:\/\/hcbiopharm.net\/vi\/wp-json\/wp\/v2\/media?parent=2400"}],"wp:term":[{"taxonomy":"product_brand","embeddable":true,"href":"https:\/\/hcbiopharm.net\/vi\/wp-json\/wp\/v2\/product_brand?post=2400"},{"taxonomy":"product_cat","embeddable":true,"href":"https:\/\/hcbiopharm.net\/vi\/wp-json\/wp\/v2\/product_cat?post=2400"},{"taxonomy":"product_tag","embeddable":true,"href":"https:\/\/hcbiopharm.net\/vi\/wp-json\/wp\/v2\/product_tag?post=2400"}],"curies":[{"name":"wp","href":"https:\/\/api.w.org\/{rel}","templated":true}]}}